{"id":30785,"date":"2023-11-01T12:37:13","date_gmt":"2023-11-01T12:37:13","guid":{"rendered":"http:\/\/shushufindi.gob.ec\/sitio\/?page_id=30785"},"modified":"2025-05-30T14:52:08","modified_gmt":"2025-05-30T14:52:08","slug":"concejo-municipal","status":"publish","type":"page","link":"https:\/\/shushufindi.gob.ec\/sitio\/concejo-municipal\/","title":{"rendered":"CONCEJO MUNICIPAL"},"content":{"rendered":"<div class=\"wpb-content-wrapper\">[vc_row css=\u00bb.vc_custom_1698842312323{margin-top: 20px !important;}\u00bb woodmart_css_id=\u00bb654246a38c071&#8243; responsive_spacing=\u00bbeyJwYXJhbV90eXBlIjoid29vZG1hcnRfcmVzcG9uc2l2ZV9zcGFjaW5nIiwic2VsZWN0b3JfaWQiOiI2NTQyNDZhMzhjMDcxIiwic2hvcnRjb2RlIjoidmNfcm93IiwiZGF0YSI6eyJ0YWJsZXQiOnt9LCJtb2JpbGUiOnt9fX0=\u00bb mobile_bg_img_hidden=\u00bbno\u00bb tablet_bg_img_hidden=\u00bbno\u00bb woodmart_parallax=\u00bb0&#8243; woodmart_gradient_switch=\u00bbno\u00bb woodmart_box_shadow=\u00bbno\u00bb wd_z_index=\u00bbno\u00bb woodmart_disable_overflow=\u00bb0&#8243; row_reverse_mobile=\u00bb0&#8243; row_reverse_tablet=\u00bb0&#8243;][vc_column width=\u00bb1\/3&#8243;][\/vc_column][vc_column width=\u00bb1\/3&#8243;][vc_single_image image=\u00bb30786&#8243; img_size=\u00bbfull\u00bb alignment=\u00bbcenter\u00bb style=\u00bbvc_box_outline\u00bb onclick=\u00bblink_image\u00bb css_animation=\u00bbfadeIn\u00bb parallax_scroll=\u00bbno\u00bb woodmart_inline=\u00bbno\u00bb][\/vc_column][vc_column width=\u00bb1\/3&#8243;][\/vc_column][\/vc_row][vc_row css=\u00bb.vc_custom_1698842323641{margin-top: 40px !important;}\u00bb woodmart_css_id=\u00bb654246cb2eed9&#8243; responsive_spacing=\u00bbeyJwYXJhbV90eXBlIjoid29vZG1hcnRfcmVzcG9uc2l2ZV9zcGFjaW5nIiwic2VsZWN0b3JfaWQiOiI2NTQyNDZjYjJlZWQ5Iiwic2hvcnRjb2RlIjoidmNfcm93IiwiZGF0YSI6eyJ0YWJsZXQiOnt9LCJtb2JpbGUiOnt9fX0=\u00bb mobile_bg_img_hidden=\u00bbno\u00bb tablet_bg_img_hidden=\u00bbno\u00bb woodmart_parallax=\u00bb0&#8243; woodmart_gradient_switch=\u00bbno\u00bb woodmart_box_shadow=\u00bbno\u00bb wd_z_index=\u00bbno\u00bb woodmart_disable_overflow=\u00bb0&#8243; row_reverse_mobile=\u00bb0&#8243; row_reverse_tablet=\u00bb0&#8243;][vc_column width=\u00bb1\/3&#8243;][vc_single_image image=\u00bb30788&#8243; img_size=\u00bbfull\u00bb alignment=\u00bbcenter\u00bb style=\u00bbvc_box_outline\u00bb onclick=\u00bblink_image\u00bb css_animation=\u00bbfadeIn\u00bb parallax_scroll=\u00bbno\u00bb woodmart_inline=\u00bbno\u00bb][vc_tta_accordion][vc_tta_section title=\u00bbDatos de Nacimiento\u00bb tab_id=\u00bb1748457715918-85f643b7-2816&#8243;]\t\t\t<link rel=\"stylesheet\" id=\"wd-text-block-css\" href=\"https:\/\/shushufindi.gob.ec\/sitio\/wp-content\/themes\/woodmart\/css\/parts\/el-text-block.min.css?ver=7.3.2\" type=\"text\/css\" media=\"all\" \/> \t\t\t\t\t<div id=\"wd-6838e119af670\" class=\"wd-text-block wd-wpb reset-last-child wd-rs-6838e119af670 text-left \">\n\t\t\t<p class=\"p1\">Nace el 23 de abril de 1980 en la provincia de Manab\u00ed, cant\u00f3n Portoviejo, parroquia San Pl\u00e1cida.<\/p>\n\t\t<\/div>\n\t\t[\/vc_tta_section][vc_tta_section title=\u00bbEstudios Primarios\u00bb tab_id=\u00bb1748457715918-e0a7edd4-f95f\u00bb]\t\t<div id=\"wd-6838e0e91de54\" class=\"wd-text-block wd-wpb reset-last-child wd-rs-6838e0e91de54 text-left \">\n\t\t\t<p>Ciudad de Portoviejo.<\/p>\n\t\t<\/div>\n\t\t[\/vc_tta_section][vc_tta_section title=\u00bbEstudios Secundarios\u00bb tab_id=\u00bb1748458064067-81a62f64-129a\u00bb]\t\t<div id=\"wd-6838e0dab0f7d\" class=\"wd-text-block wd-wpb reset-last-child wd-rs-6838e0dab0f7d text-left \">\n\t\t\t<p class=\"p1\">Colegio Juan Montalvo<\/p>\n\t\t<\/div>\n\t\t[\/vc_tta_section][vc_tta_section title=\u00bbCargos Desempe\u00f1ados\u00bb tab_id=\u00bb1748458082574-44660a97-37bb\u00bb]\t\t<div id=\"wd-6838e0abe4342\" class=\"wd-text-block wd-wpb reset-last-child wd-rs-6838e0abe4342 text-left \">\n\t\t\t<ul class=\"ul1\">\n<li class=\"li1\">Teniente Pol\u00edtico.<\/li>\n<li class=\"li1\">Presidente del GAD Siete de Julio, dos per\u00edodos: 2009-2014 y 2019-2023.<\/li>\n<li class=\"li1\">Concejal Rural.<\/li>\n<\/ul>\n<p>&nbsp;<\/p>\n\t\t<\/div>\n\t\t[\/vc_tta_section][vc_tta_section title=\u00bbLogros Alcanzados\u00bb tab_id=\u00bb1748458070184-ac50cde8-73bb\u00bb]\t\t<div id=\"wd-6838e09e7e650\" class=\"wd-text-block wd-wpb reset-last-child wd-rs-6838e09e7e650 text-left \">\n\t\t\t<ul class=\"ul1\">\n<li class=\"li1\">Proyecto agroproductivo, proyecto de alcantarillado, canchas cubiertas, escenario, trabajo social y deportivo.<\/li>\n<li class=\"li1\">Vicealcalde de Shushufindi en el per\u00edodo 2023-2027.<\/li>\n<\/ul>\n<p>&nbsp;<\/p>\n\t\t<\/div>\n\t\t[\/vc_tta_section][\/vc_tta_accordion][\/vc_column][vc_column width=\u00bb1\/3&#8243;][vc_single_image image=\u00bb30789&#8243; img_size=\u00bbfull\u00bb alignment=\u00bbcenter\u00bb style=\u00bbvc_box_outline\u00bb onclick=\u00bbimg_link_large\u00bb css_animation=\u00bbfadeIn\u00bb parallax_scroll=\u00bbno\u00bb woodmart_inline=\u00bbno\u00bb el_id=\u00bb#mybutton\u00bb][vc_tta_accordion][vc_tta_section title=\u00bbDatos de Nacimiento\u00bb tab_id=\u00bb1748457715918-85f643b7-2816&#8243;]\t\t<div id=\"wd-6838d8f31ba5a\" class=\"wd-text-block wd-wpb reset-last-child wd-rs-6838d8f31ba5a text-left \">\n\t\t\t<p class=\"p1\">Nace el 5 de junio de 1975 en la provincia de Loja, cant\u00f3n Macar\u00e1.<\/p>\n\t\t<\/div>\n\t\t[\/vc_tta_section][vc_tta_section title=\u00bbEstudios Primarios\u00bb tab_id=\u00bb1748457715918-e0a7edd4-f95f\u00bb]\t\t<div id=\"wd-6838d91f3a36e\" class=\"wd-text-block wd-wpb reset-last-child wd-rs-6838d91f3a36e text-left \">\n\t\t\t<p class=\"p1\">Escuela Francisco Javier Pe\u00f1arreta.<\/p>\n\t\t<\/div>\n\t\t[\/vc_tta_section][vc_tta_section title=\u00bbEstudios Secundarios\u00bb tab_id=\u00bb1748458064067-81a62f64-129a\u00bb]\t\t<div id=\"wd-6839c5a0c5c7a\" class=\"wd-text-block wd-wpb reset-last-child wd-rs-6839c5a0c5c7a text-left \">\n\t\t\t<p class=\"p1\">Colegio Nacional T\u00e9cnico Shushufindi.<\/p>\n<p>&nbsp;<\/p>\n\t\t<\/div>\n\t\t[\/vc_tta_section][vc_tta_section title=\u00bbEstudios Superiores\u00bb tab_id=\u00bb1748458076388-b937526a-fe23&#8243;]\t\t<div id=\"wd-6838d95d9724d\" class=\"wd-text-block wd-wpb reset-last-child wd-rs-6838d95d9724d text-left \">\n\t\t\t<ul class=\"ul1\">\n<li class=\"li1\">Universidad de Loja &#8211; Derecho.<\/li>\n<li class=\"li1\">Instituto Tecnol\u00f3gico Superior Sim\u00f3n Bol\u00edvar &#8211; Tecn\u00f3logo en An\u00e1lisis de Sistemas.<\/li>\n<\/ul>\n\t\t<\/div>\n\t\t[\/vc_tta_section][vc_tta_section title=\u00bbCargos Desempe\u00f1ados\u00bb tab_id=\u00bb1748458082574-44660a97-37bb\u00bb]\t\t<div id=\"wd-6838d9bdab9fb\" class=\"wd-text-block wd-wpb reset-last-child wd-rs-6838d9bdab9fb text-left \">\n\t\t\t<ul class=\"ul1\">\n<li class=\"li1\">T\u00e9cnico en Petroecuador.<\/li>\n<li class=\"li1\">Abogado en libre ejercicio.<\/li>\n<\/ul>\n<p>&nbsp;<\/p>\n\t\t<\/div>\n\t\t[\/vc_tta_section][vc_tta_section title=\u00bbLogros Alcanzados\u00bb tab_id=\u00bb1748458070184-ac50cde8-73bb\u00bb]\t\t<div id=\"wd-6838d9ddde755\" class=\"wd-text-block wd-wpb reset-last-child wd-rs-6838d9ddde755 text-left \">\n\t\t\t<p>Concejal urbano en el periodo 2023-2027<\/p>\n<p>&nbsp;<\/p>\n\t\t<\/div>\n\t\t[\/vc_tta_section][\/vc_tta_accordion][\/vc_column][vc_column width=\u00bb1\/3&#8243;][vc_single_image image=\u00bb30791&#8243; img_size=\u00bbfull\u00bb alignment=\u00bbcenter\u00bb style=\u00bbvc_box_outline\u00bb onclick=\u00bblink_image\u00bb css_animation=\u00bbfadeIn\u00bb parallax_scroll=\u00bbno\u00bb woodmart_inline=\u00bbno\u00bb][vc_tta_accordion][vc_tta_section title=\u00bbDatos de Nacimiento\u00bb tab_id=\u00bb1748457715918-85f643b7-2816&#8243;]\t\t<div id=\"wd-683784ed8c03c\" class=\"wd-text-block wd-wpb reset-last-child wd-rs-683784ed8c03c text-left \">\n\t\t\t<p class=\"p1\">Naci\u00f3 el 1 de agosto de 1981 en la provincia de Los R\u00edos, cant\u00f3n Ventanas.<\/p>\n\t\t<\/div>\n\t\t[\/vc_tta_section][vc_tta_section title=\u00bbEstudios Primarios\u00bb tab_id=\u00bb1748457715918-e0a7edd4-f95f\u00bb]\t\t<div id=\"wd-6837850491aeb\" class=\"wd-text-block wd-wpb reset-last-child wd-rs-6837850491aeb text-left \">\n\t\t\t<p class=\"p1\">Escuela Fiscal Mixta \u00abSiete de Agosto\u00bb.<\/p>\n\t\t<\/div>\n\t\t[\/vc_tta_section][vc_tta_section title=\u00bbEstudios Secundarios\u00bb tab_id=\u00bb1748458064067-81a62f64-129a\u00bb]\t\t<div id=\"wd-68378539c1ab2\" class=\"wd-text-block wd-wpb reset-last-child wd-rs-68378539c1ab2 text-left \">\n\t\t\t<ul class=\"ul1\">\n<li class=\"li1\">Colegio Nacional T\u00e9cnico Shushufindi &#8211; Ciencias Inform\u00e1ticas.<\/li>\n<li class=\"li1\">Bachiller en la primera promoci\u00f3n de Inform\u00e1tica del Colegio T\u00e9cnico Shushufindi.<\/li>\n<\/ul>\n\t\t<\/div>\n\t\t[\/vc_tta_section][vc_tta_section title=\u00bbEstudios Superiores\u00bb tab_id=\u00bb1748458076388-b937526a-fe23&#8243;]\t\t<div id=\"wd-683786778e638\" class=\"wd-text-block wd-wpb reset-last-child wd-rs-683786778e638 text-left \">\n\t\t\t<p class=\"p1\">Ingeniero en Sistemas Computacionales (Universidad de Guayaquil).<\/p>\n\t\t<\/div>\n\t\t[\/vc_tta_section][vc_tta_section title=\u00bbCargos Desempe\u00f1ados\u00bb tab_id=\u00bb1748458082574-44660a97-37bb\u00bb]\t\t<div id=\"wd-6837861c2a5f1\" class=\"wd-text-block wd-wpb reset-last-child wd-rs-6837861c2a5f1 text-left \">\n\t\t\t<p class=\"p1\">\u2022 Servidor p\u00fablico desde el a\u00f1o 2006 &#8211; T\u00e9cnico de Sistemas del Gobierno Aut\u00f3nomo Descentralizado Municipal de Shushufindi.<\/p>\n<p class=\"p1\">\u2022 Presidente de la Asociaci\u00f3n de Empleados del Municipio de Shushufindi, per\u00edodos 2014-2016 y 2017-2018.<\/p>\n<p class=\"p1\">\u2022 Ganadero &#8211; Piscicultor (actividades complementarias).<\/p>\n\t\t<\/div>\n\t\t[\/vc_tta_section][vc_tta_section title=\u00bbLogros Alcanzados\u00bb tab_id=\u00bb1748458070184-ac50cde8-73bb\u00bb]\t\t<div id=\"wd-6837865ebcf69\" class=\"wd-text-block wd-wpb reset-last-child wd-rs-6837865ebcf69 text-left \">\n\t\t\t<p class=\"p1\">Concejal urbano en los per\u00edodos 2019-2023 y 2023-2027.<\/p>\n\t\t<\/div>\n\t\t[\/vc_tta_section][\/vc_tta_accordion][\/vc_column][\/vc_row][vc_row css=\u00bb.vc_custom_1698842332554{margin-top: 40px !important;}\u00bb woodmart_css_id=\u00bb654246d7458de\u00bb responsive_spacing=\u00bbeyJwYXJhbV90eXBlIjoid29vZG1hcnRfcmVzcG9uc2l2ZV9zcGFjaW5nIiwic2VsZWN0b3JfaWQiOiI2NTQyNDZkNzQ1OGRlIiwic2hvcnRjb2RlIjoidmNfcm93IiwiZGF0YSI6eyJ0YWJsZXQiOnt9LCJtb2JpbGUiOnt9fX0=\u00bb mobile_bg_img_hidden=\u00bbno\u00bb tablet_bg_img_hidden=\u00bbno\u00bb woodmart_parallax=\u00bb0&#8243; woodmart_gradient_switch=\u00bbno\u00bb woodmart_box_shadow=\u00bbno\u00bb wd_z_index=\u00bbno\u00bb woodmart_disable_overflow=\u00bb0&#8243; row_reverse_mobile=\u00bb0&#8243; row_reverse_tablet=\u00bb0&#8243;][vc_column width=\u00bb1\/3&#8243;][vc_single_image image=\u00bb30790&#8243; img_size=\u00bbfull\u00bb alignment=\u00bbcenter\u00bb style=\u00bbvc_box_outline\u00bb onclick=\u00bblink_image\u00bb css_animation=\u00bbfadeIn\u00bb parallax_scroll=\u00bbno\u00bb woodmart_inline=\u00bbno\u00bb][vc_tta_accordion][vc_tta_section title=\u00bbDatos de Nacimiento\u00bb tab_id=\u00bb1748457715918-85f643b7-2816&#8243;]\t\t<div id=\"wd-6838da06cf7e0\" class=\"wd-text-block wd-wpb reset-last-child wd-rs-6838da06cf7e0 text-left \">\n\t\t\t<p class=\"p1\">Nace el 21 de octubre de 1988 en la provincia de Sucumb\u00edos, cant\u00f3n Shushufindi.<\/p>\n\t\t<\/div>\n\t\t[\/vc_tta_section][vc_tta_section title=\u00bbEstudios Primarios\u00bb tab_id=\u00bb1748457715918-e0a7edd4-f95f\u00bb]\t\t<div id=\"wd-6838da21ccd4e\" class=\"wd-text-block wd-wpb reset-last-child wd-rs-6838da21ccd4e text-left \">\n\t\t\t<p class=\"p1\">Unidad Educativa 12 de Octubre.<\/p>\n\t\t<\/div>\n\t\t[\/vc_tta_section][vc_tta_section title=\u00bbEstudios Secundarios\u00bb tab_id=\u00bb1748458064067-81a62f64-129a\u00bb]\t\t<div id=\"wd-6838da2fddc68\" class=\"wd-text-block wd-wpb reset-last-child wd-rs-6838da2fddc68 text-left \">\n\t\t\t<p class=\"p1\">Colegio T\u00e9cnico Bolivariano.<\/p>\n\t\t<\/div>\n\t\t[\/vc_tta_section][vc_tta_section title=\u00bbEstudios Superiores\u00bb tab_id=\u00bb1748458076388-b937526a-fe23&#8243;]\t\t<div id=\"wd-6838da6135a85\" class=\"wd-text-block wd-wpb reset-last-child wd-rs-6838da6135a85 text-left \">\n\t\t\t<ul class=\"ul1\">\n<li class=\"li1\">Economista &#8211; Universidad Central del Ecuador.<\/li>\n<li class=\"li1\">Mag\u00edster en Gesti\u00f3n P\u00fablica &#8211; Instituto de Altos Estudios Nacionales.<\/li>\n<\/ul>\n\t\t<\/div>\n\t\t[\/vc_tta_section][vc_tta_section title=\u00bbCargos Desempe\u00f1ados\u00bb tab_id=\u00bb1748458082574-44660a97-37bb\u00bb]\t\t<div id=\"wd-6838daa5c4fdc\" class=\"wd-text-block wd-wpb reset-last-child wd-rs-6838daa5c4fdc text-left \">\n\t\t\t<p class=\"p1\">\u2022 Analista de Talento Humano &#8211; GAD Municipal del Cant\u00f3n Shushufindi.<\/p>\n<p>&nbsp;<\/p>\n\t\t<\/div>\n\t\t[\/vc_tta_section][vc_tta_section title=\u00bbLogros Alcanzados\u00bb tab_id=\u00bb1748458070184-ac50cde8-73bb\u00bb]\t\t<div id=\"wd-6838dad4e00a2\" class=\"wd-text-block wd-wpb reset-last-child wd-rs-6838dad4e00a2 text-left \">\n\t\t\t<p class=\"p1\">\u2022 Autora del art\u00edculo cient\u00edfico: \u00abOportunidades de Gobierno Abierto en la Aprobaci\u00f3n y Aplicaci\u00f3n de Ordenanzas Municipales de Car\u00e1cter Tributario en el Gobierno Aut\u00f3nomo Descentralizado Municipal del Cant\u00f3n Shushufindi\u00bb.<\/p>\n<p>\u2022 Delegada de las Naciones Unidas en el proceso electoral 2021.<\/p>\n<p>\u2022 Concejala urbana en el per\u00edodo 2023-2027.<\/p>\n\t\t<\/div>\n\t\t[\/vc_tta_section][\/vc_tta_accordion][\/vc_column][vc_column width=\u00bb1\/3&#8243;][vc_single_image image=\u00bb30787&#8243; img_size=\u00bbfull\u00bb alignment=\u00bbcenter\u00bb style=\u00bbvc_box_outline\u00bb onclick=\u00bblink_image\u00bb css_animation=\u00bbfadeIn\u00bb parallax_scroll=\u00bbno\u00bb woodmart_inline=\u00bbno\u00bb][vc_tta_accordion][vc_tta_section title=\u00bbDatos de Nacimiento\u00bb tab_id=\u00bb1748457715918-85f643b7-2816&#8243;]\t\t<div id=\"wd-6838dfc265b9a\" class=\"wd-text-block wd-wpb reset-last-child wd-rs-6838dfc265b9a text-left \">\n\t\t\t<p class=\"p1\">Nace el 4 de julio de 1975 en la provincia Bol\u00edvar, cant\u00f3n Chimbo, parroquia Magdalena.<\/p>\n\t\t<\/div>\n\t\t[\/vc_tta_section][vc_tta_section title=\u00bbEstudios Primarios\u00bb tab_id=\u00bb1748457715918-e0a7edd4-f95f\u00bb]\t\t<div id=\"wd-6838dfe623317\" class=\"wd-text-block wd-wpb reset-last-child wd-rs-6838dfe623317 text-left \">\n\t\t\t<p class=\"p1\">Escuela Fiscal Mixta Primero de Mayo.<\/p>\n\t\t<\/div>\n\t\t[\/vc_tta_section][vc_tta_section title=\u00bbEstudios Secundarios\u00bb tab_id=\u00bb1748458064067-81a62f64-129a\u00bb]\t\t<div id=\"wd-68375b09d4703\" class=\"wd-text-block wd-wpb reset-last-child wd-rs-68375b09d4703 text-left \">\n\t\t\t<p class=\"p1\">Colegio Juan Jim\u00e9nez<\/p>\n\t\t<\/div>\n\t\t[\/vc_tta_section][vc_tta_section title=\u00bbEstudios Superiores\u00bb tab_id=\u00bb1748458076388-b937526a-fe23&#8243;]\t\t<div id=\"wd-68375b18a62b8\" class=\"wd-text-block wd-wpb reset-last-child wd-rs-68375b18a62b8 text-left \">\n\t\t\t<p class=\"p1\">Universidad Tecnol\u00f3gica Indoam\u00e9rica (de Ambato)<\/p>\n\t\t<\/div>\n\t\t[\/vc_tta_section][vc_tta_section title=\u00bbCargos Desempe\u00f1ados\u00bb tab_id=\u00bb1748458082574-44660a97-37bb\u00bb]\t\t<div id=\"wd-6839c5ebccacd\" class=\"wd-text-block wd-wpb reset-last-child wd-rs-6839c5ebccacd text-left \">\n\t\t\t<p class=\"p1\">\u2022 Gestor y delimitador PGS de s\u00edsmica, como El\u00e9ctrico B (Empresa Santos CMI).<\/p>\n\t\t<\/div>\n\t\t[\/vc_tta_section][vc_tta_section title=\u00bbLogros Alcanzados\u00bb tab_id=\u00bb1748458070184-ac50cde8-73bb\u00bb]\t\t<div id=\"wd-6839c608b320b\" class=\"wd-text-block wd-wpb reset-last-child wd-rs-6839c608b320b text-left \">\n\t\t\t<ul class=\"ul1\">\n<li class=\"li1\">Vicepresidente del Gobierno Parroquial Siete de Julio.<\/li>\n<li class=\"li1\">Concejal rural dos per\u00edodos (2019-2023 y 2023-2027).<\/li>\n<\/ul>\n\t\t<\/div>\n\t\t[\/vc_tta_section][\/vc_tta_accordion][\/vc_column][vc_column width=\u00bb1\/3&#8243;][\/vc_column][\/vc_row]\n<\/div>","protected":false},"excerpt":{"rendered":"<p>[vc_row css=\u00bb.vc_custom_1698842312323{margin-top: 20px !important;}\u00bb woodmart_css_id=\u00bb654246a38c071&#8243; responsive_spacing=\u00bbeyJwYXJhbV90eXBlIjoid29vZG1hcnRfcmVzcG9uc2l2ZV9zcGFjaW5nIiwic2VsZWN0b3JfaWQiOiI2NTQyNDZhMzhjMDcxIiwic2hvcnRjb2RlIjoidmNfcm93IiwiZGF0YSI6eyJ0YWJsZXQiOnt9LCJtb2JpbGUiOnt9fX0=\u00bb mobile_bg_img_hidden=\u00bbno\u00bb tablet_bg_img_hidden=\u00bbno\u00bb woodmart_parallax=\u00bb0&#8243; woodmart_gradient_switch=\u00bbno\u00bb woodmart_box_shadow=\u00bbno\u00bb wd_z_index=\u00bbno\u00bb woodmart_disable_overflow=\u00bb0&#8243; row_reverse_mobile=\u00bb0&#8243; row_reverse_tablet=\u00bb0&#8243;][vc_column width=\u00bb1\/3&#8243;][\/vc_column][vc_column width=\u00bb1\/3&#8243;][vc_single_image image=\u00bb30786&#8243; img_size=\u00bbfull\u00bb alignment=\u00bbcenter\u00bb<\/p>\n","protected":false},"author":1,"featured_media":0,"parent":0,"menu_order":0,"comment_status":"closed","ping_status":"closed","template":"","meta":{"_monsterinsights_skip_tracking":false,"_monsterinsights_sitenote_active":false,"_monsterinsights_sitenote_note":"","_monsterinsights_sitenote_category":0,"_joinchat":[],"footnotes":""},"class_list":["post-30785","page","type-page","status-publish","hentry"],"yoast_head":"<!-- This site is optimized with the Yoast SEO plugin v25.8 - https:\/\/yoast.com\/wordpress\/plugins\/seo\/ -->\n<title>CONCEJO MUNICIPAL - Municipio del Cant\u00f3n Shushufindi<\/title>\n<meta name=\"robots\" content=\"index, follow, max-snippet:-1, max-image-preview:large, max-video-preview:-1\" \/>\n<link rel=\"canonical\" href=\"https:\/\/shushufindi.gob.ec\/sitio\/concejo-municipal\/\" \/>\n<meta property=\"og:locale\" content=\"es_ES\" \/>\n<meta property=\"og:type\" content=\"article\" \/>\n<meta property=\"og:title\" content=\"CONCEJO MUNICIPAL - Municipio del Cant\u00f3n Shushufindi\" \/>\n<meta property=\"og:description\" content=\"[vc_row css=\u00bb.vc_custom_1698842312323{margin-top: 20px !important;}\u00bb woodmart_css_id=\u00bb654246a38c071&#8243; responsive_spacing=\u00bbeyJwYXJhbV90eXBlIjoid29vZG1hcnRfcmVzcG9uc2l2ZV9zcGFjaW5nIiwic2VsZWN0b3JfaWQiOiI2NTQyNDZhMzhjMDcxIiwic2hvcnRjb2RlIjoidmNfcm93IiwiZGF0YSI6eyJ0YWJsZXQiOnt9LCJtb2JpbGUiOnt9fX0=\u00bb mobile_bg_img_hidden=\u00bbno\u00bb tablet_bg_img_hidden=\u00bbno\u00bb woodmart_parallax=\u00bb0&#8243; woodmart_gradient_switch=\u00bbno\u00bb woodmart_box_shadow=\u00bbno\u00bb wd_z_index=\u00bbno\u00bb woodmart_disable_overflow=\u00bb0&#8243; row_reverse_mobile=\u00bb0&#8243; row_reverse_tablet=\u00bb0&#8243;][vc_column width=\u00bb1\/3&#8243;][\/vc_column][vc_column width=\u00bb1\/3&#8243;][vc_single_image image=\u00bb30786&#8243; img_size=\u00bbfull\u00bb alignment=\u00bbcenter\u00bb\" \/>\n<meta property=\"og:url\" content=\"https:\/\/shushufindi.gob.ec\/sitio\/concejo-municipal\/\" \/>\n<meta property=\"og:site_name\" content=\"Municipio del Cant\u00f3n Shushufindi\" \/>\n<meta property=\"article:modified_time\" content=\"2025-05-30T14:52:08+00:00\" \/>\n<meta name=\"twitter:card\" content=\"summary_large_image\" \/>\n<meta name=\"twitter:label1\" content=\"Tiempo de lectura\" \/>\n\t<meta name=\"twitter:data1\" content=\"15 minutos\" \/>\n<script type=\"application\/ld+json\" class=\"yoast-schema-graph\">{\"@context\":\"https:\/\/schema.org\",\"@graph\":[{\"@type\":\"WebPage\",\"@id\":\"https:\/\/shushufindi.gob.ec\/sitio\/concejo-municipal\/\",\"url\":\"https:\/\/shushufindi.gob.ec\/sitio\/concejo-municipal\/\",\"name\":\"CONCEJO MUNICIPAL - Municipio del Cant\u00f3n Shushufindi\",\"isPartOf\":{\"@id\":\"https:\/\/shushufindi.gob.ec\/sitio\/#website\"},\"datePublished\":\"2023-11-01T12:37:13+00:00\",\"dateModified\":\"2025-05-30T14:52:08+00:00\",\"breadcrumb\":{\"@id\":\"https:\/\/shushufindi.gob.ec\/sitio\/concejo-municipal\/#breadcrumb\"},\"inLanguage\":\"es\",\"potentialAction\":[{\"@type\":\"ReadAction\",\"target\":[\"https:\/\/shushufindi.gob.ec\/sitio\/concejo-municipal\/\"]}]},{\"@type\":\"BreadcrumbList\",\"@id\":\"https:\/\/shushufindi.gob.ec\/sitio\/concejo-municipal\/#breadcrumb\",\"itemListElement\":[{\"@type\":\"ListItem\",\"position\":1,\"name\":\"Portada\",\"item\":\"https:\/\/shushufindi.gob.ec\/sitio\/\"},{\"@type\":\"ListItem\",\"position\":2,\"name\":\"CONCEJO MUNICIPAL\"}]},{\"@type\":\"WebSite\",\"@id\":\"https:\/\/shushufindi.gob.ec\/sitio\/#website\",\"url\":\"https:\/\/shushufindi.gob.ec\/sitio\/\",\"name\":\"Municipio del Cant\u00f3n Shushufindi\",\"description\":\"GAD Municipal\",\"publisher\":{\"@id\":\"https:\/\/shushufindi.gob.ec\/sitio\/#organization\"},\"potentialAction\":[{\"@type\":\"SearchAction\",\"target\":{\"@type\":\"EntryPoint\",\"urlTemplate\":\"https:\/\/shushufindi.gob.ec\/sitio\/?s={search_term_string}\"},\"query-input\":{\"@type\":\"PropertyValueSpecification\",\"valueRequired\":true,\"valueName\":\"search_term_string\"}}],\"inLanguage\":\"es\"},{\"@type\":\"Organization\",\"@id\":\"https:\/\/shushufindi.gob.ec\/sitio\/#organization\",\"name\":\"Municipio del Cant\u00f3n Shushufindi\",\"url\":\"https:\/\/shushufindi.gob.ec\/sitio\/\",\"logo\":{\"@type\":\"ImageObject\",\"inLanguage\":\"es\",\"@id\":\"https:\/\/shushufindi.gob.ec\/sitio\/#\/schema\/logo\/image\/\",\"url\":\"http:\/\/shushufindi.gob.ec\/sitio\/wp-content\/uploads\/2023\/10\/favicon.jpg\",\"contentUrl\":\"http:\/\/shushufindi.gob.ec\/sitio\/wp-content\/uploads\/2023\/10\/favicon.jpg\",\"width\":100,\"height\":97,\"caption\":\"Municipio del Cant\u00f3n Shushufindi\"},\"image\":{\"@id\":\"https:\/\/shushufindi.gob.ec\/sitio\/#\/schema\/logo\/image\/\"}}]}<\/script>\n<!-- \/ Yoast SEO plugin. -->","yoast_head_json":{"title":"CONCEJO MUNICIPAL - Municipio del Cant\u00f3n Shushufindi","robots":{"index":"index","follow":"follow","max-snippet":"max-snippet:-1","max-image-preview":"max-image-preview:large","max-video-preview":"max-video-preview:-1"},"canonical":"https:\/\/shushufindi.gob.ec\/sitio\/concejo-municipal\/","og_locale":"es_ES","og_type":"article","og_title":"CONCEJO MUNICIPAL - Municipio del Cant\u00f3n Shushufindi","og_description":"[vc_row css=\u00bb.vc_custom_1698842312323{margin-top: 20px !important;}\u00bb woodmart_css_id=\u00bb654246a38c071&#8243; responsive_spacing=\u00bbeyJwYXJhbV90eXBlIjoid29vZG1hcnRfcmVzcG9uc2l2ZV9zcGFjaW5nIiwic2VsZWN0b3JfaWQiOiI2NTQyNDZhMzhjMDcxIiwic2hvcnRjb2RlIjoidmNfcm93IiwiZGF0YSI6eyJ0YWJsZXQiOnt9LCJtb2JpbGUiOnt9fX0=\u00bb mobile_bg_img_hidden=\u00bbno\u00bb tablet_bg_img_hidden=\u00bbno\u00bb woodmart_parallax=\u00bb0&#8243; woodmart_gradient_switch=\u00bbno\u00bb woodmart_box_shadow=\u00bbno\u00bb wd_z_index=\u00bbno\u00bb woodmart_disable_overflow=\u00bb0&#8243; row_reverse_mobile=\u00bb0&#8243; row_reverse_tablet=\u00bb0&#8243;][vc_column width=\u00bb1\/3&#8243;][\/vc_column][vc_column width=\u00bb1\/3&#8243;][vc_single_image image=\u00bb30786&#8243; img_size=\u00bbfull\u00bb alignment=\u00bbcenter\u00bb","og_url":"https:\/\/shushufindi.gob.ec\/sitio\/concejo-municipal\/","og_site_name":"Municipio del Cant\u00f3n Shushufindi","article_modified_time":"2025-05-30T14:52:08+00:00","twitter_card":"summary_large_image","twitter_misc":{"Tiempo de lectura":"15 minutos"},"schema":{"@context":"https:\/\/schema.org","@graph":[{"@type":"WebPage","@id":"https:\/\/shushufindi.gob.ec\/sitio\/concejo-municipal\/","url":"https:\/\/shushufindi.gob.ec\/sitio\/concejo-municipal\/","name":"CONCEJO MUNICIPAL - Municipio del Cant\u00f3n Shushufindi","isPartOf":{"@id":"https:\/\/shushufindi.gob.ec\/sitio\/#website"},"datePublished":"2023-11-01T12:37:13+00:00","dateModified":"2025-05-30T14:52:08+00:00","breadcrumb":{"@id":"https:\/\/shushufindi.gob.ec\/sitio\/concejo-municipal\/#breadcrumb"},"inLanguage":"es","potentialAction":[{"@type":"ReadAction","target":["https:\/\/shushufindi.gob.ec\/sitio\/concejo-municipal\/"]}]},{"@type":"BreadcrumbList","@id":"https:\/\/shushufindi.gob.ec\/sitio\/concejo-municipal\/#breadcrumb","itemListElement":[{"@type":"ListItem","position":1,"name":"Portada","item":"https:\/\/shushufindi.gob.ec\/sitio\/"},{"@type":"ListItem","position":2,"name":"CONCEJO MUNICIPAL"}]},{"@type":"WebSite","@id":"https:\/\/shushufindi.gob.ec\/sitio\/#website","url":"https:\/\/shushufindi.gob.ec\/sitio\/","name":"Municipio del Cant\u00f3n Shushufindi","description":"GAD Municipal","publisher":{"@id":"https:\/\/shushufindi.gob.ec\/sitio\/#organization"},"potentialAction":[{"@type":"SearchAction","target":{"@type":"EntryPoint","urlTemplate":"https:\/\/shushufindi.gob.ec\/sitio\/?s={search_term_string}"},"query-input":{"@type":"PropertyValueSpecification","valueRequired":true,"valueName":"search_term_string"}}],"inLanguage":"es"},{"@type":"Organization","@id":"https:\/\/shushufindi.gob.ec\/sitio\/#organization","name":"Municipio del Cant\u00f3n Shushufindi","url":"https:\/\/shushufindi.gob.ec\/sitio\/","logo":{"@type":"ImageObject","inLanguage":"es","@id":"https:\/\/shushufindi.gob.ec\/sitio\/#\/schema\/logo\/image\/","url":"http:\/\/shushufindi.gob.ec\/sitio\/wp-content\/uploads\/2023\/10\/favicon.jpg","contentUrl":"http:\/\/shushufindi.gob.ec\/sitio\/wp-content\/uploads\/2023\/10\/favicon.jpg","width":100,"height":97,"caption":"Municipio del Cant\u00f3n Shushufindi"},"image":{"@id":"https:\/\/shushufindi.gob.ec\/sitio\/#\/schema\/logo\/image\/"}}]}},"_links":{"self":[{"href":"https:\/\/shushufindi.gob.ec\/sitio\/wp-json\/wp\/v2\/pages\/30785","targetHints":{"allow":["GET"]}}],"collection":[{"href":"https:\/\/shushufindi.gob.ec\/sitio\/wp-json\/wp\/v2\/pages"}],"about":[{"href":"https:\/\/shushufindi.gob.ec\/sitio\/wp-json\/wp\/v2\/types\/page"}],"author":[{"embeddable":true,"href":"https:\/\/shushufindi.gob.ec\/sitio\/wp-json\/wp\/v2\/users\/1"}],"replies":[{"embeddable":true,"href":"https:\/\/shushufindi.gob.ec\/sitio\/wp-json\/wp\/v2\/comments?post=30785"}],"version-history":[{"count":18,"href":"https:\/\/shushufindi.gob.ec\/sitio\/wp-json\/wp\/v2\/pages\/30785\/revisions"}],"predecessor-version":[{"id":33801,"href":"https:\/\/shushufindi.gob.ec\/sitio\/wp-json\/wp\/v2\/pages\/30785\/revisions\/33801"}],"wp:attachment":[{"href":"https:\/\/shushufindi.gob.ec\/sitio\/wp-json\/wp\/v2\/media?parent=30785"}],"curies":[{"name":"wp","href":"https:\/\/api.w.org\/{rel}","templated":true}]}}