{"id":30850,"date":"2023-11-01T13:48:57","date_gmt":"2023-11-01T13:48:57","guid":{"rendered":"http:\/\/shushufindi.gob.ec\/sitio\/?page_id=30850"},"modified":"2025-07-10T19:10:12","modified_gmt":"2025-07-10T19:10:12","slug":"inversion-publicitaria-en-medios-de-comunicacion","status":"publish","type":"page","link":"https:\/\/shushufindi.gob.ec\/sitio\/inversion-publicitaria-en-medios-de-comunicacion\/","title":{"rendered":"INVERSI\u00d3N PUBLICITARIA EN MEDIOS DE COMUNICACI\u00d3N"},"content":{"rendered":"<div class=\"wpb-content-wrapper\">[vc_row css=\u00bb.vc_custom_1698843893834{margin-top: 40px !important;}\u00bb woodmart_css_id=\u00bb65424cee4bd7f\u00bb responsive_spacing=\u00bbeyJwYXJhbV90eXBlIjoid29vZG1hcnRfcmVzcG9uc2l2ZV9zcGFjaW5nIiwic2VsZWN0b3JfaWQiOiI2NTQyNGNlZTRiZDdmIiwic2hvcnRjb2RlIjoidmNfcm93IiwiZGF0YSI6eyJ0YWJsZXQiOnt9LCJtb2JpbGUiOnt9fX0=\u00bb mobile_bg_img_hidden=\u00bbno\u00bb tablet_bg_img_hidden=\u00bbno\u00bb woodmart_parallax=\u00bb0&#8243; woodmart_gradient_switch=\u00bbno\u00bb woodmart_box_shadow=\u00bbno\u00bb wd_z_index=\u00bbno\u00bb woodmart_disable_overflow=\u00bb0&#8243; row_reverse_mobile=\u00bb0&#8243; row_reverse_tablet=\u00bb0&#8243;][vc_column][vc_empty_space height=\u00bb20px\u00bb woodmart_hide_large=\u00bb0&#8243; woodmart_hide_medium=\u00bb0&#8243; woodmart_hide_small=\u00bb0&#8243;][vc_column_text woodmart_inline=\u00bbno\u00bb text_larger=\u00bbno\u00bb]<strong>*Informe de inversi\u00f3n publicitaria en medios de comunicaci\u00f3n 2024<\/strong><\/p>\n<p><a href=\"https:\/\/shushufindi.gob.ec\/sitio\/wp-content\/uploads\/LOTAIP\/VARIOS%20FORMULARIOS\/2025\/Informe%20Publicidad%202024.pdf\" target=\"_blank\" rel=\"noopener\">Descargue aqu\u00ed<\/a><\/p>\n<p><strong>*Informe de inversi\u00f3n publicitaria en medios de comunicaci\u00f3n 2023<\/strong><\/p>\n<p><a href=\"https:\/\/shushufindi.gob.ec\/sitio\/wp-content\/uploads\/LOTAIP\/VARIOS%20FORMULARIOS\/2024\/MARZO\/Gastos%20Publicidad2023.pdf\" target=\"_blank\" rel=\"noopener\">Descargue aqu\u00ed<\/a><\/p>\n<p>&nbsp;<\/p>\n<p><strong>*Informe de inversi\u00f3n publicitaria en medios de comunicaci\u00f3n 2019<\/strong><\/p>\n<p><a href=\"http:\/\/shushufindi.gob.ec\/portal\/wp-content\/uploads\/2020\/01\/Informe-anual-de-P%C3%BAblicidad-2019.pdf\">Descargue aqu\u00ed<\/a><\/p>\n<p><strong>*Informe de inversi\u00f3n publicitaria en medios de comunicaci\u00f3n 2018<\/strong><\/p>\n<p><a href=\"http:\/\/shushufindi.gob.ec\/portal\/wp-content\/uploads\/2019\/01\/LEY-DE-COMUNICACI%C3%93N-P%C3%81GINA-WEB.pdf\">Descargue aqu\u00ed<\/a><\/p>\n<p><strong>*Informe de inversi\u00f3n publicitaria en medios de comunicaci\u00f3n 2017<\/strong><\/p>\n<p><a href=\"http:\/\/shushufindi.gob.ec\/portal\/wp-content\/uploads\/2019\/01\/LEY-DE-COMUNICACI%C3%93N-2017.pdf\">Descargue aqu\u00ed<\/a><\/p>\n<p><strong>*Informe de inversi\u00f3n publicitaria en medios de comunicaci\u00f3n 2016<\/strong><\/p>\n<p><a href=\"http:\/\/shushufindi.gob.ec\/portal\/wp-content\/uploads\/2019\/01\/LEY-DE-COMUNICACI%C3%93N-2016.pdf\" target=\"_blank\" rel=\"noopener noreferrer\">Descargue aqu\u00ed<\/a>[\/vc_column_text][\/vc_column][\/vc_row]\n<\/div>","protected":false},"excerpt":{"rendered":"<p>[vc_row css=\u00bb.vc_custom_1698843893834{margin-top: 40px !important;}\u00bb woodmart_css_id=\u00bb65424cee4bd7f\u00bb responsive_spacing=\u00bbeyJwYXJhbV90eXBlIjoid29vZG1hcnRfcmVzcG9uc2l2ZV9zcGFjaW5nIiwic2VsZWN0b3JfaWQiOiI2NTQyNGNlZTRiZDdmIiwic2hvcnRjb2RlIjoidmNfcm93IiwiZGF0YSI6eyJ0YWJsZXQiOnt9LCJtb2JpbGUiOnt9fX0=\u00bb mobile_bg_img_hidden=\u00bbno\u00bb tablet_bg_img_hidden=\u00bbno\u00bb woodmart_parallax=\u00bb0&#8243; woodmart_gradient_switch=\u00bbno\u00bb woodmart_box_shadow=\u00bbno\u00bb wd_z_index=\u00bbno\u00bb woodmart_disable_overflow=\u00bb0&#8243; row_reverse_mobile=\u00bb0&#8243; row_reverse_tablet=\u00bb0&#8243;][vc_column][vc_empty_space height=\u00bb20px\u00bb woodmart_hide_large=\u00bb0&#8243; woodmart_hide_medium=\u00bb0&#8243; woodmart_hide_small=\u00bb0&#8243;][vc_column_text woodmart_inline=\u00bbno\u00bb<\/p>\n","protected":false},"author":1,"featured_media":0,"parent":0,"menu_order":0,"comment_status":"closed","ping_status":"closed","template":"","meta":{"_monsterinsights_skip_tracking":false,"_monsterinsights_sitenote_active":false,"_monsterinsights_sitenote_note":"","_monsterinsights_sitenote_category":0,"_joinchat":[],"footnotes":""},"class_list":["post-30850","page","type-page","status-publish","hentry"],"yoast_head":"<!-- This site is optimized with the Yoast SEO plugin v25.8 - https:\/\/yoast.com\/wordpress\/plugins\/seo\/ -->\n<title>INVERSI\u00d3N PUBLICITARIA EN MEDIOS DE COMUNICACI\u00d3N - Municipio del Cant\u00f3n Shushufindi<\/title>\n<meta name=\"robots\" content=\"index, follow, max-snippet:-1, max-image-preview:large, max-video-preview:-1\" \/>\n<link rel=\"canonical\" href=\"https:\/\/shushufindi.gob.ec\/sitio\/inversion-publicitaria-en-medios-de-comunicacion\/\" \/>\n<meta property=\"og:locale\" content=\"es_ES\" \/>\n<meta property=\"og:type\" content=\"article\" \/>\n<meta property=\"og:title\" content=\"INVERSI\u00d3N PUBLICITARIA EN MEDIOS DE COMUNICACI\u00d3N - Municipio del Cant\u00f3n Shushufindi\" \/>\n<meta property=\"og:description\" content=\"[vc_row css=\u00bb.vc_custom_1698843893834{margin-top: 40px !important;}\u00bb woodmart_css_id=\u00bb65424cee4bd7f\u00bb responsive_spacing=\u00bbeyJwYXJhbV90eXBlIjoid29vZG1hcnRfcmVzcG9uc2l2ZV9zcGFjaW5nIiwic2VsZWN0b3JfaWQiOiI2NTQyNGNlZTRiZDdmIiwic2hvcnRjb2RlIjoidmNfcm93IiwiZGF0YSI6eyJ0YWJsZXQiOnt9LCJtb2JpbGUiOnt9fX0=\u00bb mobile_bg_img_hidden=\u00bbno\u00bb tablet_bg_img_hidden=\u00bbno\u00bb woodmart_parallax=\u00bb0&#8243; woodmart_gradient_switch=\u00bbno\u00bb woodmart_box_shadow=\u00bbno\u00bb wd_z_index=\u00bbno\u00bb woodmart_disable_overflow=\u00bb0&#8243; row_reverse_mobile=\u00bb0&#8243; row_reverse_tablet=\u00bb0&#8243;][vc_column][vc_empty_space height=\u00bb20px\u00bb woodmart_hide_large=\u00bb0&#8243; woodmart_hide_medium=\u00bb0&#8243; woodmart_hide_small=\u00bb0&#8243;][vc_column_text woodmart_inline=\u00bbno\u00bb\" \/>\n<meta property=\"og:url\" content=\"https:\/\/shushufindi.gob.ec\/sitio\/inversion-publicitaria-en-medios-de-comunicacion\/\" \/>\n<meta property=\"og:site_name\" content=\"Municipio del Cant\u00f3n Shushufindi\" \/>\n<meta property=\"article:modified_time\" content=\"2025-07-10T19:10:12+00:00\" \/>\n<meta name=\"twitter:card\" content=\"summary_large_image\" \/>\n<meta name=\"twitter:label1\" content=\"Tiempo de lectura\" \/>\n\t<meta name=\"twitter:data1\" content=\"1 minuto\" \/>\n<script type=\"application\/ld+json\" class=\"yoast-schema-graph\">{\"@context\":\"https:\/\/schema.org\",\"@graph\":[{\"@type\":\"WebPage\",\"@id\":\"https:\/\/shushufindi.gob.ec\/sitio\/inversion-publicitaria-en-medios-de-comunicacion\/\",\"url\":\"https:\/\/shushufindi.gob.ec\/sitio\/inversion-publicitaria-en-medios-de-comunicacion\/\",\"name\":\"INVERSI\u00d3N PUBLICITARIA EN MEDIOS DE COMUNICACI\u00d3N - Municipio del Cant\u00f3n Shushufindi\",\"isPartOf\":{\"@id\":\"https:\/\/shushufindi.gob.ec\/sitio\/#website\"},\"datePublished\":\"2023-11-01T13:48:57+00:00\",\"dateModified\":\"2025-07-10T19:10:12+00:00\",\"breadcrumb\":{\"@id\":\"https:\/\/shushufindi.gob.ec\/sitio\/inversion-publicitaria-en-medios-de-comunicacion\/#breadcrumb\"},\"inLanguage\":\"es\",\"potentialAction\":[{\"@type\":\"ReadAction\",\"target\":[\"https:\/\/shushufindi.gob.ec\/sitio\/inversion-publicitaria-en-medios-de-comunicacion\/\"]}]},{\"@type\":\"BreadcrumbList\",\"@id\":\"https:\/\/shushufindi.gob.ec\/sitio\/inversion-publicitaria-en-medios-de-comunicacion\/#breadcrumb\",\"itemListElement\":[{\"@type\":\"ListItem\",\"position\":1,\"name\":\"Portada\",\"item\":\"https:\/\/shushufindi.gob.ec\/sitio\/\"},{\"@type\":\"ListItem\",\"position\":2,\"name\":\"INVERSI\u00d3N PUBLICITARIA EN MEDIOS DE COMUNICACI\u00d3N\"}]},{\"@type\":\"WebSite\",\"@id\":\"https:\/\/shushufindi.gob.ec\/sitio\/#website\",\"url\":\"https:\/\/shushufindi.gob.ec\/sitio\/\",\"name\":\"Municipio del Cant\u00f3n Shushufindi\",\"description\":\"GAD Municipal\",\"publisher\":{\"@id\":\"https:\/\/shushufindi.gob.ec\/sitio\/#organization\"},\"potentialAction\":[{\"@type\":\"SearchAction\",\"target\":{\"@type\":\"EntryPoint\",\"urlTemplate\":\"https:\/\/shushufindi.gob.ec\/sitio\/?s={search_term_string}\"},\"query-input\":{\"@type\":\"PropertyValueSpecification\",\"valueRequired\":true,\"valueName\":\"search_term_string\"}}],\"inLanguage\":\"es\"},{\"@type\":\"Organization\",\"@id\":\"https:\/\/shushufindi.gob.ec\/sitio\/#organization\",\"name\":\"Municipio del Cant\u00f3n Shushufindi\",\"url\":\"https:\/\/shushufindi.gob.ec\/sitio\/\",\"logo\":{\"@type\":\"ImageObject\",\"inLanguage\":\"es\",\"@id\":\"https:\/\/shushufindi.gob.ec\/sitio\/#\/schema\/logo\/image\/\",\"url\":\"http:\/\/shushufindi.gob.ec\/sitio\/wp-content\/uploads\/2023\/10\/favicon.jpg\",\"contentUrl\":\"http:\/\/shushufindi.gob.ec\/sitio\/wp-content\/uploads\/2023\/10\/favicon.jpg\",\"width\":100,\"height\":97,\"caption\":\"Municipio del Cant\u00f3n Shushufindi\"},\"image\":{\"@id\":\"https:\/\/shushufindi.gob.ec\/sitio\/#\/schema\/logo\/image\/\"}}]}<\/script>\n<!-- \/ Yoast SEO plugin. -->","yoast_head_json":{"title":"INVERSI\u00d3N PUBLICITARIA EN MEDIOS DE COMUNICACI\u00d3N - Municipio del Cant\u00f3n Shushufindi","robots":{"index":"index","follow":"follow","max-snippet":"max-snippet:-1","max-image-preview":"max-image-preview:large","max-video-preview":"max-video-preview:-1"},"canonical":"https:\/\/shushufindi.gob.ec\/sitio\/inversion-publicitaria-en-medios-de-comunicacion\/","og_locale":"es_ES","og_type":"article","og_title":"INVERSI\u00d3N PUBLICITARIA EN MEDIOS DE COMUNICACI\u00d3N - Municipio del Cant\u00f3n Shushufindi","og_description":"[vc_row css=\u00bb.vc_custom_1698843893834{margin-top: 40px !important;}\u00bb woodmart_css_id=\u00bb65424cee4bd7f\u00bb responsive_spacing=\u00bbeyJwYXJhbV90eXBlIjoid29vZG1hcnRfcmVzcG9uc2l2ZV9zcGFjaW5nIiwic2VsZWN0b3JfaWQiOiI2NTQyNGNlZTRiZDdmIiwic2hvcnRjb2RlIjoidmNfcm93IiwiZGF0YSI6eyJ0YWJsZXQiOnt9LCJtb2JpbGUiOnt9fX0=\u00bb mobile_bg_img_hidden=\u00bbno\u00bb tablet_bg_img_hidden=\u00bbno\u00bb woodmart_parallax=\u00bb0&#8243; woodmart_gradient_switch=\u00bbno\u00bb woodmart_box_shadow=\u00bbno\u00bb wd_z_index=\u00bbno\u00bb woodmart_disable_overflow=\u00bb0&#8243; row_reverse_mobile=\u00bb0&#8243; row_reverse_tablet=\u00bb0&#8243;][vc_column][vc_empty_space height=\u00bb20px\u00bb woodmart_hide_large=\u00bb0&#8243; woodmart_hide_medium=\u00bb0&#8243; woodmart_hide_small=\u00bb0&#8243;][vc_column_text woodmart_inline=\u00bbno\u00bb","og_url":"https:\/\/shushufindi.gob.ec\/sitio\/inversion-publicitaria-en-medios-de-comunicacion\/","og_site_name":"Municipio del Cant\u00f3n Shushufindi","article_modified_time":"2025-07-10T19:10:12+00:00","twitter_card":"summary_large_image","twitter_misc":{"Tiempo de lectura":"1 minuto"},"schema":{"@context":"https:\/\/schema.org","@graph":[{"@type":"WebPage","@id":"https:\/\/shushufindi.gob.ec\/sitio\/inversion-publicitaria-en-medios-de-comunicacion\/","url":"https:\/\/shushufindi.gob.ec\/sitio\/inversion-publicitaria-en-medios-de-comunicacion\/","name":"INVERSI\u00d3N PUBLICITARIA EN MEDIOS DE COMUNICACI\u00d3N - Municipio del Cant\u00f3n Shushufindi","isPartOf":{"@id":"https:\/\/shushufindi.gob.ec\/sitio\/#website"},"datePublished":"2023-11-01T13:48:57+00:00","dateModified":"2025-07-10T19:10:12+00:00","breadcrumb":{"@id":"https:\/\/shushufindi.gob.ec\/sitio\/inversion-publicitaria-en-medios-de-comunicacion\/#breadcrumb"},"inLanguage":"es","potentialAction":[{"@type":"ReadAction","target":["https:\/\/shushufindi.gob.ec\/sitio\/inversion-publicitaria-en-medios-de-comunicacion\/"]}]},{"@type":"BreadcrumbList","@id":"https:\/\/shushufindi.gob.ec\/sitio\/inversion-publicitaria-en-medios-de-comunicacion\/#breadcrumb","itemListElement":[{"@type":"ListItem","position":1,"name":"Portada","item":"https:\/\/shushufindi.gob.ec\/sitio\/"},{"@type":"ListItem","position":2,"name":"INVERSI\u00d3N PUBLICITARIA EN MEDIOS DE COMUNICACI\u00d3N"}]},{"@type":"WebSite","@id":"https:\/\/shushufindi.gob.ec\/sitio\/#website","url":"https:\/\/shushufindi.gob.ec\/sitio\/","name":"Municipio del Cant\u00f3n Shushufindi","description":"GAD Municipal","publisher":{"@id":"https:\/\/shushufindi.gob.ec\/sitio\/#organization"},"potentialAction":[{"@type":"SearchAction","target":{"@type":"EntryPoint","urlTemplate":"https:\/\/shushufindi.gob.ec\/sitio\/?s={search_term_string}"},"query-input":{"@type":"PropertyValueSpecification","valueRequired":true,"valueName":"search_term_string"}}],"inLanguage":"es"},{"@type":"Organization","@id":"https:\/\/shushufindi.gob.ec\/sitio\/#organization","name":"Municipio del Cant\u00f3n Shushufindi","url":"https:\/\/shushufindi.gob.ec\/sitio\/","logo":{"@type":"ImageObject","inLanguage":"es","@id":"https:\/\/shushufindi.gob.ec\/sitio\/#\/schema\/logo\/image\/","url":"http:\/\/shushufindi.gob.ec\/sitio\/wp-content\/uploads\/2023\/10\/favicon.jpg","contentUrl":"http:\/\/shushufindi.gob.ec\/sitio\/wp-content\/uploads\/2023\/10\/favicon.jpg","width":100,"height":97,"caption":"Municipio del Cant\u00f3n Shushufindi"},"image":{"@id":"https:\/\/shushufindi.gob.ec\/sitio\/#\/schema\/logo\/image\/"}}]}},"_links":{"self":[{"href":"https:\/\/shushufindi.gob.ec\/sitio\/wp-json\/wp\/v2\/pages\/30850","targetHints":{"allow":["GET"]}}],"collection":[{"href":"https:\/\/shushufindi.gob.ec\/sitio\/wp-json\/wp\/v2\/pages"}],"about":[{"href":"https:\/\/shushufindi.gob.ec\/sitio\/wp-json\/wp\/v2\/types\/page"}],"author":[{"embeddable":true,"href":"https:\/\/shushufindi.gob.ec\/sitio\/wp-json\/wp\/v2\/users\/1"}],"replies":[{"embeddable":true,"href":"https:\/\/shushufindi.gob.ec\/sitio\/wp-json\/wp\/v2\/comments?post=30850"}],"version-history":[{"count":4,"href":"https:\/\/shushufindi.gob.ec\/sitio\/wp-json\/wp\/v2\/pages\/30850\/revisions"}],"predecessor-version":[{"id":32291,"href":"https:\/\/shushufindi.gob.ec\/sitio\/wp-json\/wp\/v2\/pages\/30850\/revisions\/32291"}],"wp:attachment":[{"href":"https:\/\/shushufindi.gob.ec\/sitio\/wp-json\/wp\/v2\/media?parent=30850"}],"curies":[{"name":"wp","href":"https:\/\/api.w.org\/{rel}","templated":true}]}}