{"id":30858,"date":"2023-11-01T14:04:27","date_gmt":"2023-11-01T14:04:27","guid":{"rendered":"http:\/\/shushufindi.gob.ec\/sitio\/?page_id=30858"},"modified":"2025-05-30T18:57:04","modified_gmt":"2025-05-30T18:57:04","slug":"ambiente-higiene-y-salubridad","status":"publish","type":"page","link":"https:\/\/shushufindi.gob.ec\/sitio\/ambiente-higiene-y-salubridad\/","title":{"rendered":"AMBIENTE, HIGIENE Y SALUBRIDAD"},"content":{"rendered":"<div class=\"wpb-content-wrapper\">[vc_row gap=\u00bb25&#8243; equal_height=\u00bbyes\u00bb woodmart_css_id=\u00bb653f43b647242&#8243; responsive_spacing=\u00bbeyJwYXJhbV90eXBlIjoid29vZG1hcnRfcmVzcG9uc2l2ZV9zcGFjaW5nIiwic2VsZWN0b3JfaWQiOiI2NTNmNDNiNjQ3MjQyIiwic2hvcnRjb2RlIjoidmNfcm93IiwiZGF0YSI6eyJ0YWJsZXQiOnsicGFkZGluZy1yaWdodCI6IjIlIiwicGFkZGluZy1sZWZ0IjoiMiUifSwibW9iaWxlIjp7InBhZGRpbmctcmlnaHQiOiIxJSIsInBhZGRpbmctbGVmdCI6IjElIn19fQ==\u00bb mobile_bg_img_hidden=\u00bbno\u00bb tablet_bg_img_hidden=\u00bbno\u00bb woodmart_parallax=\u00bb0&#8243; woodmart_gradient_switch=\u00bbno\u00bb woodmart_box_shadow=\u00bbno\u00bb wd_z_index=\u00bbno\u00bb woodmart_disable_overflow=\u00bb0&#8243; row_reverse_mobile=\u00bb0&#8243; row_reverse_tablet=\u00bb0&#8243; css=\u00bb.vc_custom_1698644936512{margin-top: 40px !important;padding-right: 2% !important;padding-left: 2% !important;}\u00bb][vc_column parallax=\u00bbcontent-moving\u00bb parallax_image=\u00bb68&#8243; parallax_speed_bg=\u00bb1.3&#8243; width=\u00bb1\/2&#8243; woodmart_css_id=\u00bb653f2075629dd\u00bb parallax_scroll=\u00bbno\u00bb woodmart_sticky_column=\u00bbfalse\u00bb wd_collapsible_content_switcher=\u00bbno\u00bb wd_column_role_offcanvas_desktop=\u00bbno\u00bb wd_column_role_offcanvas_tablet=\u00bbno\u00bb wd_column_role_offcanvas_mobile=\u00bbno\u00bb wd_column_role_content_desktop=\u00bbno\u00bb wd_column_role_content_tablet=\u00bbno\u00bb wd_column_role_content_mobile=\u00bbno\u00bb mobile_bg_img_hidden=\u00bbno\u00bb tablet_bg_img_hidden=\u00bbno\u00bb woodmart_parallax=\u00bb0&#8243; woodmart_box_shadow=\u00bbno\u00bb responsive_spacing=\u00bbeyJwYXJhbV90eXBlIjoid29vZG1hcnRfcmVzcG9uc2l2ZV9zcGFjaW5nIiwic2VsZWN0b3JfaWQiOiI2NTNmMjA3NTYyOWRkIiwic2hvcnRjb2RlIjoidmNfY29sdW1uIiwiZGF0YSI6eyJ0YWJsZXQiOnt9LCJtb2JpbGUiOnt9fX0=\u00bb mobile_reset_margin=\u00bbno\u00bb tablet_reset_margin=\u00bbno\u00bb wd_z_index=\u00bbno\u00bb][vc_empty_space height=\u00bb500px\u00bb woodmart_hide_large=\u00bb0&#8243; woodmart_hide_medium=\u00bb0&#8243; woodmart_hide_small=\u00bb0&#8243;][\/vc_column][vc_column width=\u00bb1\/2&#8243; css=\u00bb.vc_custom_1698636762353{padding-top: 10px !important;padding-right: 40px !important;padding-bottom: 10px !important;padding-left: 40px !important;}\u00bb woodmart_css_id=\u00bb653f23cba86b1&#8243; parallax_scroll=\u00bbno\u00bb woodmart_sticky_column=\u00bbfalse\u00bb wd_collapsible_content_switcher=\u00bbno\u00bb wd_column_role_offcanvas_desktop=\u00bbno\u00bb wd_column_role_offcanvas_tablet=\u00bbno\u00bb wd_column_role_offcanvas_mobile=\u00bbno\u00bb wd_column_role_content_desktop=\u00bbno\u00bb wd_column_role_content_tablet=\u00bbno\u00bb wd_column_role_content_mobile=\u00bbno\u00bb mobile_bg_img_hidden=\u00bbno\u00bb tablet_bg_img_hidden=\u00bbno\u00bb woodmart_parallax=\u00bb0&#8243; woodmart_box_shadow=\u00bbno\u00bb responsive_spacing=\u00bbeyJwYXJhbV90eXBlIjoid29vZG1hcnRfcmVzcG9uc2l2ZV9zcGFjaW5nIiwic2VsZWN0b3JfaWQiOiI2NTNmMjNjYmE4NmIxIiwic2hvcnRjb2RlIjoidmNfY29sdW1uIiwiZGF0YSI6eyJ0YWJsZXQiOnt9LCJtb2JpbGUiOnt9fX0=\u00bb mobile_reset_margin=\u00bbno\u00bb tablet_reset_margin=\u00bbno\u00bb wd_z_index=\u00bbno\u00bb][vc_column_text woodmart_inline=\u00bbno\u00bb text_larger=\u00bbno\u00bb]<b>ANTECEDENTE<\/b><\/p>\n<p class=\"p1\">La Direcci\u00f3n de Ambiente del Gobierno Aut\u00f3nomo Descentralizado Municipal del Cant\u00f3n Shushufindi vienen prestando el servicio de apoyo a la Alcald\u00eda en diferentes actividades que se desarrollan en bienestar de la colectividad del cant\u00f3n Shushufindi relacionados a la calidad ambiental, mantenimiento de \u00e1reas verdes, recolecci\u00f3n de desechos s\u00f3lidos, inspecciones ambientales, regularizaci\u00f3n de obras municipales, entre otras.<\/p>\n<p class=\"p1\">Mediante memorando circular GADMCSHFD-DCSPCCS-2025-004-MC se solicita se remita la informaci\u00f3n correspondiente, para la revista institucional del periodo mayo 2024-abril 2025.<\/p>\n<p>Los servicios que ofrece y las formas de acceder a ellos, horarios de atenci\u00f3n y dem\u00e1s indicaciones necesarias, para que la ciudadan\u00eda pueda ejercer sus derechos y cumplir sus obligaciones.<\/p>\n<p><strong>OBEJTIVO GENERAL<\/strong><\/p>\n<p class=\"p1\">Procurar el desarrollo del cant\u00f3n Shushufindi mediante la formulaci\u00f3n y la aplicaci\u00f3n de pol\u00edticas, ordenanzas, para la preservaci\u00f3n del ecosistema y salubridad, promoviendo la mejora de la calidad ambiental del cant\u00f3n.<\/p>\n<h4>OBJETIVOS ESPEC\u00cdFICOS<\/h4>\n<ul>\n<li class=\"li1\">Servicios de barrido, recolecci\u00f3n y disposici\u00f3n final de desechos s\u00f3lidos.<\/li>\n<li>Educaci\u00f3n Ambiental.<\/li>\n<li class=\"li1\">Manejo de \u00e1reas verdes, parques, jardines.<\/li>\n<li class=\"li1\">Regularizaci\u00f3n y Seguimiento Ambiental de Obras Municipales.<\/li>\n<li class=\"li1\">Inspecciones ambientales.<\/li>\n<li class=\"li1\">Control Minero.<\/li>\n<li class=\"li1\">Elaborar y actualizar catastros de generadores de residuos solidos.<\/li>\n<li class=\"li1\">Coordinar con las dem\u00e1s Direcciones de la Instituci\u00f3n Municipal la realizaci\u00f3n de proyectos.<\/li>\n<li class=\"li1\">Contratar y elaborar estudios ambientales y mecanismos de control ambiental.<\/li>\n<li class=\"li1\">Gestionar la mejora de los servicios b\u00e1sicos proporcionados al cant\u00f3n Shushufindi mediante la adquisici\u00f3n de equipo y maquinaria.<\/li>\n<li>Todas las que dispongan los distintos cuerpos normativos relacionados con la naturaleza, competencias y atribuciones del Gobierno Municipal de Shushufindi.<\/li>\n<\/ul>\n<p>&nbsp;[\/vc_column_text][\/vc_column][\/vc_row][vc_row css=\u00bb.vc_custom_1698847511918{margin-top: 40px !important;}\u00bb woodmart_css_id=\u00bb65425b12740ea\u00bb responsive_spacing=\u00bbeyJwYXJhbV90eXBlIjoid29vZG1hcnRfcmVzcG9uc2l2ZV9zcGFjaW5nIiwic2VsZWN0b3JfaWQiOiI2NTQyNWIxMjc0MGVhIiwic2hvcnRjb2RlIjoidmNfcm93IiwiZGF0YSI6eyJ0YWJsZXQiOnt9LCJtb2JpbGUiOnt9fX0=\u00bb mobile_bg_img_hidden=\u00bbno\u00bb tablet_bg_img_hidden=\u00bbno\u00bb woodmart_parallax=\u00bb0&#8243; woodmart_gradient_switch=\u00bbno\u00bb woodmart_box_shadow=\u00bbno\u00bb wd_z_index=\u00bbno\u00bb woodmart_disable_overflow=\u00bb0&#8243; row_reverse_mobile=\u00bb0&#8243; row_reverse_tablet=\u00bb0&#8243;][vc_column][vc_column_text woodmart_inline=\u00bbno\u00bb text_larger=\u00bbno\u00bb]\n<table border=\"1\">\n<tbody>\n<tr>\n<td colspan=\"2\" width=\"748\"><strong>DIRECCI\u00d3N DE AMBIENTE, HIGIENE Y SALUBRIDAD<\/strong><\/td>\n<\/tr>\n<tr>\n<td width=\"374\"><strong>Metas<\/strong><\/td>\n<td width=\"374\"><strong>Objetivos<\/strong><\/td>\n<\/tr>\n<tr>\n<td width=\"374\">\n<p>&nbsp;<\/p>\n<p>Fomentar el buen vivir y el progreso material de la comunidad en armon\u00eda con la naturaleza, mediante la preservaci\u00f3n del ecosistema, la salubridad del Cant\u00f3n; en control de las actividades, humanas que generan impacto ambiental, ordenamiento del comercio formal e informal, reubicaci\u00f3n de los comerciantes de productos amaz\u00f3nicos.<\/td>\n<td width=\"374\">\n<p>&nbsp;<\/p>\n<p>\u00b7\u00a0\u00a0\u00a0\u00a0\u00a0\u00a0\u00a0 Mejorar la calidad de vida de los habitantes del Cant\u00f3n Shushufindi<\/p>\n<p>\u00b7\u00a0\u00a0\u00a0\u00a0\u00a0\u00a0\u00a0 Manejar la conflictividad ambiental a trav\u00e9s de la incorporaci\u00f3n de los enfoques de participaci\u00f3n ciudadana en los proyectos de gesti\u00f3n ambiental<\/td>\n<\/tr>\n<tr>\n<td colspan=\"2\" width=\"748\"><strong>UNIDAD DE DESECHOS SOLIDOS<\/strong><\/td>\n<\/tr>\n<tr>\n<td width=\"374\"><strong>Metas<\/strong><\/td>\n<td width=\"374\"><strong>Objetivos<\/strong><\/td>\n<\/tr>\n<tr>\n<td width=\"374\">\n<p>&nbsp;<\/p>\n<p>Brindar una mejor imagen a propios y extra\u00f1os con la operaci\u00f3n diaria del barrido y brindar en buen servicio de la recolecci\u00f3n de desechos s\u00f3lidos, de esa manera garantizar el buen vivir de la poblaci\u00f3n a trav\u00e9s del fomento de programa de informaci\u00f3n, educaci\u00f3n y concienciaci\u00f3n ambiental, la cultura de aseo y limpieza de toda las \u00e1reas del Cant\u00f3n Shushufindi, promover acciones a cumplir objetivos de prevenci\u00f3n ambiental por residuos y desechos s\u00f3lidos.<\/p>\n<p>&nbsp;<\/td>\n<td width=\"374\">\n<p>&nbsp;<\/p>\n<p>\u00b7\u00a0\u00a0\u00a0\u00a0\u00a0\u00a0\u00a0 Servir a la comunidad mediante la direcci\u00f3n y evaluaci\u00f3n de los programas y operaciones de barrido, recolecci\u00f3n, clasificaci\u00f3n, recuperaci\u00f3n y disposici\u00f3n de los desechos s\u00f3lidos observando las pol\u00edticas, ordenanza, resoluciones y normas establecidas por el gobierno municipal.<\/p>\n<p>&nbsp;<\/td>\n<\/tr>\n<tr>\n<td colspan=\"2\" width=\"748\"><strong>UNIDAD DE GESTI\u00d3N AMBIENTAL<\/strong><\/td>\n<\/tr>\n<tr>\n<td width=\"374\"><strong>Metas<\/strong><\/td>\n<td width=\"374\"><strong>Objetivos<\/strong><\/td>\n<\/tr>\n<tr>\n<td width=\"374\">\n<p>&nbsp;<\/p>\n<p>Realizar el seguimiento y control ambiental a los problemas ambientales que se presenten\u00a0 en el Cant\u00f3n Shushufindi, contribuir al buen vivir del Cant\u00f3n realizando\u00a0 inspecciones ambientales a las actividades comerciales y de servicios que generen o pudieran generar impactos previos a la emisi\u00f3n o la renovaci\u00f3n de la Patente Municipal.<\/p>\n<p>Ofrecer soluciones al usuario interno y externo de la Instituci\u00f3n Municipal en materia ambiental, obteniendo las Licencias Ambientales \u00a0para los proyectos\u00a0 municipales y velar para que los mismos cumplan con la Normativa Ambiental Vigente.<\/p>\n<p>&nbsp;<\/td>\n<td width=\"374\">\n<p>&nbsp;<\/p>\n<p>\u00b7\u00a0\u00a0\u00a0\u00a0\u00a0\u00a0\u00a0 Identificar Problemas Ambientales<\/p>\n<p>\u00b7\u00a0\u00a0\u00a0\u00a0\u00a0\u00a0\u00a0 Obtener Licencias Ambientales<\/p>\n<p>\u00b7\u00a0\u00a0\u00a0\u00a0\u00a0\u00a0\u00a0 Controlar la salubridad e higiene ambiental de los comercios y servicios que solicitan o renuevan\u00a0 la patente municipal<\/p>\n<p>\u00b7\u00a0\u00a0\u00a0\u00a0\u00a0\u00a0\u00a0 Controlar el cumplimiento ambiental de las obras y proyectos que ejecute el Gobierno Municipal de Shushufindi<\/p>\n<p>\u00b7\u00a0\u00a0\u00a0\u00a0\u00a0\u00a0\u00a0 Realizar actividades de educaci\u00f3n y capacitaci\u00f3n ambiental.<\/p>\n<p>&nbsp;<\/p>\n<p>&nbsp;<\/td>\n<\/tr>\n<\/tbody>\n<\/table>\n[\/vc_column_text][vc_column_text woodmart_inline=\u00bbno\u00bb text_larger=\u00bbno\u00bb]\n<table style=\"height: 445px;\" border=\"1\" width=\"670\">\n<tbody>\n<tr>\n<tr>\n<td colspan=\"2\" width=\"748\"><strong>UNIDAD DE PARQUES Y JARDINES<\/strong><\/td>\n<\/tr>\n<tr>\n<td width=\"374\"><strong>Metas<\/strong><\/td>\n<td width=\"374\"><strong>Objetivos<\/strong><\/td>\n<\/tr>\n<tr>\n<td width=\"374\">\n<p>&nbsp;<\/p>\n<p>Tener las \u00e1reas verdes en \u00f3ptimo estado de limpieza, mantenimiento de los parques, jardines y parterres del Cant\u00f3n Shushufindi.<\/p>\n<p>&nbsp;<\/td>\n<td width=\"374\">\n<p>&nbsp;<\/p>\n<p>\u00b7\u00a0\u00a0\u00a0\u00a0\u00a0\u00a0\u00a0 Coordinar los trabajos con la Direcci\u00f3n \u00a0De Ambiente, Higiene y Salubridad, la prestaci\u00f3n del servicios de desbroce, limpieza, preparaci\u00f3n y mantenimiento de los suelos destinados a labores agr\u00edcolas o de jardiner\u00eda y controlar los materias, instalaciones herramientas e insumos de su labor.<\/td>\n<\/tr>\n<\/tbody>\n<\/table>\n<p>&nbsp;[\/vc_column_text][\/vc_column][\/vc_row]\n<\/div>","protected":false},"excerpt":{"rendered":"<p>[vc_row gap=\u00bb25&#8243; equal_height=\u00bbyes\u00bb woodmart_css_id=\u00bb653f43b647242&#8243; responsive_spacing=\u00bbeyJwYXJhbV90eXBlIjoid29vZG1hcnRfcmVzcG9uc2l2ZV9zcGFjaW5nIiwic2VsZWN0b3JfaWQiOiI2NTNmNDNiNjQ3MjQyIiwic2hvcnRjb2RlIjoidmNfcm93IiwiZGF0YSI6eyJ0YWJsZXQiOnsicGFkZGluZy1yaWdodCI6IjIlIiwicGFkZGluZy1sZWZ0IjoiMiUifSwibW9iaWxlIjp7InBhZGRpbmctcmlnaHQiOiIxJSIsInBhZGRpbmctbGVmdCI6IjElIn19fQ==\u00bb mobile_bg_img_hidden=\u00bbno\u00bb tablet_bg_img_hidden=\u00bbno\u00bb woodmart_parallax=\u00bb0&#8243; woodmart_gradient_switch=\u00bbno\u00bb woodmart_box_shadow=\u00bbno\u00bb wd_z_index=\u00bbno\u00bb woodmart_disable_overflow=\u00bb0&#8243; row_reverse_mobile=\u00bb0&#8243; row_reverse_tablet=\u00bb0&#8243; css=\u00bb.vc_custom_1698644936512{margin-top: 40px !important;padding-right: 2% !important;padding-left: 2%<\/p>\n","protected":false},"author":1,"featured_media":0,"parent":0,"menu_order":0,"comment_status":"closed","ping_status":"closed","template":"","meta":{"_monsterinsights_skip_tracking":false,"_monsterinsights_sitenote_active":false,"_monsterinsights_sitenote_note":"","_monsterinsights_sitenote_category":0,"_joinchat":[],"footnotes":""},"class_list":["post-30858","page","type-page","status-publish","hentry"],"yoast_head":"<!-- This site is optimized with the Yoast SEO plugin v25.8 - https:\/\/yoast.com\/wordpress\/plugins\/seo\/ -->\n<title>AMBIENTE, HIGIENE Y SALUBRIDAD - Municipio del Cant\u00f3n Shushufindi<\/title>\n<meta name=\"robots\" content=\"index, follow, max-snippet:-1, max-image-preview:large, max-video-preview:-1\" \/>\n<link rel=\"canonical\" href=\"https:\/\/shushufindi.gob.ec\/sitio\/ambiente-higiene-y-salubridad\/\" \/>\n<meta property=\"og:locale\" content=\"es_ES\" \/>\n<meta property=\"og:type\" content=\"article\" \/>\n<meta property=\"og:title\" content=\"AMBIENTE, HIGIENE Y SALUBRIDAD - Municipio del Cant\u00f3n Shushufindi\" \/>\n<meta property=\"og:description\" content=\"[vc_row gap=\u00bb25&#8243; equal_height=\u00bbyes\u00bb woodmart_css_id=\u00bb653f43b647242&#8243; responsive_spacing=\u00bbeyJwYXJhbV90eXBlIjoid29vZG1hcnRfcmVzcG9uc2l2ZV9zcGFjaW5nIiwic2VsZWN0b3JfaWQiOiI2NTNmNDNiNjQ3MjQyIiwic2hvcnRjb2RlIjoidmNfcm93IiwiZGF0YSI6eyJ0YWJsZXQiOnsicGFkZGluZy1yaWdodCI6IjIlIiwicGFkZGluZy1sZWZ0IjoiMiUifSwibW9iaWxlIjp7InBhZGRpbmctcmlnaHQiOiIxJSIsInBhZGRpbmctbGVmdCI6IjElIn19fQ==\u00bb mobile_bg_img_hidden=\u00bbno\u00bb tablet_bg_img_hidden=\u00bbno\u00bb woodmart_parallax=\u00bb0&#8243; woodmart_gradient_switch=\u00bbno\u00bb woodmart_box_shadow=\u00bbno\u00bb wd_z_index=\u00bbno\u00bb woodmart_disable_overflow=\u00bb0&#8243; row_reverse_mobile=\u00bb0&#8243; row_reverse_tablet=\u00bb0&#8243; css=\u00bb.vc_custom_1698644936512{margin-top: 40px !important;padding-right: 2% !important;padding-left: 2%\" \/>\n<meta property=\"og:url\" content=\"https:\/\/shushufindi.gob.ec\/sitio\/ambiente-higiene-y-salubridad\/\" \/>\n<meta property=\"og:site_name\" content=\"Municipio del Cant\u00f3n Shushufindi\" \/>\n<meta property=\"article:modified_time\" content=\"2025-05-30T18:57:04+00:00\" \/>\n<meta name=\"twitter:card\" content=\"summary_large_image\" \/>\n<meta name=\"twitter:label1\" content=\"Tiempo de lectura\" \/>\n\t<meta name=\"twitter:data1\" content=\"6 minutos\" \/>\n<script type=\"application\/ld+json\" class=\"yoast-schema-graph\">{\"@context\":\"https:\/\/schema.org\",\"@graph\":[{\"@type\":\"WebPage\",\"@id\":\"https:\/\/shushufindi.gob.ec\/sitio\/ambiente-higiene-y-salubridad\/\",\"url\":\"https:\/\/shushufindi.gob.ec\/sitio\/ambiente-higiene-y-salubridad\/\",\"name\":\"AMBIENTE, HIGIENE Y SALUBRIDAD - Municipio del Cant\u00f3n Shushufindi\",\"isPartOf\":{\"@id\":\"https:\/\/shushufindi.gob.ec\/sitio\/#website\"},\"datePublished\":\"2023-11-01T14:04:27+00:00\",\"dateModified\":\"2025-05-30T18:57:04+00:00\",\"breadcrumb\":{\"@id\":\"https:\/\/shushufindi.gob.ec\/sitio\/ambiente-higiene-y-salubridad\/#breadcrumb\"},\"inLanguage\":\"es\",\"potentialAction\":[{\"@type\":\"ReadAction\",\"target\":[\"https:\/\/shushufindi.gob.ec\/sitio\/ambiente-higiene-y-salubridad\/\"]}]},{\"@type\":\"BreadcrumbList\",\"@id\":\"https:\/\/shushufindi.gob.ec\/sitio\/ambiente-higiene-y-salubridad\/#breadcrumb\",\"itemListElement\":[{\"@type\":\"ListItem\",\"position\":1,\"name\":\"Portada\",\"item\":\"https:\/\/shushufindi.gob.ec\/sitio\/\"},{\"@type\":\"ListItem\",\"position\":2,\"name\":\"AMBIENTE, HIGIENE Y SALUBRIDAD\"}]},{\"@type\":\"WebSite\",\"@id\":\"https:\/\/shushufindi.gob.ec\/sitio\/#website\",\"url\":\"https:\/\/shushufindi.gob.ec\/sitio\/\",\"name\":\"Municipio del Cant\u00f3n Shushufindi\",\"description\":\"GAD Municipal\",\"publisher\":{\"@id\":\"https:\/\/shushufindi.gob.ec\/sitio\/#organization\"},\"potentialAction\":[{\"@type\":\"SearchAction\",\"target\":{\"@type\":\"EntryPoint\",\"urlTemplate\":\"https:\/\/shushufindi.gob.ec\/sitio\/?s={search_term_string}\"},\"query-input\":{\"@type\":\"PropertyValueSpecification\",\"valueRequired\":true,\"valueName\":\"search_term_string\"}}],\"inLanguage\":\"es\"},{\"@type\":\"Organization\",\"@id\":\"https:\/\/shushufindi.gob.ec\/sitio\/#organization\",\"name\":\"Municipio del Cant\u00f3n Shushufindi\",\"url\":\"https:\/\/shushufindi.gob.ec\/sitio\/\",\"logo\":{\"@type\":\"ImageObject\",\"inLanguage\":\"es\",\"@id\":\"https:\/\/shushufindi.gob.ec\/sitio\/#\/schema\/logo\/image\/\",\"url\":\"http:\/\/shushufindi.gob.ec\/sitio\/wp-content\/uploads\/2023\/10\/favicon.jpg\",\"contentUrl\":\"http:\/\/shushufindi.gob.ec\/sitio\/wp-content\/uploads\/2023\/10\/favicon.jpg\",\"width\":100,\"height\":97,\"caption\":\"Municipio del Cant\u00f3n Shushufindi\"},\"image\":{\"@id\":\"https:\/\/shushufindi.gob.ec\/sitio\/#\/schema\/logo\/image\/\"}}]}<\/script>\n<!-- \/ Yoast SEO plugin. -->","yoast_head_json":{"title":"AMBIENTE, HIGIENE Y SALUBRIDAD - Municipio del Cant\u00f3n Shushufindi","robots":{"index":"index","follow":"follow","max-snippet":"max-snippet:-1","max-image-preview":"max-image-preview:large","max-video-preview":"max-video-preview:-1"},"canonical":"https:\/\/shushufindi.gob.ec\/sitio\/ambiente-higiene-y-salubridad\/","og_locale":"es_ES","og_type":"article","og_title":"AMBIENTE, HIGIENE Y SALUBRIDAD - Municipio del Cant\u00f3n Shushufindi","og_description":"[vc_row gap=\u00bb25&#8243; equal_height=\u00bbyes\u00bb woodmart_css_id=\u00bb653f43b647242&#8243; responsive_spacing=\u00bbeyJwYXJhbV90eXBlIjoid29vZG1hcnRfcmVzcG9uc2l2ZV9zcGFjaW5nIiwic2VsZWN0b3JfaWQiOiI2NTNmNDNiNjQ3MjQyIiwic2hvcnRjb2RlIjoidmNfcm93IiwiZGF0YSI6eyJ0YWJsZXQiOnsicGFkZGluZy1yaWdodCI6IjIlIiwicGFkZGluZy1sZWZ0IjoiMiUifSwibW9iaWxlIjp7InBhZGRpbmctcmlnaHQiOiIxJSIsInBhZGRpbmctbGVmdCI6IjElIn19fQ==\u00bb mobile_bg_img_hidden=\u00bbno\u00bb tablet_bg_img_hidden=\u00bbno\u00bb woodmart_parallax=\u00bb0&#8243; woodmart_gradient_switch=\u00bbno\u00bb woodmart_box_shadow=\u00bbno\u00bb wd_z_index=\u00bbno\u00bb woodmart_disable_overflow=\u00bb0&#8243; row_reverse_mobile=\u00bb0&#8243; row_reverse_tablet=\u00bb0&#8243; css=\u00bb.vc_custom_1698644936512{margin-top: 40px !important;padding-right: 2% !important;padding-left: 2%","og_url":"https:\/\/shushufindi.gob.ec\/sitio\/ambiente-higiene-y-salubridad\/","og_site_name":"Municipio del Cant\u00f3n Shushufindi","article_modified_time":"2025-05-30T18:57:04+00:00","twitter_card":"summary_large_image","twitter_misc":{"Tiempo de lectura":"6 minutos"},"schema":{"@context":"https:\/\/schema.org","@graph":[{"@type":"WebPage","@id":"https:\/\/shushufindi.gob.ec\/sitio\/ambiente-higiene-y-salubridad\/","url":"https:\/\/shushufindi.gob.ec\/sitio\/ambiente-higiene-y-salubridad\/","name":"AMBIENTE, HIGIENE Y SALUBRIDAD - Municipio del Cant\u00f3n Shushufindi","isPartOf":{"@id":"https:\/\/shushufindi.gob.ec\/sitio\/#website"},"datePublished":"2023-11-01T14:04:27+00:00","dateModified":"2025-05-30T18:57:04+00:00","breadcrumb":{"@id":"https:\/\/shushufindi.gob.ec\/sitio\/ambiente-higiene-y-salubridad\/#breadcrumb"},"inLanguage":"es","potentialAction":[{"@type":"ReadAction","target":["https:\/\/shushufindi.gob.ec\/sitio\/ambiente-higiene-y-salubridad\/"]}]},{"@type":"BreadcrumbList","@id":"https:\/\/shushufindi.gob.ec\/sitio\/ambiente-higiene-y-salubridad\/#breadcrumb","itemListElement":[{"@type":"ListItem","position":1,"name":"Portada","item":"https:\/\/shushufindi.gob.ec\/sitio\/"},{"@type":"ListItem","position":2,"name":"AMBIENTE, HIGIENE Y SALUBRIDAD"}]},{"@type":"WebSite","@id":"https:\/\/shushufindi.gob.ec\/sitio\/#website","url":"https:\/\/shushufindi.gob.ec\/sitio\/","name":"Municipio del Cant\u00f3n Shushufindi","description":"GAD Municipal","publisher":{"@id":"https:\/\/shushufindi.gob.ec\/sitio\/#organization"},"potentialAction":[{"@type":"SearchAction","target":{"@type":"EntryPoint","urlTemplate":"https:\/\/shushufindi.gob.ec\/sitio\/?s={search_term_string}"},"query-input":{"@type":"PropertyValueSpecification","valueRequired":true,"valueName":"search_term_string"}}],"inLanguage":"es"},{"@type":"Organization","@id":"https:\/\/shushufindi.gob.ec\/sitio\/#organization","name":"Municipio del Cant\u00f3n Shushufindi","url":"https:\/\/shushufindi.gob.ec\/sitio\/","logo":{"@type":"ImageObject","inLanguage":"es","@id":"https:\/\/shushufindi.gob.ec\/sitio\/#\/schema\/logo\/image\/","url":"http:\/\/shushufindi.gob.ec\/sitio\/wp-content\/uploads\/2023\/10\/favicon.jpg","contentUrl":"http:\/\/shushufindi.gob.ec\/sitio\/wp-content\/uploads\/2023\/10\/favicon.jpg","width":100,"height":97,"caption":"Municipio del Cant\u00f3n Shushufindi"},"image":{"@id":"https:\/\/shushufindi.gob.ec\/sitio\/#\/schema\/logo\/image\/"}}]}},"_links":{"self":[{"href":"https:\/\/shushufindi.gob.ec\/sitio\/wp-json\/wp\/v2\/pages\/30858","targetHints":{"allow":["GET"]}}],"collection":[{"href":"https:\/\/shushufindi.gob.ec\/sitio\/wp-json\/wp\/v2\/pages"}],"about":[{"href":"https:\/\/shushufindi.gob.ec\/sitio\/wp-json\/wp\/v2\/types\/page"}],"author":[{"embeddable":true,"href":"https:\/\/shushufindi.gob.ec\/sitio\/wp-json\/wp\/v2\/users\/1"}],"replies":[{"embeddable":true,"href":"https:\/\/shushufindi.gob.ec\/sitio\/wp-json\/wp\/v2\/comments?post=30858"}],"version-history":[{"count":5,"href":"https:\/\/shushufindi.gob.ec\/sitio\/wp-json\/wp\/v2\/pages\/30858\/revisions"}],"predecessor-version":[{"id":33824,"href":"https:\/\/shushufindi.gob.ec\/sitio\/wp-json\/wp\/v2\/pages\/30858\/revisions\/33824"}],"wp:attachment":[{"href":"https:\/\/shushufindi.gob.ec\/sitio\/wp-json\/wp\/v2\/media?parent=30858"}],"curies":[{"name":"wp","href":"https:\/\/api.w.org\/{rel}","templated":true}]}}