{"id":30885,"date":"2023-11-01T14:41:57","date_gmt":"2023-11-01T14:41:57","guid":{"rendered":"http:\/\/shushufindi.gob.ec\/sitio\/?page_id=30885"},"modified":"2023-11-09T21:04:59","modified_gmt":"2023-11-09T21:04:59","slug":"centro-de-responsabilidad-social-y-solidaria-municipal","status":"publish","type":"page","link":"https:\/\/shushufindi.gob.ec\/sitio\/centro-de-responsabilidad-social-y-solidaria-municipal\/","title":{"rendered":"CENTRO DE RESPONSABILIDAD SOCIAL Y SOLIDARIA MUNICIPAL"},"content":{"rendered":"<div class=\"wpb-content-wrapper\">[vc_row gap=\u00bb25&#8243; equal_height=\u00bbyes\u00bb woodmart_css_id=\u00bb653f43b647242&#8243; responsive_spacing=\u00bbeyJwYXJhbV90eXBlIjoid29vZG1hcnRfcmVzcG9uc2l2ZV9zcGFjaW5nIiwic2VsZWN0b3JfaWQiOiI2NTNmNDNiNjQ3MjQyIiwic2hvcnRjb2RlIjoidmNfcm93IiwiZGF0YSI6eyJ0YWJsZXQiOnsicGFkZGluZy1yaWdodCI6IjIlIiwicGFkZGluZy1sZWZ0IjoiMiUifSwibW9iaWxlIjp7InBhZGRpbmctcmlnaHQiOiIxJSIsInBhZGRpbmctbGVmdCI6IjElIn19fQ==\u00bb mobile_bg_img_hidden=\u00bbno\u00bb tablet_bg_img_hidden=\u00bbno\u00bb woodmart_parallax=\u00bb0&#8243; woodmart_gradient_switch=\u00bbno\u00bb woodmart_box_shadow=\u00bbno\u00bb wd_z_index=\u00bbno\u00bb woodmart_disable_overflow=\u00bb0&#8243; row_reverse_mobile=\u00bb0&#8243; row_reverse_tablet=\u00bb0&#8243; css=\u00bb.vc_custom_1698644936512{margin-top: 40px !important;padding-right: 2% !important;padding-left: 2% !important;}\u00bb][vc_column parallax=\u00bbcontent-moving\u00bb parallax_image=\u00bb68&#8243; parallax_speed_bg=\u00bb1.3&#8243; width=\u00bb1\/2&#8243; woodmart_css_id=\u00bb653f2075629dd\u00bb parallax_scroll=\u00bbno\u00bb woodmart_sticky_column=\u00bbfalse\u00bb wd_collapsible_content_switcher=\u00bbno\u00bb wd_column_role_offcanvas_desktop=\u00bbno\u00bb wd_column_role_offcanvas_tablet=\u00bbno\u00bb wd_column_role_offcanvas_mobile=\u00bbno\u00bb wd_column_role_content_desktop=\u00bbno\u00bb wd_column_role_content_tablet=\u00bbno\u00bb wd_column_role_content_mobile=\u00bbno\u00bb mobile_bg_img_hidden=\u00bbno\u00bb tablet_bg_img_hidden=\u00bbno\u00bb woodmart_parallax=\u00bb0&#8243; woodmart_box_shadow=\u00bbno\u00bb responsive_spacing=\u00bbeyJwYXJhbV90eXBlIjoid29vZG1hcnRfcmVzcG9uc2l2ZV9zcGFjaW5nIiwic2VsZWN0b3JfaWQiOiI2NTNmMjA3NTYyOWRkIiwic2hvcnRjb2RlIjoidmNfY29sdW1uIiwiZGF0YSI6eyJ0YWJsZXQiOnt9LCJtb2JpbGUiOnt9fX0=\u00bb mobile_reset_margin=\u00bbno\u00bb tablet_reset_margin=\u00bbno\u00bb wd_z_index=\u00bbno\u00bb][vc_empty_space height=\u00bb500px\u00bb woodmart_hide_large=\u00bb0&#8243; woodmart_hide_medium=\u00bb0&#8243; woodmart_hide_small=\u00bb0&#8243;][\/vc_column][vc_column width=\u00bb1\/2&#8243; css=\u00bb.vc_custom_1698849977815{padding-right: 10px !important;padding-bottom: 10px !important;padding-left: 40px !important;}\u00bb woodmart_css_id=\u00bb654264898e0d6&#8243; parallax_scroll=\u00bbno\u00bb woodmart_sticky_column=\u00bbfalse\u00bb wd_collapsible_content_switcher=\u00bbno\u00bb wd_column_role_offcanvas_desktop=\u00bbno\u00bb wd_column_role_offcanvas_tablet=\u00bbno\u00bb wd_column_role_offcanvas_mobile=\u00bbno\u00bb wd_column_role_content_desktop=\u00bbno\u00bb wd_column_role_content_tablet=\u00bbno\u00bb wd_column_role_content_mobile=\u00bbno\u00bb mobile_bg_img_hidden=\u00bbno\u00bb tablet_bg_img_hidden=\u00bbno\u00bb woodmart_parallax=\u00bb0&#8243; woodmart_box_shadow=\u00bbno\u00bb responsive_spacing=\u00bbeyJwYXJhbV90eXBlIjoid29vZG1hcnRfcmVzcG9uc2l2ZV9zcGFjaW5nIiwic2VsZWN0b3JfaWQiOiI2NTQyNjQ4OThlMGQ2Iiwic2hvcnRjb2RlIjoidmNfY29sdW1uIiwiZGF0YSI6eyJ0YWJsZXQiOnsicGFkZGluZy10b3AiOiIxMCIsInBhZGRpbmctcmlnaHQiOiIxMCIsInBhZGRpbmctYm90dG9tIjoiMTAiLCJwYWRkaW5nLWxlZnQiOiI0MCJ9LCJtb2JpbGUiOnsicGFkZGluZy10b3AiOiI0MCIsInBhZGRpbmctcmlnaHQiOiIxMCIsInBhZGRpbmctYm90dG9tIjoiMTAiLCJwYWRkaW5nLWxlZnQiOiIxMCJ9fX0=\u00bb mobile_reset_margin=\u00bbno\u00bb tablet_reset_margin=\u00bbno\u00bb wd_z_index=\u00bbno\u00bb][vc_column_text woodmart_inline=\u00bbno\u00bb text_larger=\u00bbno\u00bb]\n<p style=\"text-align: justify;\">Somos una Instituci\u00f3n adscrita de servicio social que trabaja con el fin de mejorar\u00a0 la calidad de vida y desarrollo humano de los sectores de atenci\u00f3n prioritaria del Cant\u00f3n Shushufindi. Considerando el acceso permanente, oportuno y sin exclusi\u00f3n a programas, acciones y servicios de promoci\u00f3n y atenci\u00f3n integral en salud, salud sexual, salud psicol\u00f3gica y salud reproductiva<\/p>\n<p style=\"text-align: justify;\">Basados en la Constituci\u00f3n de la Rep\u00fablica del Ecuador del 2008, y en consecuci\u00f3n de actividades que coadyuven el beneficio a la colectividad del cant\u00f3n Shushufindi, el Gobierno municipal tiene a bien aplicar iniciativas de Responsabilidad Social, basados en los siguientes Art\u00edculos 276 y 277.<\/p>\n<p style=\"text-align: justify;\">El r\u00e9gimen de desarrollo tendr\u00e1 los objetivos dirigidos a:<\/p>\n<p style=\"text-align: justify;\">Mejorar la calidad y esperanza de vida, y aumentar las capacidades y potencialidades de la poblaci\u00f3n en el marco de los principios y derechos que establece la Constituci\u00f3n.<\/p>\n<ol>\n<li style=\"text-align: justify;\">Fomentar la participaci\u00f3n y el control social, con reconocimiento de las diversas identidades y promoci\u00f3n de su representaci\u00f3n equitativa, en todas las fases de la gesti\u00f3n del poder p\u00fablico.<\/li>\n<li style=\"text-align: justify;\">Promover un ordenamiento territorial equilibrado y equitativo que integre y articule las actividades socioculturales, administrativas, econ\u00f3micas y de gesti\u00f3n, y que coadyuve a la unidad del Estado.<\/li>\n<li style=\"text-align: justify;\">Proteger y promover la diversidad cultural y respetar sus espacios de reproducci\u00f3n e intercambio; recuperar, preservar y acrecentar la memoria social y el patrimonio cultural.<\/li>\n<\/ol>\n[\/vc_column_text][\/vc_column][\/vc_row][vc_row][vc_column][vc_empty_space height=\u00bb50px\u00bb woodmart_hide_large=\u00bb0&#8243; woodmart_hide_medium=\u00bb0&#8243; woodmart_hide_small=\u00bb0&#8243;][vc_column_text woodmart_inline=\u00bbno\u00bb text_larger=\u00bbno\u00bb]\n<p style=\"text-align: justify;\"><strong>Igualmente para la consecuci\u00f3n del buen vivir se considerar\u00e1:<\/strong><\/p>\n<ul style=\"text-align: justify;\">\n<li>Garantizar los derechos de las personas, las colectividades y la naturaleza.<\/li>\n<li>Dirigir, planificar y regular el proceso de desarrollo.<\/li>\n<li>Producir bienes, crear y mantener infraestructura y proveer servicios p\u00fablicos.<\/li>\n<li>Igualmente respaldados en los art\u00edculos 6 y 32, en los cuales indica:<\/li>\n<\/ul>\n<p style=\"text-align: justify;\">La salud es un derecho que garantiza el Estado, cuya realizaci\u00f3n se vincula al ejercicio de otros derechos, entre ellos el derecho al agua, la alimentaci\u00f3n, la educaci\u00f3n, la cultura f\u00edsica, el trabajo, la seguridad social, los ambientes sanos y otros que sustentan el buen vivir.<\/p>\n<p style=\"text-align: justify;\">El Estado garantizar\u00e1 este derecho mediante pol\u00edticas econ\u00f3micas, sociales, culturales, educativas y ambientales; y el acceso permanente, oportuno y sin exclusi\u00f3n a programas, acciones y servicios de promoci\u00f3n y atenci\u00f3n integral en salud, salud sexual, salud psicol\u00f3gica y salud reproductiva. La prestaci\u00f3n de los servicios de salud se regir\u00e1 por los principios de equidad, universalidad, solidaridad, interculturalidad, calidad, eficiencia, eficacia, precauci\u00f3n y bio\u00e9tica, con enfoque de g\u00e9nero y generacional.<\/p>\n[\/vc_column_text][vc_empty_space height=\u00bb50px\u00bb woodmart_hide_large=\u00bb0&#8243; woodmart_hide_medium=\u00bb0&#8243; woodmart_hide_small=\u00bb0&#8243;][\/vc_column][\/vc_row]\n<\/div>","protected":false},"excerpt":{"rendered":"<p>[vc_row gap=\u00bb25&#8243; equal_height=\u00bbyes\u00bb woodmart_css_id=\u00bb653f43b647242&#8243; responsive_spacing=\u00bbeyJwYXJhbV90eXBlIjoid29vZG1hcnRfcmVzcG9uc2l2ZV9zcGFjaW5nIiwic2VsZWN0b3JfaWQiOiI2NTNmNDNiNjQ3MjQyIiwic2hvcnRjb2RlIjoidmNfcm93IiwiZGF0YSI6eyJ0YWJsZXQiOnsicGFkZGluZy1yaWdodCI6IjIlIiwicGFkZGluZy1sZWZ0IjoiMiUifSwibW9iaWxlIjp7InBhZGRpbmctcmlnaHQiOiIxJSIsInBhZGRpbmctbGVmdCI6IjElIn19fQ==\u00bb mobile_bg_img_hidden=\u00bbno\u00bb tablet_bg_img_hidden=\u00bbno\u00bb woodmart_parallax=\u00bb0&#8243; woodmart_gradient_switch=\u00bbno\u00bb woodmart_box_shadow=\u00bbno\u00bb wd_z_index=\u00bbno\u00bb woodmart_disable_overflow=\u00bb0&#8243; row_reverse_mobile=\u00bb0&#8243; row_reverse_tablet=\u00bb0&#8243; css=\u00bb.vc_custom_1698644936512{margin-top: 40px !important;padding-right: 2% !important;padding-left: 2%<\/p>\n","protected":false},"author":1,"featured_media":0,"parent":0,"menu_order":0,"comment_status":"closed","ping_status":"closed","template":"","meta":{"_monsterinsights_skip_tracking":false,"_monsterinsights_sitenote_active":false,"_monsterinsights_sitenote_note":"","_monsterinsights_sitenote_category":0,"_joinchat":[],"footnotes":""},"class_list":["post-30885","page","type-page","status-publish","hentry"],"yoast_head":"<!-- This site is optimized with the Yoast SEO plugin v25.8 - https:\/\/yoast.com\/wordpress\/plugins\/seo\/ -->\n<title>CENTRO DE RESPONSABILIDAD SOCIAL Y SOLIDARIA MUNICIPAL - Municipio del Cant\u00f3n Shushufindi<\/title>\n<meta name=\"robots\" content=\"index, follow, max-snippet:-1, max-image-preview:large, max-video-preview:-1\" \/>\n<link rel=\"canonical\" href=\"https:\/\/shushufindi.gob.ec\/sitio\/centro-de-responsabilidad-social-y-solidaria-municipal\/\" \/>\n<meta property=\"og:locale\" content=\"es_ES\" \/>\n<meta property=\"og:type\" content=\"article\" \/>\n<meta property=\"og:title\" content=\"CENTRO DE RESPONSABILIDAD SOCIAL Y SOLIDARIA MUNICIPAL - Municipio del Cant\u00f3n Shushufindi\" \/>\n<meta property=\"og:description\" content=\"[vc_row gap=\u00bb25&#8243; equal_height=\u00bbyes\u00bb woodmart_css_id=\u00bb653f43b647242&#8243; responsive_spacing=\u00bbeyJwYXJhbV90eXBlIjoid29vZG1hcnRfcmVzcG9uc2l2ZV9zcGFjaW5nIiwic2VsZWN0b3JfaWQiOiI2NTNmNDNiNjQ3MjQyIiwic2hvcnRjb2RlIjoidmNfcm93IiwiZGF0YSI6eyJ0YWJsZXQiOnsicGFkZGluZy1yaWdodCI6IjIlIiwicGFkZGluZy1sZWZ0IjoiMiUifSwibW9iaWxlIjp7InBhZGRpbmctcmlnaHQiOiIxJSIsInBhZGRpbmctbGVmdCI6IjElIn19fQ==\u00bb mobile_bg_img_hidden=\u00bbno\u00bb tablet_bg_img_hidden=\u00bbno\u00bb woodmart_parallax=\u00bb0&#8243; woodmart_gradient_switch=\u00bbno\u00bb woodmart_box_shadow=\u00bbno\u00bb wd_z_index=\u00bbno\u00bb woodmart_disable_overflow=\u00bb0&#8243; row_reverse_mobile=\u00bb0&#8243; row_reverse_tablet=\u00bb0&#8243; css=\u00bb.vc_custom_1698644936512{margin-top: 40px !important;padding-right: 2% !important;padding-left: 2%\" \/>\n<meta property=\"og:url\" content=\"https:\/\/shushufindi.gob.ec\/sitio\/centro-de-responsabilidad-social-y-solidaria-municipal\/\" \/>\n<meta property=\"og:site_name\" content=\"Municipio del Cant\u00f3n Shushufindi\" \/>\n<meta property=\"article:modified_time\" content=\"2023-11-09T21:04:59+00:00\" \/>\n<meta name=\"twitter:card\" content=\"summary_large_image\" \/>\n<meta name=\"twitter:label1\" content=\"Tiempo de lectura\" \/>\n\t<meta name=\"twitter:data1\" content=\"4 minutos\" \/>\n<script type=\"application\/ld+json\" class=\"yoast-schema-graph\">{\"@context\":\"https:\/\/schema.org\",\"@graph\":[{\"@type\":\"WebPage\",\"@id\":\"https:\/\/shushufindi.gob.ec\/sitio\/centro-de-responsabilidad-social-y-solidaria-municipal\/\",\"url\":\"https:\/\/shushufindi.gob.ec\/sitio\/centro-de-responsabilidad-social-y-solidaria-municipal\/\",\"name\":\"CENTRO DE RESPONSABILIDAD SOCIAL Y SOLIDARIA MUNICIPAL - Municipio del Cant\u00f3n Shushufindi\",\"isPartOf\":{\"@id\":\"https:\/\/shushufindi.gob.ec\/sitio\/#website\"},\"datePublished\":\"2023-11-01T14:41:57+00:00\",\"dateModified\":\"2023-11-09T21:04:59+00:00\",\"breadcrumb\":{\"@id\":\"https:\/\/shushufindi.gob.ec\/sitio\/centro-de-responsabilidad-social-y-solidaria-municipal\/#breadcrumb\"},\"inLanguage\":\"es\",\"potentialAction\":[{\"@type\":\"ReadAction\",\"target\":[\"https:\/\/shushufindi.gob.ec\/sitio\/centro-de-responsabilidad-social-y-solidaria-municipal\/\"]}]},{\"@type\":\"BreadcrumbList\",\"@id\":\"https:\/\/shushufindi.gob.ec\/sitio\/centro-de-responsabilidad-social-y-solidaria-municipal\/#breadcrumb\",\"itemListElement\":[{\"@type\":\"ListItem\",\"position\":1,\"name\":\"Portada\",\"item\":\"https:\/\/shushufindi.gob.ec\/sitio\/\"},{\"@type\":\"ListItem\",\"position\":2,\"name\":\"CENTRO DE RESPONSABILIDAD SOCIAL Y SOLIDARIA MUNICIPAL\"}]},{\"@type\":\"WebSite\",\"@id\":\"https:\/\/shushufindi.gob.ec\/sitio\/#website\",\"url\":\"https:\/\/shushufindi.gob.ec\/sitio\/\",\"name\":\"Municipio del Cant\u00f3n Shushufindi\",\"description\":\"GAD Municipal\",\"publisher\":{\"@id\":\"https:\/\/shushufindi.gob.ec\/sitio\/#organization\"},\"potentialAction\":[{\"@type\":\"SearchAction\",\"target\":{\"@type\":\"EntryPoint\",\"urlTemplate\":\"https:\/\/shushufindi.gob.ec\/sitio\/?s={search_term_string}\"},\"query-input\":{\"@type\":\"PropertyValueSpecification\",\"valueRequired\":true,\"valueName\":\"search_term_string\"}}],\"inLanguage\":\"es\"},{\"@type\":\"Organization\",\"@id\":\"https:\/\/shushufindi.gob.ec\/sitio\/#organization\",\"name\":\"Municipio del Cant\u00f3n Shushufindi\",\"url\":\"https:\/\/shushufindi.gob.ec\/sitio\/\",\"logo\":{\"@type\":\"ImageObject\",\"inLanguage\":\"es\",\"@id\":\"https:\/\/shushufindi.gob.ec\/sitio\/#\/schema\/logo\/image\/\",\"url\":\"http:\/\/shushufindi.gob.ec\/sitio\/wp-content\/uploads\/2023\/10\/favicon.jpg\",\"contentUrl\":\"http:\/\/shushufindi.gob.ec\/sitio\/wp-content\/uploads\/2023\/10\/favicon.jpg\",\"width\":100,\"height\":97,\"caption\":\"Municipio del Cant\u00f3n Shushufindi\"},\"image\":{\"@id\":\"https:\/\/shushufindi.gob.ec\/sitio\/#\/schema\/logo\/image\/\"}}]}<\/script>\n<!-- \/ Yoast SEO plugin. -->","yoast_head_json":{"title":"CENTRO DE RESPONSABILIDAD SOCIAL Y SOLIDARIA MUNICIPAL - Municipio del Cant\u00f3n Shushufindi","robots":{"index":"index","follow":"follow","max-snippet":"max-snippet:-1","max-image-preview":"max-image-preview:large","max-video-preview":"max-video-preview:-1"},"canonical":"https:\/\/shushufindi.gob.ec\/sitio\/centro-de-responsabilidad-social-y-solidaria-municipal\/","og_locale":"es_ES","og_type":"article","og_title":"CENTRO DE RESPONSABILIDAD SOCIAL Y SOLIDARIA MUNICIPAL - Municipio del Cant\u00f3n Shushufindi","og_description":"[vc_row gap=\u00bb25&#8243; equal_height=\u00bbyes\u00bb woodmart_css_id=\u00bb653f43b647242&#8243; responsive_spacing=\u00bbeyJwYXJhbV90eXBlIjoid29vZG1hcnRfcmVzcG9uc2l2ZV9zcGFjaW5nIiwic2VsZWN0b3JfaWQiOiI2NTNmNDNiNjQ3MjQyIiwic2hvcnRjb2RlIjoidmNfcm93IiwiZGF0YSI6eyJ0YWJsZXQiOnsicGFkZGluZy1yaWdodCI6IjIlIiwicGFkZGluZy1sZWZ0IjoiMiUifSwibW9iaWxlIjp7InBhZGRpbmctcmlnaHQiOiIxJSIsInBhZGRpbmctbGVmdCI6IjElIn19fQ==\u00bb mobile_bg_img_hidden=\u00bbno\u00bb tablet_bg_img_hidden=\u00bbno\u00bb woodmart_parallax=\u00bb0&#8243; woodmart_gradient_switch=\u00bbno\u00bb woodmart_box_shadow=\u00bbno\u00bb wd_z_index=\u00bbno\u00bb woodmart_disable_overflow=\u00bb0&#8243; row_reverse_mobile=\u00bb0&#8243; row_reverse_tablet=\u00bb0&#8243; css=\u00bb.vc_custom_1698644936512{margin-top: 40px !important;padding-right: 2% !important;padding-left: 2%","og_url":"https:\/\/shushufindi.gob.ec\/sitio\/centro-de-responsabilidad-social-y-solidaria-municipal\/","og_site_name":"Municipio del Cant\u00f3n Shushufindi","article_modified_time":"2023-11-09T21:04:59+00:00","twitter_card":"summary_large_image","twitter_misc":{"Tiempo de lectura":"4 minutos"},"schema":{"@context":"https:\/\/schema.org","@graph":[{"@type":"WebPage","@id":"https:\/\/shushufindi.gob.ec\/sitio\/centro-de-responsabilidad-social-y-solidaria-municipal\/","url":"https:\/\/shushufindi.gob.ec\/sitio\/centro-de-responsabilidad-social-y-solidaria-municipal\/","name":"CENTRO DE RESPONSABILIDAD SOCIAL Y SOLIDARIA MUNICIPAL - Municipio del Cant\u00f3n Shushufindi","isPartOf":{"@id":"https:\/\/shushufindi.gob.ec\/sitio\/#website"},"datePublished":"2023-11-01T14:41:57+00:00","dateModified":"2023-11-09T21:04:59+00:00","breadcrumb":{"@id":"https:\/\/shushufindi.gob.ec\/sitio\/centro-de-responsabilidad-social-y-solidaria-municipal\/#breadcrumb"},"inLanguage":"es","potentialAction":[{"@type":"ReadAction","target":["https:\/\/shushufindi.gob.ec\/sitio\/centro-de-responsabilidad-social-y-solidaria-municipal\/"]}]},{"@type":"BreadcrumbList","@id":"https:\/\/shushufindi.gob.ec\/sitio\/centro-de-responsabilidad-social-y-solidaria-municipal\/#breadcrumb","itemListElement":[{"@type":"ListItem","position":1,"name":"Portada","item":"https:\/\/shushufindi.gob.ec\/sitio\/"},{"@type":"ListItem","position":2,"name":"CENTRO DE RESPONSABILIDAD SOCIAL Y SOLIDARIA MUNICIPAL"}]},{"@type":"WebSite","@id":"https:\/\/shushufindi.gob.ec\/sitio\/#website","url":"https:\/\/shushufindi.gob.ec\/sitio\/","name":"Municipio del Cant\u00f3n Shushufindi","description":"GAD Municipal","publisher":{"@id":"https:\/\/shushufindi.gob.ec\/sitio\/#organization"},"potentialAction":[{"@type":"SearchAction","target":{"@type":"EntryPoint","urlTemplate":"https:\/\/shushufindi.gob.ec\/sitio\/?s={search_term_string}"},"query-input":{"@type":"PropertyValueSpecification","valueRequired":true,"valueName":"search_term_string"}}],"inLanguage":"es"},{"@type":"Organization","@id":"https:\/\/shushufindi.gob.ec\/sitio\/#organization","name":"Municipio del Cant\u00f3n Shushufindi","url":"https:\/\/shushufindi.gob.ec\/sitio\/","logo":{"@type":"ImageObject","inLanguage":"es","@id":"https:\/\/shushufindi.gob.ec\/sitio\/#\/schema\/logo\/image\/","url":"http:\/\/shushufindi.gob.ec\/sitio\/wp-content\/uploads\/2023\/10\/favicon.jpg","contentUrl":"http:\/\/shushufindi.gob.ec\/sitio\/wp-content\/uploads\/2023\/10\/favicon.jpg","width":100,"height":97,"caption":"Municipio del Cant\u00f3n Shushufindi"},"image":{"@id":"https:\/\/shushufindi.gob.ec\/sitio\/#\/schema\/logo\/image\/"}}]}},"_links":{"self":[{"href":"https:\/\/shushufindi.gob.ec\/sitio\/wp-json\/wp\/v2\/pages\/30885","targetHints":{"allow":["GET"]}}],"collection":[{"href":"https:\/\/shushufindi.gob.ec\/sitio\/wp-json\/wp\/v2\/pages"}],"about":[{"href":"https:\/\/shushufindi.gob.ec\/sitio\/wp-json\/wp\/v2\/types\/page"}],"author":[{"embeddable":true,"href":"https:\/\/shushufindi.gob.ec\/sitio\/wp-json\/wp\/v2\/users\/1"}],"replies":[{"embeddable":true,"href":"https:\/\/shushufindi.gob.ec\/sitio\/wp-json\/wp\/v2\/comments?post=30885"}],"version-history":[{"count":5,"href":"https:\/\/shushufindi.gob.ec\/sitio\/wp-json\/wp\/v2\/pages\/30885\/revisions"}],"predecessor-version":[{"id":30891,"href":"https:\/\/shushufindi.gob.ec\/sitio\/wp-json\/wp\/v2\/pages\/30885\/revisions\/30891"}],"wp:attachment":[{"href":"https:\/\/shushufindi.gob.ec\/sitio\/wp-json\/wp\/v2\/media?parent=30885"}],"curies":[{"name":"wp","href":"https:\/\/api.w.org\/{rel}","templated":true}]}}