{"id":30900,"date":"2023-11-01T15:05:45","date_gmt":"2023-11-01T15:05:45","guid":{"rendered":"http:\/\/shushufindi.gob.ec\/sitio\/?page_id=30900"},"modified":"2023-11-09T21:05:01","modified_gmt":"2023-11-09T21:05:01","slug":"cuerpo-de-bomberos-shushufindi","status":"publish","type":"page","link":"https:\/\/shushufindi.gob.ec\/sitio\/cuerpo-de-bomberos-shushufindi\/","title":{"rendered":"CUERPO DE BOMBEROS SHUSHUFINDI"},"content":{"rendered":"<div class=\"wpb-content-wrapper\">[vc_row gap=\u00bb25&#8243; equal_height=\u00bbyes\u00bb woodmart_css_id=\u00bb653f43b647242&#8243; responsive_spacing=\u00bbeyJwYXJhbV90eXBlIjoid29vZG1hcnRfcmVzcG9uc2l2ZV9zcGFjaW5nIiwic2VsZWN0b3JfaWQiOiI2NTNmNDNiNjQ3MjQyIiwic2hvcnRjb2RlIjoidmNfcm93IiwiZGF0YSI6eyJ0YWJsZXQiOnsicGFkZGluZy1yaWdodCI6IjIlIiwicGFkZGluZy1sZWZ0IjoiMiUifSwibW9iaWxlIjp7InBhZGRpbmctcmlnaHQiOiIxJSIsInBhZGRpbmctbGVmdCI6IjElIn19fQ==\u00bb mobile_bg_img_hidden=\u00bbno\u00bb tablet_bg_img_hidden=\u00bbno\u00bb woodmart_parallax=\u00bb0&#8243; woodmart_gradient_switch=\u00bbno\u00bb woodmart_box_shadow=\u00bbno\u00bb wd_z_index=\u00bbno\u00bb woodmart_disable_overflow=\u00bb0&#8243; row_reverse_mobile=\u00bb0&#8243; row_reverse_tablet=\u00bb0&#8243; css=\u00bb.vc_custom_1698644936512{margin-top: 40px !important;padding-right: 2% !important;padding-left: 2% !important;}\u00bb][vc_column parallax=\u00bbcontent-moving\u00bb parallax_image=\u00bb68&#8243; parallax_speed_bg=\u00bb1.3&#8243; width=\u00bb1\/2&#8243; woodmart_css_id=\u00bb653f2075629dd\u00bb parallax_scroll=\u00bbno\u00bb woodmart_sticky_column=\u00bbfalse\u00bb wd_collapsible_content_switcher=\u00bbno\u00bb wd_column_role_offcanvas_desktop=\u00bbno\u00bb wd_column_role_offcanvas_tablet=\u00bbno\u00bb wd_column_role_offcanvas_mobile=\u00bbno\u00bb wd_column_role_content_desktop=\u00bbno\u00bb wd_column_role_content_tablet=\u00bbno\u00bb wd_column_role_content_mobile=\u00bbno\u00bb mobile_bg_img_hidden=\u00bbno\u00bb tablet_bg_img_hidden=\u00bbno\u00bb woodmart_parallax=\u00bb0&#8243; woodmart_box_shadow=\u00bbno\u00bb responsive_spacing=\u00bbeyJwYXJhbV90eXBlIjoid29vZG1hcnRfcmVzcG9uc2l2ZV9zcGFjaW5nIiwic2VsZWN0b3JfaWQiOiI2NTNmMjA3NTYyOWRkIiwic2hvcnRjb2RlIjoidmNfY29sdW1uIiwiZGF0YSI6eyJ0YWJsZXQiOnt9LCJtb2JpbGUiOnt9fX0=\u00bb mobile_reset_margin=\u00bbno\u00bb tablet_reset_margin=\u00bbno\u00bb wd_z_index=\u00bbno\u00bb][vc_empty_space height=\u00bb500px\u00bb woodmart_hide_large=\u00bb0&#8243; woodmart_hide_medium=\u00bb0&#8243; woodmart_hide_small=\u00bb0&#8243;][\/vc_column][vc_column width=\u00bb1\/2&#8243; css=\u00bb.vc_custom_1698849977815{padding-right: 10px !important;padding-bottom: 10px !important;padding-left: 40px !important;}\u00bb woodmart_css_id=\u00bb654264898e0d6&#8243; parallax_scroll=\u00bbno\u00bb woodmart_sticky_column=\u00bbfalse\u00bb wd_collapsible_content_switcher=\u00bbno\u00bb wd_column_role_offcanvas_desktop=\u00bbno\u00bb wd_column_role_offcanvas_tablet=\u00bbno\u00bb wd_column_role_offcanvas_mobile=\u00bbno\u00bb wd_column_role_content_desktop=\u00bbno\u00bb wd_column_role_content_tablet=\u00bbno\u00bb wd_column_role_content_mobile=\u00bbno\u00bb mobile_bg_img_hidden=\u00bbno\u00bb tablet_bg_img_hidden=\u00bbno\u00bb woodmart_parallax=\u00bb0&#8243; woodmart_box_shadow=\u00bbno\u00bb responsive_spacing=\u00bbeyJwYXJhbV90eXBlIjoid29vZG1hcnRfcmVzcG9uc2l2ZV9zcGFjaW5nIiwic2VsZWN0b3JfaWQiOiI2NTQyNjQ4OThlMGQ2Iiwic2hvcnRjb2RlIjoidmNfY29sdW1uIiwiZGF0YSI6eyJ0YWJsZXQiOnsicGFkZGluZy10b3AiOiIxMCIsInBhZGRpbmctcmlnaHQiOiIxMCIsInBhZGRpbmctYm90dG9tIjoiMTAiLCJwYWRkaW5nLWxlZnQiOiI0MCJ9LCJtb2JpbGUiOnsicGFkZGluZy10b3AiOiI0MCIsInBhZGRpbmctcmlnaHQiOiIxMCIsInBhZGRpbmctYm90dG9tIjoiMTAiLCJwYWRkaW5nLWxlZnQiOiIxMCJ9fX0=\u00bb mobile_reset_margin=\u00bbno\u00bb tablet_reset_margin=\u00bbno\u00bb wd_z_index=\u00bbno\u00bb][vc_column_text woodmart_inline=\u00bbno\u00bb text_larger=\u00bbno\u00bb]\n<p style=\"text-align: justify;\">El Cuerpo de Bomberos de Shushufindi es una entidad de derecho p\u00fablico, adscrito al GAD Municipal del Cant\u00f3n Shushufindi, mediante ordenanza que regula la gesti\u00f3n de los servicios de prevenci\u00f3n, protecci\u00f3n, socorro y extinci\u00f3n de incendios en el cant\u00f3n, publicada en el registro oficial a\u00f1o III-N\u00b0580, de 19 de mayo del 2016;\u00a0 su representante legal es la m\u00e1xima autoridad de la instituci\u00f3n Tcrnl. (B)\u00a0 John Taylor Moreno Jaramillo.<\/p>\n<p style=\"text-align: justify;\">Como entidad de primera respuesta fundamenta su prop\u00f3sito en la provisi\u00f3n oportuna y eficiente de servicios de prevenci\u00f3n, protecci\u00f3n, socorro, extinci\u00f3n de incendios, adem\u00e1s de asistencia en desastres y emergencias, utilizando protocolos de operaci\u00f3n normalizados, con equipamiento adecuado para tranquilidad y satisfacci\u00f3n de la comunidad, tanto en las \u00e1reas operativas como administrativas, dentro de los par\u00e1metros de calidad y calidez.<\/p>\n[\/vc_column_text][vc_column_text woodmart_inline=\u00bbno\u00bb text_larger=\u00bbno\u00bb]\n<p style=\"text-align: justify;\"><strong>MISI\u00d3N<\/strong><\/p>\n<p style=\"text-align: justify;\">Salvar vidas y proteger bienes a trav\u00e9s de la prevenci\u00f3n, gesti\u00f3n de riesgos y la atenci\u00f3n efectiva de emergencias, satisfaciendo las necesidades de nuestra comunidad.<\/p>\n<p style=\"text-align: justify;\"><strong>VISI\u00d3N<\/strong><\/p>\n<p style=\"text-align: justify;\">En tres a\u00f1os ser un modelo de gesti\u00f3n en prevenci\u00f3n y atenci\u00f3n de emergencias a nivel provincial.<\/p>\n<p style=\"text-align: justify;\"><b>OBJETIVO INSTITUCIONAL<\/b><\/p>\n<p style=\"text-align: justify;\">Ofrecer un servicio integral de seguridad, encaminado a prevenir, salvaguardar la vida y bienes de la comunidad, con acciones oportunas y eficientes en la lucha contra el fuego, rescate y salvamento.<\/p>\n[\/vc_column_text][\/vc_column][\/vc_row][vc_row css=\u00bb.vc_custom_1698851235055{margin-top: 50px !important;}\u00bb woodmart_css_id=\u00bb6542699d89a62&#8243; responsive_spacing=\u00bbeyJwYXJhbV90eXBlIjoid29vZG1hcnRfcmVzcG9uc2l2ZV9zcGFjaW5nIiwic2VsZWN0b3JfaWQiOiI2NTQyNjk5ZDg5YTYyIiwic2hvcnRjb2RlIjoidmNfcm93IiwiZGF0YSI6eyJ0YWJsZXQiOnt9LCJtb2JpbGUiOnt9fX0=\u00bb mobile_bg_img_hidden=\u00bbno\u00bb tablet_bg_img_hidden=\u00bbno\u00bb woodmart_parallax=\u00bb0&#8243; woodmart_gradient_switch=\u00bbno\u00bb woodmart_box_shadow=\u00bbno\u00bb wd_z_index=\u00bbno\u00bb woodmart_disable_overflow=\u00bb0&#8243; row_reverse_mobile=\u00bb0&#8243; row_reverse_tablet=\u00bb0&#8243;][vc_column width=\u00bb1\/2&#8243;][vc_column_text woodmart_inline=\u00bbno\u00bb text_larger=\u00bbno\u00bb]<b>ESTRUCTURA ORG\u00c1NICA<\/b><\/p>\n[\/vc_column_text][vc_single_image image=\u00bb30903&#8243; img_size=\u00bbfull\u00bb alignment=\u00bbcenter\u00bb style=\u00bbvc_box_outline\u00bb parallax_scroll=\u00bbno\u00bb woodmart_inline=\u00bbno\u00bb][\/vc_column][vc_column width=\u00bb1\/2&#8243;][vc_column_text woodmart_inline=\u00bbno\u00bb text_larger=\u00bbno\u00bb]<b>PRODUCTOS Y SERVICIOS QUE OFRECE EL CUERPO DE BOMBEROS DE SHUSHUFINDI<\/b><\/p>\n<p>Nuestra instituci\u00f3n ofrece a la ciudadan\u00eda en general del cant\u00f3n Shushufindi los productos y servicios que a continuaci\u00f3n se detallan.<\/p>\n<p><b>Gesti\u00f3n de Prevenci\u00f3n de Incendios<\/b><\/p>\n<ul>\n<li>Gesti\u00f3n de Inspecci\u00f3n para la prevenci\u00f3n de incendios: inspecci\u00f3n, seguimiento y verificaci\u00f3n a establecimientos y locales comerciales, emisi\u00f3n de permiso de funcionamiento<\/li>\n<li>Gesti\u00f3n de Asesor\u00eda a la Comunidad: Campa\u00f1as de prevenci\u00f3n contra incendios y rescate<\/li>\n<\/ul>\n<p><b>Gesti\u00f3n de Siniestros<\/b><\/p>\n<ul>\n<li>Gesti\u00f3n de mitigaci\u00f3n de Incendios<\/li>\n<li>Gesti\u00f3n de Rescates y Auxilio<\/li>\n<\/ul>\n[\/vc_column_text][\/vc_column][\/vc_row][vc_row][vc_column][vc_empty_space height=\u00bb50px\u00bb woodmart_hide_large=\u00bb0&#8243; woodmart_hide_medium=\u00bb0&#8243; woodmart_hide_small=\u00bb0&#8243;][vc_column_text woodmart_inline=\u00bbno\u00bb text_larger=\u00bbno\u00bb]\n<p style=\"text-align: justify;\"><strong>VALORES<\/strong><\/p>\n<p style=\"text-align: justify;\">Compromiso: Instituci\u00f3n comprometida con la comunidad en proveer servicios para salvar vidas y proteger bienes de la misma.<\/p>\n<p style=\"text-align: justify;\"><b>Honestidad:\u00a0<\/b>Convicci\u00f3n y valor de nuestro personal, con la cual se muestra tanto en su obrar como en su manera de pensar como justa, recta e \u00edntegra a la hora de brindar su servicio o trabajo.<\/p>\n<p style=\"text-align: justify;\"><b>Disciplina:\u00a0<\/b>Es la realizaci\u00f3n de la labor acorde con caracter\u00edsticas de responsabilidad y cumplimiento de las actividades de los procesos institucionales que han sido designados a cada uno de nuestros colaboradores.<\/p>\n<p style=\"text-align: justify;\"><b>Solidaridad:\u00a0<\/b>Brindar y compartir con la comunidad el apoyo y la ayuda que necesitan en cualquier momento y circunstancia.<\/p>\n<p style=\"text-align: justify;\"><b>Igualdad:\u00a0<\/b>El principio de igualdad ante la ley es el que establece que todos los seres humanos son iguales ante la ley, sin que existan privilegios ni prerrogativa siendo \u00e9ste un principio esencial de la democracia.<\/p>\n<p style=\"text-align: justify;\"><b>Abnegaci\u00f3n:\u00a0<\/b>Sacrificio espont\u00e1neo de la voluntad del personal por salvaguardar la vida de las personas y bienes materiales.<\/p>\n<p style=\"text-align: justify;\"><b>Servicio:\u00a0<\/b>Satisfacer oportunamente las necesidades de la comunidad del cant\u00f3n Shushufindi,<\/p>\n<p style=\"text-align: justify;\"><b>Seguridad:\u00a0<\/b>\u00abSituaci\u00f3n de hecho basada en el derecho en la cual se encuentran resguardadas la libertad, la vida y el patrimonio de los habitantes\u2026.\u201d<\/p>\n[\/vc_column_text][vc_empty_space height=\u00bb31px\u00bb woodmart_hide_large=\u00bb0&#8243; woodmart_hide_medium=\u00bb0&#8243; woodmart_hide_small=\u00bb0&#8243;][vc_column_text woodmart_inline=\u00bbno\u00bb text_larger=\u00bbno\u00bb]En cumplimiento a lo dispuesto por la Ley Org\u00e1nica de Transparencia y Acceso a la Informaci\u00f3n P\u00fablica LOTAIP y RESOLUCI\u00d3N N\u00b0PLE-CPCCS-449-28-12-2016 del Consejo de Participaci\u00f3n Ciudadana y Control Social; el Cuerpo de Bomberos de Shushufindi presenta el informe de la gesti\u00f3n realizada en el periodo enero a diciembre del a\u00f1o 2016.<\/p>\n<p><a href=\"http:\/\/shushufindi.gob.ec\/portal\/wp-content\/uploads\/2017\/05\/RENDICION-DE-CUENTAS-2016-CUERPO-DE-BOMBEROS.ppsx\" target=\"_blank\" rel=\"noopener\">RENDICI\u00d3N DE CUENTAS 2016<\/a><\/p>\n<p><a href=\"http:\/\/shushufindi.gob.ec\/portal\/wp-content\/uploads\/2017\/05\/FORMULARIO-RENDICION-DE-CUENTAS-PERIODO-2016-BOMBEROS-SHUSHUFINDI.xlsx\" target=\"_blank\" rel=\"noopener\">Formulario 2016<\/a><\/p>\n<p>&nbsp;<\/p>\n<p><a href=\"http:\/\/shushufindi.gob.ec\/portal\/wp-content\/uploads\/2018\/03\/RENDICION-DE-CUENTAS-2017.pdf\" target=\"_blank\" rel=\"noopener\">RENDICI\u00d3N DE CUENTAS 2017<\/a><\/p>\n<p><a href=\"http:\/\/shushufindi.gob.ec\/portal\/wp-content\/uploads\/2018\/03\/FORMULARIO-ENTIDADES-VINCULADAS.xlsx\" target=\"_blank\" rel=\"noopener\">Formulario 2017<\/a><\/p>\n<p>&nbsp;<\/p>\n[\/vc_column_text][vc_empty_space height=\u00bb50px\u00bb woodmart_hide_large=\u00bb0&#8243; woodmart_hide_medium=\u00bb0&#8243; woodmart_hide_small=\u00bb0&#8243;][\/vc_column][\/vc_row]\n<\/div>","protected":false},"excerpt":{"rendered":"<p>[vc_row gap=\u00bb25&#8243; equal_height=\u00bbyes\u00bb woodmart_css_id=\u00bb653f43b647242&#8243; responsive_spacing=\u00bbeyJwYXJhbV90eXBlIjoid29vZG1hcnRfcmVzcG9uc2l2ZV9zcGFjaW5nIiwic2VsZWN0b3JfaWQiOiI2NTNmNDNiNjQ3MjQyIiwic2hvcnRjb2RlIjoidmNfcm93IiwiZGF0YSI6eyJ0YWJsZXQiOnsicGFkZGluZy1yaWdodCI6IjIlIiwicGFkZGluZy1sZWZ0IjoiMiUifSwibW9iaWxlIjp7InBhZGRpbmctcmlnaHQiOiIxJSIsInBhZGRpbmctbGVmdCI6IjElIn19fQ==\u00bb mobile_bg_img_hidden=\u00bbno\u00bb tablet_bg_img_hidden=\u00bbno\u00bb woodmart_parallax=\u00bb0&#8243; woodmart_gradient_switch=\u00bbno\u00bb woodmart_box_shadow=\u00bbno\u00bb wd_z_index=\u00bbno\u00bb woodmart_disable_overflow=\u00bb0&#8243; row_reverse_mobile=\u00bb0&#8243; row_reverse_tablet=\u00bb0&#8243; css=\u00bb.vc_custom_1698644936512{margin-top: 40px !important;padding-right: 2% !important;padding-left: 2%<\/p>\n","protected":false},"author":1,"featured_media":0,"parent":0,"menu_order":0,"comment_status":"closed","ping_status":"closed","template":"","meta":{"_monsterinsights_skip_tracking":false,"_monsterinsights_sitenote_active":false,"_monsterinsights_sitenote_note":"","_monsterinsights_sitenote_category":0,"_joinchat":[],"footnotes":""},"class_list":["post-30900","page","type-page","status-publish","hentry"],"yoast_head":"<!-- This site is optimized with the Yoast SEO plugin v25.8 - https:\/\/yoast.com\/wordpress\/plugins\/seo\/ -->\n<title>CUERPO DE BOMBEROS SHUSHUFINDI - Municipio del Cant\u00f3n Shushufindi<\/title>\n<meta name=\"robots\" content=\"index, follow, max-snippet:-1, max-image-preview:large, max-video-preview:-1\" \/>\n<link rel=\"canonical\" href=\"https:\/\/shushufindi.gob.ec\/sitio\/cuerpo-de-bomberos-shushufindi\/\" \/>\n<meta property=\"og:locale\" content=\"es_ES\" \/>\n<meta property=\"og:type\" content=\"article\" \/>\n<meta property=\"og:title\" content=\"CUERPO DE BOMBEROS SHUSHUFINDI - Municipio del Cant\u00f3n Shushufindi\" \/>\n<meta property=\"og:description\" content=\"[vc_row gap=\u00bb25&#8243; equal_height=\u00bbyes\u00bb woodmart_css_id=\u00bb653f43b647242&#8243; responsive_spacing=\u00bbeyJwYXJhbV90eXBlIjoid29vZG1hcnRfcmVzcG9uc2l2ZV9zcGFjaW5nIiwic2VsZWN0b3JfaWQiOiI2NTNmNDNiNjQ3MjQyIiwic2hvcnRjb2RlIjoidmNfcm93IiwiZGF0YSI6eyJ0YWJsZXQiOnsicGFkZGluZy1yaWdodCI6IjIlIiwicGFkZGluZy1sZWZ0IjoiMiUifSwibW9iaWxlIjp7InBhZGRpbmctcmlnaHQiOiIxJSIsInBhZGRpbmctbGVmdCI6IjElIn19fQ==\u00bb mobile_bg_img_hidden=\u00bbno\u00bb tablet_bg_img_hidden=\u00bbno\u00bb woodmart_parallax=\u00bb0&#8243; woodmart_gradient_switch=\u00bbno\u00bb woodmart_box_shadow=\u00bbno\u00bb wd_z_index=\u00bbno\u00bb woodmart_disable_overflow=\u00bb0&#8243; row_reverse_mobile=\u00bb0&#8243; row_reverse_tablet=\u00bb0&#8243; css=\u00bb.vc_custom_1698644936512{margin-top: 40px !important;padding-right: 2% !important;padding-left: 2%\" \/>\n<meta property=\"og:url\" content=\"https:\/\/shushufindi.gob.ec\/sitio\/cuerpo-de-bomberos-shushufindi\/\" \/>\n<meta property=\"og:site_name\" content=\"Municipio del Cant\u00f3n Shushufindi\" \/>\n<meta property=\"article:modified_time\" content=\"2023-11-09T21:05:01+00:00\" \/>\n<meta name=\"twitter:card\" content=\"summary_large_image\" \/>\n<meta name=\"twitter:label1\" content=\"Tiempo de lectura\" \/>\n\t<meta name=\"twitter:data1\" content=\"6 minutos\" \/>\n<script type=\"application\/ld+json\" class=\"yoast-schema-graph\">{\"@context\":\"https:\/\/schema.org\",\"@graph\":[{\"@type\":\"WebPage\",\"@id\":\"https:\/\/shushufindi.gob.ec\/sitio\/cuerpo-de-bomberos-shushufindi\/\",\"url\":\"https:\/\/shushufindi.gob.ec\/sitio\/cuerpo-de-bomberos-shushufindi\/\",\"name\":\"CUERPO DE BOMBEROS SHUSHUFINDI - Municipio del Cant\u00f3n Shushufindi\",\"isPartOf\":{\"@id\":\"https:\/\/shushufindi.gob.ec\/sitio\/#website\"},\"datePublished\":\"2023-11-01T15:05:45+00:00\",\"dateModified\":\"2023-11-09T21:05:01+00:00\",\"breadcrumb\":{\"@id\":\"https:\/\/shushufindi.gob.ec\/sitio\/cuerpo-de-bomberos-shushufindi\/#breadcrumb\"},\"inLanguage\":\"es\",\"potentialAction\":[{\"@type\":\"ReadAction\",\"target\":[\"https:\/\/shushufindi.gob.ec\/sitio\/cuerpo-de-bomberos-shushufindi\/\"]}]},{\"@type\":\"BreadcrumbList\",\"@id\":\"https:\/\/shushufindi.gob.ec\/sitio\/cuerpo-de-bomberos-shushufindi\/#breadcrumb\",\"itemListElement\":[{\"@type\":\"ListItem\",\"position\":1,\"name\":\"Portada\",\"item\":\"https:\/\/shushufindi.gob.ec\/sitio\/\"},{\"@type\":\"ListItem\",\"position\":2,\"name\":\"CUERPO DE BOMBEROS SHUSHUFINDI\"}]},{\"@type\":\"WebSite\",\"@id\":\"https:\/\/shushufindi.gob.ec\/sitio\/#website\",\"url\":\"https:\/\/shushufindi.gob.ec\/sitio\/\",\"name\":\"Municipio del Cant\u00f3n Shushufindi\",\"description\":\"GAD Municipal\",\"publisher\":{\"@id\":\"https:\/\/shushufindi.gob.ec\/sitio\/#organization\"},\"potentialAction\":[{\"@type\":\"SearchAction\",\"target\":{\"@type\":\"EntryPoint\",\"urlTemplate\":\"https:\/\/shushufindi.gob.ec\/sitio\/?s={search_term_string}\"},\"query-input\":{\"@type\":\"PropertyValueSpecification\",\"valueRequired\":true,\"valueName\":\"search_term_string\"}}],\"inLanguage\":\"es\"},{\"@type\":\"Organization\",\"@id\":\"https:\/\/shushufindi.gob.ec\/sitio\/#organization\",\"name\":\"Municipio del Cant\u00f3n Shushufindi\",\"url\":\"https:\/\/shushufindi.gob.ec\/sitio\/\",\"logo\":{\"@type\":\"ImageObject\",\"inLanguage\":\"es\",\"@id\":\"https:\/\/shushufindi.gob.ec\/sitio\/#\/schema\/logo\/image\/\",\"url\":\"http:\/\/shushufindi.gob.ec\/sitio\/wp-content\/uploads\/2023\/10\/favicon.jpg\",\"contentUrl\":\"http:\/\/shushufindi.gob.ec\/sitio\/wp-content\/uploads\/2023\/10\/favicon.jpg\",\"width\":100,\"height\":97,\"caption\":\"Municipio del Cant\u00f3n Shushufindi\"},\"image\":{\"@id\":\"https:\/\/shushufindi.gob.ec\/sitio\/#\/schema\/logo\/image\/\"}}]}<\/script>\n<!-- \/ Yoast SEO plugin. -->","yoast_head_json":{"title":"CUERPO DE BOMBEROS SHUSHUFINDI - Municipio del Cant\u00f3n Shushufindi","robots":{"index":"index","follow":"follow","max-snippet":"max-snippet:-1","max-image-preview":"max-image-preview:large","max-video-preview":"max-video-preview:-1"},"canonical":"https:\/\/shushufindi.gob.ec\/sitio\/cuerpo-de-bomberos-shushufindi\/","og_locale":"es_ES","og_type":"article","og_title":"CUERPO DE BOMBEROS SHUSHUFINDI - Municipio del Cant\u00f3n Shushufindi","og_description":"[vc_row gap=\u00bb25&#8243; equal_height=\u00bbyes\u00bb woodmart_css_id=\u00bb653f43b647242&#8243; responsive_spacing=\u00bbeyJwYXJhbV90eXBlIjoid29vZG1hcnRfcmVzcG9uc2l2ZV9zcGFjaW5nIiwic2VsZWN0b3JfaWQiOiI2NTNmNDNiNjQ3MjQyIiwic2hvcnRjb2RlIjoidmNfcm93IiwiZGF0YSI6eyJ0YWJsZXQiOnsicGFkZGluZy1yaWdodCI6IjIlIiwicGFkZGluZy1sZWZ0IjoiMiUifSwibW9iaWxlIjp7InBhZGRpbmctcmlnaHQiOiIxJSIsInBhZGRpbmctbGVmdCI6IjElIn19fQ==\u00bb mobile_bg_img_hidden=\u00bbno\u00bb tablet_bg_img_hidden=\u00bbno\u00bb woodmart_parallax=\u00bb0&#8243; woodmart_gradient_switch=\u00bbno\u00bb woodmart_box_shadow=\u00bbno\u00bb wd_z_index=\u00bbno\u00bb woodmart_disable_overflow=\u00bb0&#8243; row_reverse_mobile=\u00bb0&#8243; row_reverse_tablet=\u00bb0&#8243; css=\u00bb.vc_custom_1698644936512{margin-top: 40px !important;padding-right: 2% !important;padding-left: 2%","og_url":"https:\/\/shushufindi.gob.ec\/sitio\/cuerpo-de-bomberos-shushufindi\/","og_site_name":"Municipio del Cant\u00f3n Shushufindi","article_modified_time":"2023-11-09T21:05:01+00:00","twitter_card":"summary_large_image","twitter_misc":{"Tiempo de lectura":"6 minutos"},"schema":{"@context":"https:\/\/schema.org","@graph":[{"@type":"WebPage","@id":"https:\/\/shushufindi.gob.ec\/sitio\/cuerpo-de-bomberos-shushufindi\/","url":"https:\/\/shushufindi.gob.ec\/sitio\/cuerpo-de-bomberos-shushufindi\/","name":"CUERPO DE BOMBEROS SHUSHUFINDI - Municipio del Cant\u00f3n Shushufindi","isPartOf":{"@id":"https:\/\/shushufindi.gob.ec\/sitio\/#website"},"datePublished":"2023-11-01T15:05:45+00:00","dateModified":"2023-11-09T21:05:01+00:00","breadcrumb":{"@id":"https:\/\/shushufindi.gob.ec\/sitio\/cuerpo-de-bomberos-shushufindi\/#breadcrumb"},"inLanguage":"es","potentialAction":[{"@type":"ReadAction","target":["https:\/\/shushufindi.gob.ec\/sitio\/cuerpo-de-bomberos-shushufindi\/"]}]},{"@type":"BreadcrumbList","@id":"https:\/\/shushufindi.gob.ec\/sitio\/cuerpo-de-bomberos-shushufindi\/#breadcrumb","itemListElement":[{"@type":"ListItem","position":1,"name":"Portada","item":"https:\/\/shushufindi.gob.ec\/sitio\/"},{"@type":"ListItem","position":2,"name":"CUERPO DE BOMBEROS SHUSHUFINDI"}]},{"@type":"WebSite","@id":"https:\/\/shushufindi.gob.ec\/sitio\/#website","url":"https:\/\/shushufindi.gob.ec\/sitio\/","name":"Municipio del Cant\u00f3n Shushufindi","description":"GAD Municipal","publisher":{"@id":"https:\/\/shushufindi.gob.ec\/sitio\/#organization"},"potentialAction":[{"@type":"SearchAction","target":{"@type":"EntryPoint","urlTemplate":"https:\/\/shushufindi.gob.ec\/sitio\/?s={search_term_string}"},"query-input":{"@type":"PropertyValueSpecification","valueRequired":true,"valueName":"search_term_string"}}],"inLanguage":"es"},{"@type":"Organization","@id":"https:\/\/shushufindi.gob.ec\/sitio\/#organization","name":"Municipio del Cant\u00f3n Shushufindi","url":"https:\/\/shushufindi.gob.ec\/sitio\/","logo":{"@type":"ImageObject","inLanguage":"es","@id":"https:\/\/shushufindi.gob.ec\/sitio\/#\/schema\/logo\/image\/","url":"http:\/\/shushufindi.gob.ec\/sitio\/wp-content\/uploads\/2023\/10\/favicon.jpg","contentUrl":"http:\/\/shushufindi.gob.ec\/sitio\/wp-content\/uploads\/2023\/10\/favicon.jpg","width":100,"height":97,"caption":"Municipio del Cant\u00f3n Shushufindi"},"image":{"@id":"https:\/\/shushufindi.gob.ec\/sitio\/#\/schema\/logo\/image\/"}}]}},"_links":{"self":[{"href":"https:\/\/shushufindi.gob.ec\/sitio\/wp-json\/wp\/v2\/pages\/30900","targetHints":{"allow":["GET"]}}],"collection":[{"href":"https:\/\/shushufindi.gob.ec\/sitio\/wp-json\/wp\/v2\/pages"}],"about":[{"href":"https:\/\/shushufindi.gob.ec\/sitio\/wp-json\/wp\/v2\/types\/page"}],"author":[{"embeddable":true,"href":"https:\/\/shushufindi.gob.ec\/sitio\/wp-json\/wp\/v2\/users\/1"}],"replies":[{"embeddable":true,"href":"https:\/\/shushufindi.gob.ec\/sitio\/wp-json\/wp\/v2\/comments?post=30900"}],"version-history":[{"count":6,"href":"https:\/\/shushufindi.gob.ec\/sitio\/wp-json\/wp\/v2\/pages\/30900\/revisions"}],"predecessor-version":[{"id":30908,"href":"https:\/\/shushufindi.gob.ec\/sitio\/wp-json\/wp\/v2\/pages\/30900\/revisions\/30908"}],"wp:attachment":[{"href":"https:\/\/shushufindi.gob.ec\/sitio\/wp-json\/wp\/v2\/media?parent=30900"}],"curies":[{"name":"wp","href":"https:\/\/api.w.org\/{rel}","templated":true}]}}