{"id":30943,"date":"2023-11-01T15:43:03","date_gmt":"2023-11-01T15:43:03","guid":{"rendered":"http:\/\/shushufindi.gob.ec\/sitio\/?page_id=30943"},"modified":"2023-11-09T21:05:07","modified_gmt":"2023-11-09T21:05:07","slug":"rendicion-de-cuentas-2019","status":"publish","type":"page","link":"https:\/\/shushufindi.gob.ec\/sitio\/rendicion-de-cuentas-2019\/","title":{"rendered":"RENDICI\u00d3N DE CUENTAS 2019"},"content":{"rendered":"<div class=\"wpb-content-wrapper\">[vc_row gap=\u00bb25&#8243; equal_height=\u00bbyes\u00bb woodmart_css_id=\u00bb653f42fe82f62&#8243; responsive_spacing=\u00bbeyJwYXJhbV90eXBlIjoid29vZG1hcnRfcmVzcG9uc2l2ZV9zcGFjaW5nIiwic2VsZWN0b3JfaWQiOiI2NTNmNDJmZTgyZjYyIiwic2hvcnRjb2RlIjoidmNfcm93IiwiZGF0YSI6eyJ0YWJsZXQiOnsicGFkZGluZy1yaWdodCI6IjIlIiwicGFkZGluZy1sZWZ0IjoiMiUifSwibW9iaWxlIjp7InBhZGRpbmctcmlnaHQiOiIxJSIsInBhZGRpbmctbGVmdCI6IjElIn19fQ==\u00bb mobile_bg_img_hidden=\u00bbno\u00bb tablet_bg_img_hidden=\u00bbno\u00bb woodmart_parallax=\u00bb0&#8243; woodmart_gradient_switch=\u00bbno\u00bb woodmart_box_shadow=\u00bbno\u00bb wd_z_index=\u00bbno\u00bb woodmart_disable_overflow=\u00bb0&#8243; row_reverse_mobile=\u00bb0&#8243; row_reverse_tablet=\u00bb0&#8243; css=\u00bb.vc_custom_1698644741739{margin-top: 40px !important;}\u00bb][vc_column parallax=\u00bbcontent-moving\u00bb parallax_image=\u00bb30944&#8243; parallax_speed_bg=\u00bb1&#8243; width=\u00bb1\/2&#8243; woodmart_css_id=\u00bb654271f857408&#8243; parallax_scroll=\u00bbno\u00bb woodmart_sticky_column=\u00bbfalse\u00bb wd_collapsible_content_switcher=\u00bbno\u00bb wd_column_role_offcanvas_desktop=\u00bbno\u00bb wd_column_role_offcanvas_tablet=\u00bbno\u00bb wd_column_role_offcanvas_mobile=\u00bbno\u00bb wd_column_role_content_desktop=\u00bbno\u00bb wd_column_role_content_tablet=\u00bbno\u00bb wd_column_role_content_mobile=\u00bbno\u00bb mobile_bg_img_hidden=\u00bbno\u00bb tablet_bg_img_hidden=\u00bbno\u00bb woodmart_parallax=\u00bb0&#8243; woodmart_box_shadow=\u00bbno\u00bb responsive_spacing=\u00bbeyJwYXJhbV90eXBlIjoid29vZG1hcnRfcmVzcG9uc2l2ZV9zcGFjaW5nIiwic2VsZWN0b3JfaWQiOiI2NTQyNzFmODU3NDA4Iiwic2hvcnRjb2RlIjoidmNfY29sdW1uIiwiZGF0YSI6eyJ0YWJsZXQiOnt9LCJtb2JpbGUiOnt9fX0=\u00bb mobile_reset_margin=\u00bbno\u00bb tablet_reset_margin=\u00bbno\u00bb wd_z_index=\u00bbno\u00bb][vc_empty_space height=\u00bb400px\u00bb woodmart_hide_large=\u00bb0&#8243; woodmart_hide_medium=\u00bb0&#8243; woodmart_hide_small=\u00bb0&#8243;][\/vc_column][vc_column width=\u00bb1\/2&#8243; css=\u00bb.vc_custom_1698636762353{padding-top: 10px !important;padding-right: 40px !important;padding-bottom: 10px !important;padding-left: 40px !important;}\u00bb woodmart_css_id=\u00bb653f23cba86b1&#8243; parallax_scroll=\u00bbno\u00bb woodmart_sticky_column=\u00bbfalse\u00bb wd_collapsible_content_switcher=\u00bbno\u00bb wd_column_role_offcanvas_desktop=\u00bbno\u00bb wd_column_role_offcanvas_tablet=\u00bbno\u00bb wd_column_role_offcanvas_mobile=\u00bbno\u00bb wd_column_role_content_desktop=\u00bbno\u00bb wd_column_role_content_tablet=\u00bbno\u00bb wd_column_role_content_mobile=\u00bbno\u00bb mobile_bg_img_hidden=\u00bbno\u00bb tablet_bg_img_hidden=\u00bbno\u00bb woodmart_parallax=\u00bb0&#8243; woodmart_box_shadow=\u00bbno\u00bb responsive_spacing=\u00bbeyJwYXJhbV90eXBlIjoid29vZG1hcnRfcmVzcG9uc2l2ZV9zcGFjaW5nIiwic2VsZWN0b3JfaWQiOiI2NTNmMjNjYmE4NmIxIiwic2hvcnRjb2RlIjoidmNfY29sdW1uIiwiZGF0YSI6eyJ0YWJsZXQiOnt9LCJtb2JpbGUiOnt9fX0=\u00bb mobile_reset_margin=\u00bbno\u00bb tablet_reset_margin=\u00bbno\u00bb wd_z_index=\u00bbno\u00bb][vc_column_text woodmart_inline=\u00bbno\u00bb text_larger=\u00bbno\u00bb]\n<p style=\"text-align: justify;\">La alcaldesa, Esperanza Torres, los representantes de las Unidades Adscritas y los concejales del Gobierno Municipal de Shushufindi, rindieron cuentas de la gesti\u00f3n 2019, en un acto que cont\u00f3 con la participaci\u00f3n de los delegados de la ciudadan\u00eda y fue transmitida a trav\u00e9s e Facebook live para que los shushufindenses puedan realizar sus planteamientos.<\/p>\n<p style=\"text-align: justify;\">La m\u00e1xima autoridad del cant\u00f3n resalt\u00f3 importantes logros durante su administraci\u00f3n entre los que destac\u00f3 la gesti\u00f3n interinstitucional para la firma de importantes convenios, con el MIDUVI para la implementaci\u00f3n del Plan de Vivienda. Asimismo, con el Gobierno Provincial para asumir la competencia e intervenir en el fomento productivo.<\/p>\n<p style=\"text-align: justify;\">En gesti\u00f3n financiera se destac\u00f3 la gesti\u00f3n de m\u00e1s de 13 millones de d\u00f3lares para proyectos trascendentales como la construcci\u00f3n del parque lineal y el asfaltado de 6.2 kil\u00f3metros en varios tramos de calles de los barrios de la ciudad.<\/p>\n<p style=\"text-align: justify;\">\u201cEn el 2019 se sembraron las bases de grandes proyectos y obras como la regeneraci\u00f3n urbana en sectores estrat\u00e9gicos de la ciudad, entre otros\u201d puntualiz\u00f3 la Alcaldesa.<\/p>\n<p style=\"text-align: justify;\"><a href=\"http:\/\/shushufindi.gob.ec\/portal\/wp-content\/uploads\/2020\/10\/INFORME-RC-2019-ALCALDESA.pdf\">INFORME DE RENDICI\u00d3N DE CUENTAS 2019<\/a><\/p>\n<p style=\"text-align: justify;\"><a href=\"http:\/\/shushufindi.gob.ec\/portal\/wp-content\/uploads\/2020\/10\/FORMULARIO-RENDICION-DE-CUENTAS.pdf\">FORMULARIO DE RENDICI\u00d3N DE CUENTAS 2019<\/a><\/p>\n<p style=\"text-align: justify;\"><strong>UNIDADES ADSCRITAS<\/strong><\/p>\n<p style=\"text-align: justify;\">En la audiencia p\u00fablica, la Junta Cantonal de protecci\u00f3n de Derechos de la Ni\u00f1ez y Adolescencia, las unidades adscritas: Centro de Responsabilidad Social y Solidario Municipal, Consejo Cantonal de Protecci\u00f3n de Derechos, Cuerpo de Bomberos y Registro de la Propiedad, informaron sobre las actividades desarrolladas durante el 2019, a favor de la poblaci\u00f3n del cant\u00f3n Shushufindi.<\/p>\n<p style=\"text-align: justify;\"><strong>\u00a0CONCEJALES;<\/strong><\/p>\n<p style=\"text-align: justify;\">En el \u00e1mbito de la fiscalizaci\u00f3n y legislaci\u00f3n presentaron su informe 2019, el vicealcalde ingeniero Byron Rojas, la concejala Maryuri Loor y los concejales; ingeniero Freddy Rodr\u00edguez, licenciado Washington Morej\u00f3n y Danilo Rojas.<\/p>\n[\/vc_column_text][\/vc_column][\/vc_row][vc_row][vc_column][vc_empty_space height=\u00bb45px\u00bb woodmart_hide_large=\u00bb0&#8243; woodmart_hide_medium=\u00bb0&#8243; woodmart_hide_small=\u00bb0&#8243;][\/vc_column][\/vc_row]\n<\/div>","protected":false},"excerpt":{"rendered":"<p>[vc_row gap=\u00bb25&#8243; equal_height=\u00bbyes\u00bb woodmart_css_id=\u00bb653f42fe82f62&#8243; responsive_spacing=\u00bbeyJwYXJhbV90eXBlIjoid29vZG1hcnRfcmVzcG9uc2l2ZV9zcGFjaW5nIiwic2VsZWN0b3JfaWQiOiI2NTNmNDJmZTgyZjYyIiwic2hvcnRjb2RlIjoidmNfcm93IiwiZGF0YSI6eyJ0YWJsZXQiOnsicGFkZGluZy1yaWdodCI6IjIlIiwicGFkZGluZy1sZWZ0IjoiMiUifSwibW9iaWxlIjp7InBhZGRpbmctcmlnaHQiOiIxJSIsInBhZGRpbmctbGVmdCI6IjElIn19fQ==\u00bb mobile_bg_img_hidden=\u00bbno\u00bb tablet_bg_img_hidden=\u00bbno\u00bb woodmart_parallax=\u00bb0&#8243; woodmart_gradient_switch=\u00bbno\u00bb woodmart_box_shadow=\u00bbno\u00bb wd_z_index=\u00bbno\u00bb woodmart_disable_overflow=\u00bb0&#8243; row_reverse_mobile=\u00bb0&#8243; row_reverse_tablet=\u00bb0&#8243; css=\u00bb.vc_custom_1698644741739{margin-top: 40px !important;}\u00bb][vc_column parallax=\u00bbcontent-moving\u00bb parallax_image=\u00bb30944&#8243; parallax_speed_bg=\u00bb1&#8243;<\/p>\n","protected":false},"author":1,"featured_media":0,"parent":0,"menu_order":0,"comment_status":"closed","ping_status":"closed","template":"","meta":{"_monsterinsights_skip_tracking":false,"_monsterinsights_sitenote_active":false,"_monsterinsights_sitenote_note":"","_monsterinsights_sitenote_category":0,"_joinchat":[],"footnotes":""},"class_list":["post-30943","page","type-page","status-publish","hentry"],"yoast_head":"<!-- This site is optimized with the Yoast SEO plugin v25.8 - https:\/\/yoast.com\/wordpress\/plugins\/seo\/ -->\n<title>RENDICI\u00d3N DE CUENTAS 2019 - Municipio del Cant\u00f3n Shushufindi<\/title>\n<meta name=\"robots\" content=\"index, follow, max-snippet:-1, max-image-preview:large, max-video-preview:-1\" \/>\n<link rel=\"canonical\" href=\"https:\/\/shushufindi.gob.ec\/sitio\/rendicion-de-cuentas-2019\/\" \/>\n<meta property=\"og:locale\" content=\"es_ES\" \/>\n<meta property=\"og:type\" content=\"article\" \/>\n<meta property=\"og:title\" content=\"RENDICI\u00d3N DE CUENTAS 2019 - Municipio del Cant\u00f3n Shushufindi\" \/>\n<meta property=\"og:description\" content=\"[vc_row gap=\u00bb25&#8243; equal_height=\u00bbyes\u00bb woodmart_css_id=\u00bb653f42fe82f62&#8243; responsive_spacing=\u00bbeyJwYXJhbV90eXBlIjoid29vZG1hcnRfcmVzcG9uc2l2ZV9zcGFjaW5nIiwic2VsZWN0b3JfaWQiOiI2NTNmNDJmZTgyZjYyIiwic2hvcnRjb2RlIjoidmNfcm93IiwiZGF0YSI6eyJ0YWJsZXQiOnsicGFkZGluZy1yaWdodCI6IjIlIiwicGFkZGluZy1sZWZ0IjoiMiUifSwibW9iaWxlIjp7InBhZGRpbmctcmlnaHQiOiIxJSIsInBhZGRpbmctbGVmdCI6IjElIn19fQ==\u00bb mobile_bg_img_hidden=\u00bbno\u00bb tablet_bg_img_hidden=\u00bbno\u00bb woodmart_parallax=\u00bb0&#8243; woodmart_gradient_switch=\u00bbno\u00bb woodmart_box_shadow=\u00bbno\u00bb wd_z_index=\u00bbno\u00bb woodmart_disable_overflow=\u00bb0&#8243; row_reverse_mobile=\u00bb0&#8243; row_reverse_tablet=\u00bb0&#8243; css=\u00bb.vc_custom_1698644741739{margin-top: 40px !important;}\u00bb][vc_column parallax=\u00bbcontent-moving\u00bb parallax_image=\u00bb30944&#8243; parallax_speed_bg=\u00bb1&#8243;\" \/>\n<meta property=\"og:url\" content=\"https:\/\/shushufindi.gob.ec\/sitio\/rendicion-de-cuentas-2019\/\" \/>\n<meta property=\"og:site_name\" content=\"Municipio del Cant\u00f3n Shushufindi\" \/>\n<meta property=\"article:modified_time\" content=\"2023-11-09T21:05:07+00:00\" \/>\n<meta name=\"twitter:card\" content=\"summary_large_image\" \/>\n<meta name=\"twitter:label1\" content=\"Tiempo de lectura\" \/>\n\t<meta name=\"twitter:data1\" content=\"3 minutos\" \/>\n<script type=\"application\/ld+json\" class=\"yoast-schema-graph\">{\"@context\":\"https:\/\/schema.org\",\"@graph\":[{\"@type\":\"WebPage\",\"@id\":\"https:\/\/shushufindi.gob.ec\/sitio\/rendicion-de-cuentas-2019\/\",\"url\":\"https:\/\/shushufindi.gob.ec\/sitio\/rendicion-de-cuentas-2019\/\",\"name\":\"RENDICI\u00d3N DE CUENTAS 2019 - Municipio del Cant\u00f3n Shushufindi\",\"isPartOf\":{\"@id\":\"https:\/\/shushufindi.gob.ec\/sitio\/#website\"},\"datePublished\":\"2023-11-01T15:43:03+00:00\",\"dateModified\":\"2023-11-09T21:05:07+00:00\",\"breadcrumb\":{\"@id\":\"https:\/\/shushufindi.gob.ec\/sitio\/rendicion-de-cuentas-2019\/#breadcrumb\"},\"inLanguage\":\"es\",\"potentialAction\":[{\"@type\":\"ReadAction\",\"target\":[\"https:\/\/shushufindi.gob.ec\/sitio\/rendicion-de-cuentas-2019\/\"]}]},{\"@type\":\"BreadcrumbList\",\"@id\":\"https:\/\/shushufindi.gob.ec\/sitio\/rendicion-de-cuentas-2019\/#breadcrumb\",\"itemListElement\":[{\"@type\":\"ListItem\",\"position\":1,\"name\":\"Portada\",\"item\":\"https:\/\/shushufindi.gob.ec\/sitio\/\"},{\"@type\":\"ListItem\",\"position\":2,\"name\":\"RENDICI\u00d3N DE CUENTAS 2019\"}]},{\"@type\":\"WebSite\",\"@id\":\"https:\/\/shushufindi.gob.ec\/sitio\/#website\",\"url\":\"https:\/\/shushufindi.gob.ec\/sitio\/\",\"name\":\"Municipio del Cant\u00f3n Shushufindi\",\"description\":\"GAD Municipal\",\"publisher\":{\"@id\":\"https:\/\/shushufindi.gob.ec\/sitio\/#organization\"},\"potentialAction\":[{\"@type\":\"SearchAction\",\"target\":{\"@type\":\"EntryPoint\",\"urlTemplate\":\"https:\/\/shushufindi.gob.ec\/sitio\/?s={search_term_string}\"},\"query-input\":{\"@type\":\"PropertyValueSpecification\",\"valueRequired\":true,\"valueName\":\"search_term_string\"}}],\"inLanguage\":\"es\"},{\"@type\":\"Organization\",\"@id\":\"https:\/\/shushufindi.gob.ec\/sitio\/#organization\",\"name\":\"Municipio del Cant\u00f3n Shushufindi\",\"url\":\"https:\/\/shushufindi.gob.ec\/sitio\/\",\"logo\":{\"@type\":\"ImageObject\",\"inLanguage\":\"es\",\"@id\":\"https:\/\/shushufindi.gob.ec\/sitio\/#\/schema\/logo\/image\/\",\"url\":\"http:\/\/shushufindi.gob.ec\/sitio\/wp-content\/uploads\/2023\/10\/favicon.jpg\",\"contentUrl\":\"http:\/\/shushufindi.gob.ec\/sitio\/wp-content\/uploads\/2023\/10\/favicon.jpg\",\"width\":100,\"height\":97,\"caption\":\"Municipio del Cant\u00f3n Shushufindi\"},\"image\":{\"@id\":\"https:\/\/shushufindi.gob.ec\/sitio\/#\/schema\/logo\/image\/\"}}]}<\/script>\n<!-- \/ Yoast SEO plugin. -->","yoast_head_json":{"title":"RENDICI\u00d3N DE CUENTAS 2019 - Municipio del Cant\u00f3n Shushufindi","robots":{"index":"index","follow":"follow","max-snippet":"max-snippet:-1","max-image-preview":"max-image-preview:large","max-video-preview":"max-video-preview:-1"},"canonical":"https:\/\/shushufindi.gob.ec\/sitio\/rendicion-de-cuentas-2019\/","og_locale":"es_ES","og_type":"article","og_title":"RENDICI\u00d3N DE CUENTAS 2019 - Municipio del Cant\u00f3n Shushufindi","og_description":"[vc_row gap=\u00bb25&#8243; equal_height=\u00bbyes\u00bb woodmart_css_id=\u00bb653f42fe82f62&#8243; responsive_spacing=\u00bbeyJwYXJhbV90eXBlIjoid29vZG1hcnRfcmVzcG9uc2l2ZV9zcGFjaW5nIiwic2VsZWN0b3JfaWQiOiI2NTNmNDJmZTgyZjYyIiwic2hvcnRjb2RlIjoidmNfcm93IiwiZGF0YSI6eyJ0YWJsZXQiOnsicGFkZGluZy1yaWdodCI6IjIlIiwicGFkZGluZy1sZWZ0IjoiMiUifSwibW9iaWxlIjp7InBhZGRpbmctcmlnaHQiOiIxJSIsInBhZGRpbmctbGVmdCI6IjElIn19fQ==\u00bb mobile_bg_img_hidden=\u00bbno\u00bb tablet_bg_img_hidden=\u00bbno\u00bb woodmart_parallax=\u00bb0&#8243; woodmart_gradient_switch=\u00bbno\u00bb woodmart_box_shadow=\u00bbno\u00bb wd_z_index=\u00bbno\u00bb woodmart_disable_overflow=\u00bb0&#8243; row_reverse_mobile=\u00bb0&#8243; row_reverse_tablet=\u00bb0&#8243; css=\u00bb.vc_custom_1698644741739{margin-top: 40px !important;}\u00bb][vc_column parallax=\u00bbcontent-moving\u00bb parallax_image=\u00bb30944&#8243; parallax_speed_bg=\u00bb1&#8243;","og_url":"https:\/\/shushufindi.gob.ec\/sitio\/rendicion-de-cuentas-2019\/","og_site_name":"Municipio del Cant\u00f3n Shushufindi","article_modified_time":"2023-11-09T21:05:07+00:00","twitter_card":"summary_large_image","twitter_misc":{"Tiempo de lectura":"3 minutos"},"schema":{"@context":"https:\/\/schema.org","@graph":[{"@type":"WebPage","@id":"https:\/\/shushufindi.gob.ec\/sitio\/rendicion-de-cuentas-2019\/","url":"https:\/\/shushufindi.gob.ec\/sitio\/rendicion-de-cuentas-2019\/","name":"RENDICI\u00d3N DE CUENTAS 2019 - Municipio del Cant\u00f3n Shushufindi","isPartOf":{"@id":"https:\/\/shushufindi.gob.ec\/sitio\/#website"},"datePublished":"2023-11-01T15:43:03+00:00","dateModified":"2023-11-09T21:05:07+00:00","breadcrumb":{"@id":"https:\/\/shushufindi.gob.ec\/sitio\/rendicion-de-cuentas-2019\/#breadcrumb"},"inLanguage":"es","potentialAction":[{"@type":"ReadAction","target":["https:\/\/shushufindi.gob.ec\/sitio\/rendicion-de-cuentas-2019\/"]}]},{"@type":"BreadcrumbList","@id":"https:\/\/shushufindi.gob.ec\/sitio\/rendicion-de-cuentas-2019\/#breadcrumb","itemListElement":[{"@type":"ListItem","position":1,"name":"Portada","item":"https:\/\/shushufindi.gob.ec\/sitio\/"},{"@type":"ListItem","position":2,"name":"RENDICI\u00d3N DE CUENTAS 2019"}]},{"@type":"WebSite","@id":"https:\/\/shushufindi.gob.ec\/sitio\/#website","url":"https:\/\/shushufindi.gob.ec\/sitio\/","name":"Municipio del Cant\u00f3n Shushufindi","description":"GAD Municipal","publisher":{"@id":"https:\/\/shushufindi.gob.ec\/sitio\/#organization"},"potentialAction":[{"@type":"SearchAction","target":{"@type":"EntryPoint","urlTemplate":"https:\/\/shushufindi.gob.ec\/sitio\/?s={search_term_string}"},"query-input":{"@type":"PropertyValueSpecification","valueRequired":true,"valueName":"search_term_string"}}],"inLanguage":"es"},{"@type":"Organization","@id":"https:\/\/shushufindi.gob.ec\/sitio\/#organization","name":"Municipio del Cant\u00f3n Shushufindi","url":"https:\/\/shushufindi.gob.ec\/sitio\/","logo":{"@type":"ImageObject","inLanguage":"es","@id":"https:\/\/shushufindi.gob.ec\/sitio\/#\/schema\/logo\/image\/","url":"http:\/\/shushufindi.gob.ec\/sitio\/wp-content\/uploads\/2023\/10\/favicon.jpg","contentUrl":"http:\/\/shushufindi.gob.ec\/sitio\/wp-content\/uploads\/2023\/10\/favicon.jpg","width":100,"height":97,"caption":"Municipio del Cant\u00f3n Shushufindi"},"image":{"@id":"https:\/\/shushufindi.gob.ec\/sitio\/#\/schema\/logo\/image\/"}}]}},"_links":{"self":[{"href":"https:\/\/shushufindi.gob.ec\/sitio\/wp-json\/wp\/v2\/pages\/30943","targetHints":{"allow":["GET"]}}],"collection":[{"href":"https:\/\/shushufindi.gob.ec\/sitio\/wp-json\/wp\/v2\/pages"}],"about":[{"href":"https:\/\/shushufindi.gob.ec\/sitio\/wp-json\/wp\/v2\/types\/page"}],"author":[{"embeddable":true,"href":"https:\/\/shushufindi.gob.ec\/sitio\/wp-json\/wp\/v2\/users\/1"}],"replies":[{"embeddable":true,"href":"https:\/\/shushufindi.gob.ec\/sitio\/wp-json\/wp\/v2\/comments?post=30943"}],"version-history":[{"count":1,"href":"https:\/\/shushufindi.gob.ec\/sitio\/wp-json\/wp\/v2\/pages\/30943\/revisions"}],"predecessor-version":[{"id":30945,"href":"https:\/\/shushufindi.gob.ec\/sitio\/wp-json\/wp\/v2\/pages\/30943\/revisions\/30945"}],"wp:attachment":[{"href":"https:\/\/shushufindi.gob.ec\/sitio\/wp-json\/wp\/v2\/media?parent=30943"}],"curies":[{"name":"wp","href":"https:\/\/api.w.org\/{rel}","templated":true}]}}