{"id":33048,"date":"2025-03-16T02:55:46","date_gmt":"2025-03-16T02:55:46","guid":{"rendered":"https:\/\/shushufindi.gob.ec\/sitio\/?page_id=33048"},"modified":"2025-09-16T13:37:10","modified_gmt":"2025-09-16T13:37:10","slug":"lotaip-2025","status":"publish","type":"page","link":"https:\/\/shushufindi.gob.ec\/sitio\/lotaip-2025\/","title":{"rendered":"LOTAIP 2025"},"content":{"rendered":"<div class=\"wpb-content-wrapper\">[vc_row][vc_column parallax=\u00bbcontent-moving\u00bb parallax_image=\u00bb68&#8243; width=\u00bb1\/2&#8243; woodmart_css_id=\u00bb683a03917905b\u00bb parallax_scroll=\u00bbno\u00bb woodmart_sticky_column=\u00bbfalse\u00bb wd_collapsible_content_switcher=\u00bbno\u00bb wd_column_role_offcanvas_desktop=\u00bbno\u00bb wd_column_role_offcanvas_tablet=\u00bbno\u00bb wd_column_role_offcanvas_mobile=\u00bbno\u00bb wd_column_role_content_desktop=\u00bbno\u00bb wd_column_role_content_tablet=\u00bbno\u00bb wd_column_role_content_mobile=\u00bbno\u00bb mobile_bg_img_hidden=\u00bbno\u00bb tablet_bg_img_hidden=\u00bbno\u00bb woodmart_parallax=\u00bb0&#8243; woodmart_box_shadow=\u00bbno\u00bb responsive_spacing=\u00bbeyJwYXJhbV90eXBlIjoid29vZG1hcnRfcmVzcG9uc2l2ZV9zcGFjaW5nIiwic2VsZWN0b3JfaWQiOiI2ODNhMDM5MTc5MDViIiwic2hvcnRjb2RlIjoidmNfY29sdW1uIiwiZGF0YSI6eyJ0YWJsZXQiOnt9LCJtb2JpbGUiOnt9fX0=\u00bb mobile_reset_margin=\u00bbno\u00bb tablet_reset_margin=\u00bbno\u00bb wd_z_index=\u00bbno\u00bb][vc_empty_space height=\u00bb500px\u00bb woodmart_hide_large=\u00bb0&#8243; woodmart_hide_medium=\u00bb0&#8243; woodmart_hide_small=\u00bb0&#8243;][\/vc_column][vc_column width=\u00bb1\/2&#8243;][vc_column_text woodmart_inline=\u00bbno\u00bb text_larger=\u00bbno\u00bb]Estimado Ciudadano al visitar este sitio se garantiza localizar la informaci\u00f3n p\u00fablica del Gobierno Aut\u00f3nomo Descentralizado Municipal del Cant\u00f3n Shushufindi, misma que se encuentra clasificada y actualizada de forma mensual y se ajusta a lo requerido en las matrices establecidas en el Art. 7; de la Ley Org\u00e1nica de Acceso a la Informaci\u00f3n P\u00fablica, Difusi\u00f3n de la Informaci\u00f3n P\u00fablica en la que se\u00f1ala \u201cPor la transparencia en la gesti\u00f3n administrativa que est\u00e1n obligadas a observar todas las instituciones del Estado que conforman el sector p\u00fablico en los t\u00e9rminos del art\u00edculo 118 de la Constituci\u00f3n Pol\u00edtica de la Rep\u00fablica y dem\u00e1s entes se\u00f1alados en el art\u00edculo 1 de la presente Ley, difundir\u00e1n a trav\u00e9s de un portal de informaci\u00f3n o p\u00e1gina web, as\u00ed como los medios necesarios a disposici\u00f3n del p\u00fablico, implementados en la misma instituci\u00f3n, que para efectos de esta Ley ,se le considera de naturaleza obligatoria.<\/p>\n<p>Gracias por su visita de requerir informaci\u00f3n invitamos a usted, se sirva dar un clic en el mes y literal de su inter\u00e9s e inmediatamente le llevar\u00e1 a los datos solicitados, adicionalmente se pone a su disposici\u00f3n los hiperv\u00ednculos de alojamiento de la informaci\u00f3n.<\/p>\n<p>Recomendaciones y\/o sugerencias favor escribirnos a la direcci\u00f3n electr\u00f3nica:\u00a0 comunicacion@shushufindi.gob.ec[\/vc_column_text][\/vc_column][\/vc_row][vc_row][vc_column][vc_tta_tabs][vc_tta_section title=\u00bbENERO\u00bb tab_id=\u00bb1742095245971-5e6f2140-009f\u00bb]\t\t\t<link rel=\"stylesheet\" id=\"wd-accordion-css\" href=\"https:\/\/shushufindi.gob.ec\/sitio\/wp-content\/themes\/woodmart\/css\/parts\/el-accordion.min.css?ver=7.3.2\" type=\"text\/css\" media=\"all\" \/> \t\t\t\n\t\t<div id=\"wd-\" class=\"wd-accordion wd-wpb  wd-style-default\" data-state=\"first\">\n\t\t\t\t\t\t\t\n\t\t\t\t\n\t\t\t\t<div class=\"wd-accordion-item\">\n\t\t\t\t\t<div class=\"wd-accordion-title wd-active font-primary wd-fontsize-s text-left wd-opener-pos-left wd-font-weight-600\" data-accordion-index=\"0\">\n\t\t\t\t\t\t<div class=\"wd-accordion-title-text\">\n\t\t\t\t\t\t\t\t\t\t\t\t\t\t<span>\n\t\t\t\t\t\t\t\tTRANSPARENCIA\t\t\t\t\t\t\t<\/span>\n\t\t\t\t\t\t<\/div>\n\t\t\t\t\t\t<span class=\"wd-accordion-opener wd-opener-style-arrow\"><\/span>\n\t\t\t\t\t<\/div>\n\n\t\t\t\t\t<div class=\"wd-accordion-content reset-last-child wd-active\" data-accordion-index=\"0\">\n\t\t\t\t\t\t\t\t\t\t\t\t\t<p><a href=\"https:\/\/transparencia.dpe.gob.ec\/entidades\/1026\" target=\"_blank\" rel=\"noopener\">Transparencia Activa<\/a><\/p>\n<p><a href=\"https:\/\/transparencia.dpe.gob.ec\/entidades\/1026\" target=\"_blank\" rel=\"noopener\">Transparencia Focalizada<\/a><\/p>\n<p><a href=\"https:\/\/transparencia.dpe.gob.ec\/entidades\/1026\" target=\"_blank\" rel=\"noopener\">Transparencia Colaborativa\u00a0<\/a><\/p>\n\t\t\t\t\t\t\t\t\t\t\t<\/div>\n\t\t\t\t<\/div>\n\t\t\t\t\t\t\t\t\t\t\t\t\t\t<\/div>\n\n\t\t[\/vc_tta_section][vc_tta_section title=\u00bbFEBRERO\u00bb tab_id=\u00bb1742095245986-0429cf06-fe1a\u00bb]\n\t\t<div id=\"wd-\" class=\"wd-accordion wd-wpb  wd-style-default\" data-state=\"first\">\n\t\t\t\t\t\t\t\n\t\t\t\t\n\t\t\t\t<div class=\"wd-accordion-item\">\n\t\t\t\t\t<div class=\"wd-accordion-title wd-active font-primary wd-fontsize-s text-left wd-opener-pos-left wd-font-weight-600\" data-accordion-index=\"0\">\n\t\t\t\t\t\t<div class=\"wd-accordion-title-text\">\n\t\t\t\t\t\t\t\t\t\t\t\t\t\t<span>\n\t\t\t\t\t\t\t\tTRANSPARENCIA\t\t\t\t\t\t\t<\/span>\n\t\t\t\t\t\t<\/div>\n\t\t\t\t\t\t<span class=\"wd-accordion-opener wd-opener-style-arrow\"><\/span>\n\t\t\t\t\t<\/div>\n\n\t\t\t\t\t<div class=\"wd-accordion-content reset-last-child wd-active\" data-accordion-index=\"0\">\n\t\t\t\t\t\t\t\t\t\t\t\t\t<p><a href=\"https:\/\/transparencia.dpe.gob.ec\/entidades\/1026\" target=\"_blank\" rel=\"noopener\">Transparencia Activa<\/a><\/p>\n<p><a href=\"https:\/\/transparencia.dpe.gob.ec\/entidades\/1026\" target=\"_blank\" rel=\"noopener\">Transparencia Focalizada<\/a><\/p>\n<p><a href=\"https:\/\/transparencia.dpe.gob.ec\/entidades\/1026\" target=\"_blank\" rel=\"noopener\">Transparencia Colaborativa\u00a0<\/a><\/p>\n\t\t\t\t\t\t\t\t\t\t\t<\/div>\n\t\t\t\t<\/div>\n\t\t\t\t\t\t\t\t\t\t\t\t\t\t<\/div>\n\n\t\t[\/vc_tta_section][vc_tta_section title=\u00bbMARZO\u00bb tab_id=\u00bb1742095296378-feb677b6-75bb\u00bb]\n\t\t<div id=\"wd-\" class=\"wd-accordion wd-wpb  wd-style-default\" data-state=\"first\">\n\t\t\t\t\t\t\t\n\t\t\t\t\n\t\t\t\t<div class=\"wd-accordion-item\">\n\t\t\t\t\t<div class=\"wd-accordion-title wd-active font-primary wd-fontsize-s text-left wd-opener-pos-left wd-font-weight-600\" data-accordion-index=\"0\">\n\t\t\t\t\t\t<div class=\"wd-accordion-title-text\">\n\t\t\t\t\t\t\t\t\t\t\t\t\t\t<span>\n\t\t\t\t\t\t\t\tTRANSPARENCIA\t\t\t\t\t\t\t<\/span>\n\t\t\t\t\t\t<\/div>\n\t\t\t\t\t\t<span class=\"wd-accordion-opener wd-opener-style-arrow\"><\/span>\n\t\t\t\t\t<\/div>\n\n\t\t\t\t\t<div class=\"wd-accordion-content reset-last-child wd-active\" data-accordion-index=\"0\">\n\t\t\t\t\t\t\t\t\t\t\t\t\t<p><a href=\"https:\/\/transparencia.dpe.gob.ec\/entidades\/1026\" target=\"_blank\" rel=\"noopener\">Transparencia Activa<\/a><\/p>\n<p><a href=\"https:\/\/transparencia.dpe.gob.ec\/entidades\/1026\" target=\"_blank\" rel=\"noopener\">Transparencia Focalizada<\/a><\/p>\n<p><a href=\"https:\/\/transparencia.dpe.gob.ec\/entidades\/1026\" target=\"_blank\" rel=\"noopener\">Transparencia Colaborativa<\/a><\/p>\n\t\t\t\t\t\t\t\t\t\t\t<\/div>\n\t\t\t\t<\/div>\n\t\t\t\t\t\t\t\t\t\t\t\t\t\t<\/div>\n\n\t\t[\/vc_tta_section][vc_tta_section title=\u00bbABRIL\u00bb tab_id=\u00bb1742095298234-ce1ac8c2-871f\u00bb]\n\t\t<div id=\"wd-\" class=\"wd-accordion wd-wpb  wd-style-default\" data-state=\"first\">\n\t\t\t\t\t\t\t\n\t\t\t\t\n\t\t\t\t<div class=\"wd-accordion-item\">\n\t\t\t\t\t<div class=\"wd-accordion-title wd-active font-primary wd-fontsize-s text-left wd-opener-pos-left wd-font-weight-600\" data-accordion-index=\"0\">\n\t\t\t\t\t\t<div class=\"wd-accordion-title-text\">\n\t\t\t\t\t\t\t\t\t\t\t\t\t\t<span>\n\t\t\t\t\t\t\t\tTRANSPARENCIA\t\t\t\t\t\t\t<\/span>\n\t\t\t\t\t\t<\/div>\n\t\t\t\t\t\t<span class=\"wd-accordion-opener wd-opener-style-arrow\"><\/span>\n\t\t\t\t\t<\/div>\n\n\t\t\t\t\t<div class=\"wd-accordion-content reset-last-child wd-active\" data-accordion-index=\"0\">\n\t\t\t\t\t\t\t\t\t\t\t\t\t<p><a href=\"https:\/\/transparencia.dpe.gob.ec\/entidades\/1026\" target=\"_blank\" rel=\"noopener\">Transparencia Activa<\/a><\/p>\n<p><a href=\"https:\/\/transparencia.dpe.gob.ec\/entidades\/1026\" target=\"_blank\" rel=\"noopener\">Transparencia Focalizada<\/a><\/p>\n<p><a href=\"https:\/\/transparencia.dpe.gob.ec\/entidades\/1026\" target=\"_blank\" rel=\"noopener\">Transparencia Colaborativa<\/a><\/p>\n\t\t\t\t\t\t\t\t\t\t\t<\/div>\n\t\t\t\t<\/div>\n\t\t\t\t\t\t\t\t\t\t\t\t\t\t<\/div>\n\n\t\t[\/vc_tta_section][vc_tta_section title=\u00bbMAYO\u00bb tab_id=\u00bb1742095299936-ac5707a0-75b2&#8243;]\n\t\t<div id=\"wd-\" class=\"wd-accordion wd-wpb  wd-style-default\" data-state=\"first\">\n\t\t\t\t\t\t\t\n\t\t\t\t\n\t\t\t\t<div class=\"wd-accordion-item\">\n\t\t\t\t\t<div class=\"wd-accordion-title wd-active font-primary wd-fontsize-s text-left wd-opener-pos-left wd-font-weight-600\" data-accordion-index=\"0\">\n\t\t\t\t\t\t<div class=\"wd-accordion-title-text\">\n\t\t\t\t\t\t\t\t\t\t\t\t\t\t<span>\n\t\t\t\t\t\t\t\tTRANSPARENCIA\t\t\t\t\t\t\t<\/span>\n\t\t\t\t\t\t<\/div>\n\t\t\t\t\t\t<span class=\"wd-accordion-opener wd-opener-style-arrow\"><\/span>\n\t\t\t\t\t<\/div>\n\n\t\t\t\t\t<div class=\"wd-accordion-content reset-last-child wd-active\" data-accordion-index=\"0\">\n\t\t\t\t\t\t\t\t\t\t\t\t\t<p><a href=\"https:\/\/transparencia.dpe.gob.ec\/entidades\/1026\" target=\"_blank\" rel=\"noopener\">Transparencia\u00a0 Activa<\/a><\/p>\n<p><a href=\"https:\/\/transparencia.dpe.gob.ec\/entidades\/1026\" target=\"_blank\" rel=\"noopener\">Transparencia Focalizada<\/a><\/p>\n<p><a href=\"https:\/\/transparencia.dpe.gob.ec\/entidades\/1026\" target=\"_blank\" rel=\"noopener\">Transparencia Colaborativa<\/a><\/p>\n\t\t\t\t\t\t\t\t\t\t\t<\/div>\n\t\t\t\t<\/div>\n\t\t\t\t\t\t\t\t\t\t\t\t\t\t<\/div>\n\n\t\t[\/vc_tta_section][vc_tta_section title=\u00bbJUNIO\u00bb tab_id=\u00bb1742095301331-884cc08a-e3dd\u00bb]\n\t\t<div id=\"wd-68c9676c574be\" class=\"wd-accordion wd-wpb wd-rs-68c9676c574be  wd-style-default\" data-state=\"first\">\n\t\t\t\t\t\t\t\n\t\t\t\t\n\t\t\t\t<div class=\"wd-accordion-item\">\n\t\t\t\t\t<div class=\"wd-accordion-title wd-active font-primary wd-fontsize-s text-left wd-opener-pos-left wd-font-weight-600\" data-accordion-index=\"0\">\n\t\t\t\t\t\t<div class=\"wd-accordion-title-text\">\n\t\t\t\t\t\t\t\t\t\t\t\t\t\t<span>\n\t\t\t\t\t\t\t\tTRANSPARENCIA\t\t\t\t\t\t\t<\/span>\n\t\t\t\t\t\t<\/div>\n\t\t\t\t\t\t<span class=\"wd-accordion-opener wd-opener-style-arrow\"><\/span>\n\t\t\t\t\t<\/div>\n\n\t\t\t\t\t<div class=\"wd-accordion-content reset-last-child wd-active\" data-accordion-index=\"0\">\n\t\t\t\t\t\t\t\t\t\t\t\t\t<p><a href=\"https:\/\/transparencia.dpe.gob.ec\/entidades\/1026\" target=\"_blank\" rel=\"noopener\">Transparencia\u00a0 Activa<\/a><\/p>\n<p><a href=\"https:\/\/transparencia.dpe.gob.ec\/entidades\/1026\" target=\"_blank\" rel=\"noopener\">Transparencia Focalizada<\/a><\/p>\n<p><a href=\"https:\/\/transparencia.dpe.gob.ec\/entidades\/1026\" target=\"_blank\" rel=\"noopener\">Transparencia Colaborativa<\/a><\/p>\n\t\t\t\t\t\t\t\t\t\t\t<\/div>\n\t\t\t\t<\/div>\n\t\t\t\t\t\t\t\t\t\t\t\t\t\t<\/div>\n\n\t\t[\/vc_tta_section][vc_tta_section title=\u00bbJULIO\u00bb tab_id=\u00bb1742095303143-4b566be6-4b64&#8243;]\n\t\t<div id=\"wd-\" class=\"wd-accordion wd-wpb  wd-style-default\" data-state=\"first\">\n\t\t\t\t\t\t\t\n\t\t\t\t\n\t\t\t\t<div class=\"wd-accordion-item\">\n\t\t\t\t\t<div class=\"wd-accordion-title wd-active font-primary wd-fontsize-s text-left wd-opener-pos-left wd-font-weight-600\" data-accordion-index=\"0\">\n\t\t\t\t\t\t<div class=\"wd-accordion-title-text\">\n\t\t\t\t\t\t\t\t\t\t\t\t\t\t<span>\n\t\t\t\t\t\t\t\tTRANSPARENTE\t\t\t\t\t\t\t<\/span>\n\t\t\t\t\t\t<\/div>\n\t\t\t\t\t\t<span class=\"wd-accordion-opener wd-opener-style-arrow\"><\/span>\n\t\t\t\t\t<\/div>\n\n\t\t\t\t\t<div class=\"wd-accordion-content reset-last-child wd-active\" data-accordion-index=\"0\">\n\t\t\t\t\t\t\t\t\t\t\t\t\t<p><a href=\"https:\/\/transparencia.dpe.gob.ec\/entidades\/1026\" target=\"_blank\" rel=\"noopener\">Transparencia\u00a0 Activa<\/a><\/p>\n<p><a href=\"https:\/\/transparencia.dpe.gob.ec\/entidades\/1026\" target=\"_blank\" rel=\"noopener\">Transparencia Focalizada<\/a><\/p>\n<p><a href=\"https:\/\/transparencia.dpe.gob.ec\/entidades\/1026\" target=\"_blank\" rel=\"noopener\">Transparencia Colaborativa<\/a><\/p>\n\t\t\t\t\t\t\t\t\t\t\t<\/div>\n\t\t\t\t<\/div>\n\t\t\t\t\t\t\t\t\t\t\t\t\t\t<\/div>\n\n\t\t[\/vc_tta_section][vc_tta_section title=\u00bbAGOSTO\u00bb tab_id=\u00bb1742095304796-3857d90a-4bbe\u00bb]\n\t\t<div id=\"wd-\" class=\"wd-accordion wd-wpb  wd-style-default\" data-state=\"first\">\n\t\t\t\t\t\t\t\n\t\t\t\t\n\t\t\t\t<div class=\"wd-accordion-item\">\n\t\t\t\t\t<div class=\"wd-accordion-title wd-active font-primary wd-fontsize-s text-left wd-opener-pos-left wd-font-weight-600\" data-accordion-index=\"0\">\n\t\t\t\t\t\t<div class=\"wd-accordion-title-text\">\n\t\t\t\t\t\t\t\t\t\t\t\t\t\t<span>\n\t\t\t\t\t\t\t\tTRANSPARENCIA\t\t\t\t\t\t\t<\/span>\n\t\t\t\t\t\t<\/div>\n\t\t\t\t\t\t<span class=\"wd-accordion-opener wd-opener-style-arrow\"><\/span>\n\t\t\t\t\t<\/div>\n\n\t\t\t\t\t<div class=\"wd-accordion-content reset-last-child wd-active\" data-accordion-index=\"0\">\n\t\t\t\t\t\t\t\t\t\t\t\t\t<p><a href=\"https:\/\/transparencia.dpe.gob.ec\/entidades\/1026\" target=\"_blank\" rel=\"noopener\">Transparencia\u00a0 Activa<\/a><\/p>\n<p><a href=\"https:\/\/transparencia.dpe.gob.ec\/entidades\/1026\" target=\"_blank\" rel=\"noopener\">Transparencia Focalizada<\/a><\/p>\n<p><a href=\"https:\/\/transparencia.dpe.gob.ec\/entidades\/1026\" target=\"_blank\" rel=\"noopener\">Transparencia Colaborativa<\/a><\/p>\n\t\t\t\t\t\t\t\t\t\t\t<\/div>\n\t\t\t\t<\/div>\n\t\t\t\t\t\t\t\t\t\t\t\t\t\t<\/div>\n\n\t\t[\/vc_tta_section][vc_tta_section title=\u00bbSEPTIEMBRE\u00bb tab_id=\u00bb1742095383924-c24bebad-8eb3&#8243;][\/vc_tta_section][vc_tta_section title=\u00bbOCTUBRE\u00bb tab_id=\u00bb1742095386861-34493a16-81ca\u00bb][\/vc_tta_section][vc_tta_section title=\u00bbNOVIEMBRE\u00bb tab_id=\u00bb1742095419081-245780ff-dbab\u00bb][\/vc_tta_section][vc_tta_section title=\u00bbDICIEMBRE\u00bb tab_id=\u00bb1742095436620-5cd280fb-379a\u00bb][\/vc_tta_section][\/vc_tta_tabs][\/vc_column][vc_column][\/vc_column][\/vc_row]\n<\/div>","protected":false},"excerpt":{"rendered":"<p>[vc_row][vc_column parallax=\u00bbcontent-moving\u00bb parallax_image=\u00bb68&#8243; width=\u00bb1\/2&#8243; woodmart_css_id=\u00bb683a03917905b\u00bb parallax_scroll=\u00bbno\u00bb woodmart_sticky_column=\u00bbfalse\u00bb wd_collapsible_content_switcher=\u00bbno\u00bb wd_column_role_offcanvas_desktop=\u00bbno\u00bb wd_column_role_offcanvas_tablet=\u00bbno\u00bb wd_column_role_offcanvas_mobile=\u00bbno\u00bb wd_column_role_content_desktop=\u00bbno\u00bb wd_column_role_content_tablet=\u00bbno\u00bb wd_column_role_content_mobile=\u00bbno\u00bb mobile_bg_img_hidden=\u00bbno\u00bb tablet_bg_img_hidden=\u00bbno\u00bb woodmart_parallax=\u00bb0&#8243; woodmart_box_shadow=\u00bbno\u00bb responsive_spacing=\u00bbeyJwYXJhbV90eXBlIjoid29vZG1hcnRfcmVzcG9uc2l2ZV9zcGFjaW5nIiwic2VsZWN0b3JfaWQiOiI2ODNhMDM5MTc5MDViIiwic2hvcnRjb2RlIjoidmNfY29sdW1uIiwiZGF0YSI6eyJ0YWJsZXQiOnt9LCJtb2JpbGUiOnt9fX0=\u00bb mobile_reset_margin=\u00bbno\u00bb<\/p>\n","protected":false},"author":18,"featured_media":0,"parent":0,"menu_order":0,"comment_status":"closed","ping_status":"closed","template":"","meta":{"_monsterinsights_skip_tracking":false,"_monsterinsights_sitenote_active":false,"_monsterinsights_sitenote_note":"","_monsterinsights_sitenote_category":0,"_joinchat":[],"footnotes":""},"class_list":["post-33048","page","type-page","status-publish","hentry"],"yoast_head":"<!-- This site is optimized with the Yoast SEO plugin v25.8 - https:\/\/yoast.com\/wordpress\/plugins\/seo\/ -->\n<title>LOTAIP 2025 - Municipio del Cant\u00f3n Shushufindi<\/title>\n<meta name=\"robots\" content=\"index, follow, max-snippet:-1, max-image-preview:large, max-video-preview:-1\" \/>\n<link rel=\"canonical\" href=\"https:\/\/shushufindi.gob.ec\/sitio\/lotaip-2025\/\" \/>\n<meta property=\"og:locale\" content=\"es_ES\" \/>\n<meta property=\"og:type\" content=\"article\" \/>\n<meta property=\"og:title\" content=\"LOTAIP 2025 - Municipio del Cant\u00f3n Shushufindi\" \/>\n<meta property=\"og:description\" content=\"[vc_row][vc_column parallax=\u00bbcontent-moving\u00bb parallax_image=\u00bb68&#8243; width=\u00bb1\/2&#8243; woodmart_css_id=\u00bb683a03917905b\u00bb parallax_scroll=\u00bbno\u00bb woodmart_sticky_column=\u00bbfalse\u00bb wd_collapsible_content_switcher=\u00bbno\u00bb wd_column_role_offcanvas_desktop=\u00bbno\u00bb wd_column_role_offcanvas_tablet=\u00bbno\u00bb wd_column_role_offcanvas_mobile=\u00bbno\u00bb wd_column_role_content_desktop=\u00bbno\u00bb wd_column_role_content_tablet=\u00bbno\u00bb wd_column_role_content_mobile=\u00bbno\u00bb mobile_bg_img_hidden=\u00bbno\u00bb tablet_bg_img_hidden=\u00bbno\u00bb woodmart_parallax=\u00bb0&#8243; woodmart_box_shadow=\u00bbno\u00bb responsive_spacing=\u00bbeyJwYXJhbV90eXBlIjoid29vZG1hcnRfcmVzcG9uc2l2ZV9zcGFjaW5nIiwic2VsZWN0b3JfaWQiOiI2ODNhMDM5MTc5MDViIiwic2hvcnRjb2RlIjoidmNfY29sdW1uIiwiZGF0YSI6eyJ0YWJsZXQiOnt9LCJtb2JpbGUiOnt9fX0=\u00bb mobile_reset_margin=\u00bbno\u00bb\" \/>\n<meta property=\"og:url\" content=\"https:\/\/shushufindi.gob.ec\/sitio\/lotaip-2025\/\" \/>\n<meta property=\"og:site_name\" content=\"Municipio del Cant\u00f3n Shushufindi\" \/>\n<meta property=\"article:modified_time\" content=\"2025-09-16T13:37:10+00:00\" \/>\n<meta name=\"twitter:card\" content=\"summary_large_image\" \/>\n<meta name=\"twitter:label1\" content=\"Tiempo de lectura\" \/>\n\t<meta name=\"twitter:data1\" content=\"2 minutos\" \/>\n<script type=\"application\/ld+json\" class=\"yoast-schema-graph\">{\"@context\":\"https:\/\/schema.org\",\"@graph\":[{\"@type\":\"WebPage\",\"@id\":\"https:\/\/shushufindi.gob.ec\/sitio\/lotaip-2025\/\",\"url\":\"https:\/\/shushufindi.gob.ec\/sitio\/lotaip-2025\/\",\"name\":\"LOTAIP 2025 - Municipio del Cant\u00f3n Shushufindi\",\"isPartOf\":{\"@id\":\"https:\/\/shushufindi.gob.ec\/sitio\/#website\"},\"datePublished\":\"2025-03-16T02:55:46+00:00\",\"dateModified\":\"2025-09-16T13:37:10+00:00\",\"breadcrumb\":{\"@id\":\"https:\/\/shushufindi.gob.ec\/sitio\/lotaip-2025\/#breadcrumb\"},\"inLanguage\":\"es\",\"potentialAction\":[{\"@type\":\"ReadAction\",\"target\":[\"https:\/\/shushufindi.gob.ec\/sitio\/lotaip-2025\/\"]}]},{\"@type\":\"BreadcrumbList\",\"@id\":\"https:\/\/shushufindi.gob.ec\/sitio\/lotaip-2025\/#breadcrumb\",\"itemListElement\":[{\"@type\":\"ListItem\",\"position\":1,\"name\":\"Portada\",\"item\":\"https:\/\/shushufindi.gob.ec\/sitio\/\"},{\"@type\":\"ListItem\",\"position\":2,\"name\":\"LOTAIP 2025\"}]},{\"@type\":\"WebSite\",\"@id\":\"https:\/\/shushufindi.gob.ec\/sitio\/#website\",\"url\":\"https:\/\/shushufindi.gob.ec\/sitio\/\",\"name\":\"Municipio del Cant\u00f3n Shushufindi\",\"description\":\"GAD Municipal\",\"publisher\":{\"@id\":\"https:\/\/shushufindi.gob.ec\/sitio\/#organization\"},\"potentialAction\":[{\"@type\":\"SearchAction\",\"target\":{\"@type\":\"EntryPoint\",\"urlTemplate\":\"https:\/\/shushufindi.gob.ec\/sitio\/?s={search_term_string}\"},\"query-input\":{\"@type\":\"PropertyValueSpecification\",\"valueRequired\":true,\"valueName\":\"search_term_string\"}}],\"inLanguage\":\"es\"},{\"@type\":\"Organization\",\"@id\":\"https:\/\/shushufindi.gob.ec\/sitio\/#organization\",\"name\":\"Municipio del Cant\u00f3n Shushufindi\",\"url\":\"https:\/\/shushufindi.gob.ec\/sitio\/\",\"logo\":{\"@type\":\"ImageObject\",\"inLanguage\":\"es\",\"@id\":\"https:\/\/shushufindi.gob.ec\/sitio\/#\/schema\/logo\/image\/\",\"url\":\"http:\/\/shushufindi.gob.ec\/sitio\/wp-content\/uploads\/2023\/10\/favicon.jpg\",\"contentUrl\":\"http:\/\/shushufindi.gob.ec\/sitio\/wp-content\/uploads\/2023\/10\/favicon.jpg\",\"width\":100,\"height\":97,\"caption\":\"Municipio del Cant\u00f3n Shushufindi\"},\"image\":{\"@id\":\"https:\/\/shushufindi.gob.ec\/sitio\/#\/schema\/logo\/image\/\"}}]}<\/script>\n<!-- \/ Yoast SEO plugin. -->","yoast_head_json":{"title":"LOTAIP 2025 - Municipio del Cant\u00f3n Shushufindi","robots":{"index":"index","follow":"follow","max-snippet":"max-snippet:-1","max-image-preview":"max-image-preview:large","max-video-preview":"max-video-preview:-1"},"canonical":"https:\/\/shushufindi.gob.ec\/sitio\/lotaip-2025\/","og_locale":"es_ES","og_type":"article","og_title":"LOTAIP 2025 - Municipio del Cant\u00f3n Shushufindi","og_description":"[vc_row][vc_column parallax=\u00bbcontent-moving\u00bb parallax_image=\u00bb68&#8243; width=\u00bb1\/2&#8243; woodmart_css_id=\u00bb683a03917905b\u00bb parallax_scroll=\u00bbno\u00bb woodmart_sticky_column=\u00bbfalse\u00bb wd_collapsible_content_switcher=\u00bbno\u00bb wd_column_role_offcanvas_desktop=\u00bbno\u00bb wd_column_role_offcanvas_tablet=\u00bbno\u00bb wd_column_role_offcanvas_mobile=\u00bbno\u00bb wd_column_role_content_desktop=\u00bbno\u00bb wd_column_role_content_tablet=\u00bbno\u00bb wd_column_role_content_mobile=\u00bbno\u00bb mobile_bg_img_hidden=\u00bbno\u00bb tablet_bg_img_hidden=\u00bbno\u00bb woodmart_parallax=\u00bb0&#8243; woodmart_box_shadow=\u00bbno\u00bb responsive_spacing=\u00bbeyJwYXJhbV90eXBlIjoid29vZG1hcnRfcmVzcG9uc2l2ZV9zcGFjaW5nIiwic2VsZWN0b3JfaWQiOiI2ODNhMDM5MTc5MDViIiwic2hvcnRjb2RlIjoidmNfY29sdW1uIiwiZGF0YSI6eyJ0YWJsZXQiOnt9LCJtb2JpbGUiOnt9fX0=\u00bb mobile_reset_margin=\u00bbno\u00bb","og_url":"https:\/\/shushufindi.gob.ec\/sitio\/lotaip-2025\/","og_site_name":"Municipio del Cant\u00f3n Shushufindi","article_modified_time":"2025-09-16T13:37:10+00:00","twitter_card":"summary_large_image","twitter_misc":{"Tiempo de lectura":"2 minutos"},"schema":{"@context":"https:\/\/schema.org","@graph":[{"@type":"WebPage","@id":"https:\/\/shushufindi.gob.ec\/sitio\/lotaip-2025\/","url":"https:\/\/shushufindi.gob.ec\/sitio\/lotaip-2025\/","name":"LOTAIP 2025 - Municipio del Cant\u00f3n Shushufindi","isPartOf":{"@id":"https:\/\/shushufindi.gob.ec\/sitio\/#website"},"datePublished":"2025-03-16T02:55:46+00:00","dateModified":"2025-09-16T13:37:10+00:00","breadcrumb":{"@id":"https:\/\/shushufindi.gob.ec\/sitio\/lotaip-2025\/#breadcrumb"},"inLanguage":"es","potentialAction":[{"@type":"ReadAction","target":["https:\/\/shushufindi.gob.ec\/sitio\/lotaip-2025\/"]}]},{"@type":"BreadcrumbList","@id":"https:\/\/shushufindi.gob.ec\/sitio\/lotaip-2025\/#breadcrumb","itemListElement":[{"@type":"ListItem","position":1,"name":"Portada","item":"https:\/\/shushufindi.gob.ec\/sitio\/"},{"@type":"ListItem","position":2,"name":"LOTAIP 2025"}]},{"@type":"WebSite","@id":"https:\/\/shushufindi.gob.ec\/sitio\/#website","url":"https:\/\/shushufindi.gob.ec\/sitio\/","name":"Municipio del Cant\u00f3n Shushufindi","description":"GAD Municipal","publisher":{"@id":"https:\/\/shushufindi.gob.ec\/sitio\/#organization"},"potentialAction":[{"@type":"SearchAction","target":{"@type":"EntryPoint","urlTemplate":"https:\/\/shushufindi.gob.ec\/sitio\/?s={search_term_string}"},"query-input":{"@type":"PropertyValueSpecification","valueRequired":true,"valueName":"search_term_string"}}],"inLanguage":"es"},{"@type":"Organization","@id":"https:\/\/shushufindi.gob.ec\/sitio\/#organization","name":"Municipio del Cant\u00f3n Shushufindi","url":"https:\/\/shushufindi.gob.ec\/sitio\/","logo":{"@type":"ImageObject","inLanguage":"es","@id":"https:\/\/shushufindi.gob.ec\/sitio\/#\/schema\/logo\/image\/","url":"http:\/\/shushufindi.gob.ec\/sitio\/wp-content\/uploads\/2023\/10\/favicon.jpg","contentUrl":"http:\/\/shushufindi.gob.ec\/sitio\/wp-content\/uploads\/2023\/10\/favicon.jpg","width":100,"height":97,"caption":"Municipio del Cant\u00f3n Shushufindi"},"image":{"@id":"https:\/\/shushufindi.gob.ec\/sitio\/#\/schema\/logo\/image\/"}}]}},"_links":{"self":[{"href":"https:\/\/shushufindi.gob.ec\/sitio\/wp-json\/wp\/v2\/pages\/33048","targetHints":{"allow":["GET"]}}],"collection":[{"href":"https:\/\/shushufindi.gob.ec\/sitio\/wp-json\/wp\/v2\/pages"}],"about":[{"href":"https:\/\/shushufindi.gob.ec\/sitio\/wp-json\/wp\/v2\/types\/page"}],"author":[{"embeddable":true,"href":"https:\/\/shushufindi.gob.ec\/sitio\/wp-json\/wp\/v2\/users\/18"}],"replies":[{"embeddable":true,"href":"https:\/\/shushufindi.gob.ec\/sitio\/wp-json\/wp\/v2\/comments?post=33048"}],"version-history":[{"count":16,"href":"https:\/\/shushufindi.gob.ec\/sitio\/wp-json\/wp\/v2\/pages\/33048\/revisions"}],"predecessor-version":[{"id":34240,"href":"https:\/\/shushufindi.gob.ec\/sitio\/wp-json\/wp\/v2\/pages\/33048\/revisions\/34240"}],"wp:attachment":[{"href":"https:\/\/shushufindi.gob.ec\/sitio\/wp-json\/wp\/v2\/media?parent=33048"}],"curies":[{"name":"wp","href":"https:\/\/api.w.org\/{rel}","templated":true}]}}